{"id":2225,"date":"2022-01-20T09:07:15","date_gmt":"2022-01-20T08:07:15","guid":{"rendered":"https:\/\/niedersachsen-aidshilfe-migration.de\/?page_id=2225"},"modified":"2022-02-27T00:18:41","modified_gmt":"2022-02-26T23:18:41","slug":"sexul-oral","status":"publish","type":"page","link":"https:\/\/niedersachsen-aidshilfe-migration.de\/ro\/sexualitate-si-sanatate\/sexul-oral\/","title":{"rendered":"Sexul oral"},"content":{"rendered":"<p>Exist\u0103 diverse tipuri de sex oral. Contactul dintre gur\u0103 \u0219i penis este deseori numit \u201dsupt\u201d. Contactul dintre gur\u0103 \u0219i vulv\u0103 sau vagin este deseori numit \u201dlins\u201d.<\/p>\n<p>Riscurile unei infec\u021bii cu HIV \u00een timpul sexului oral sunt foarte reduse.<\/p>\n<p>La <strong>supt<\/strong>, prezervativele pot s\u0103 v\u0103 protejeze \u00eempotriva altor infec\u021bii cu transmitere sexual\u0103 (ITS). Pentru a v\u0103 proteja \u00eempotriva HIV, nu e necesar s\u0103 utiliza\u021bi un prezervativ \u00een timp ce suge\u021bi un penis, dac\u0103 sperma nu ajunge \u00een gur\u0103. Penisul trebuie \u00eens\u0103 neap\u0103rat retras la timp din gur\u0103, \u00eenainte de orgasm. \u00cen timpul suptului nu v\u0103 pute\u021bi infecta cu HIV prin pic\u0103turi de pl\u0103cere. Pic\u0103turile de pl\u0103cere se scurg din penis dac\u0103 acesta este excitat. Pic\u0103turile de pl\u0103cere se scurg deja din penis <strong>\u00eenainte<\/strong> de ejaculare.<\/p>\n<p>Dori\u021bi s\u0103 v\u0103 proteja\u021bi \u00eempotriva ITS \u00een timpul <strong>linsului<\/strong>? Pute\u021bi aplica \u0219i rula \u00een acest caz un prezervativ pe dou\u0103 degete, apoi \u00eel t\u0103ia\u021bi pe lateral. Pune\u021bi prezervativul desf\u0103cut ca un \u0219ervet peste vulv\u0103. Dac\u0103 vre\u021bi s\u0103 v\u0103 proteja\u021bi \u00eempotriva HIV \u0219i nu ajunge s\u00e2nge \u00een gur\u0103 \u00een timpul linsului, nu e nevoie de asta. \u0218i dac\u0103 persoana lins\u0103 e la ciclu? Atunci ave\u021bi nevoie de un prezervativ pentru a v\u0103 proteja \u00eempotriva HIV.<\/p>\n","protected":false},"excerpt":{"rendered":"<p>Exist\u0103 diverse tipuri de sex oral. Contactul dintre gur\u0103 \u0219i penis este deseori numit \u201dsupt\u201d. Contactul dintre gur\u0103 \u0219i vulv\u0103 sau vagin este deseori numit \u201dlins\u201d. Riscurile unei infec\u021bii cu HIV \u00een timpul sexului oral sunt foarte reduse. La supt, prezervativele pot s\u0103 v\u0103 protejeze \u00eempotriva altor infec\u021bii cu transmitere sexual\u0103 (ITS). Pentru a v\u0103 [&hellip;]<\/p>\n","protected":false},"author":3,"featured_media":0,"parent":1546,"menu_order":9,"comment_status":"closed","ping_status":"closed","template":"","meta":{"inline_featured_image":false,"_genesis_hide_title":false,"_genesis_hide_breadcrumbs":false,"_genesis_hide_singular_image":false,"_genesis_hide_footer_widgets":false,"_genesis_custom_body_class":"","_genesis_custom_post_class":"","_genesis_layout":"","footnotes":""},"class_list":{"0":"post-2225","1":"page","2":"type-page","3":"status-publish","5":"entry","6":"override"},"_links":{"self":[{"href":"https:\/\/niedersachsen-aidshilfe-migration.de\/ro\/wp-json\/wp\/v2\/pages\/2225","targetHints":{"allow":["GET"]}}],"collection":[{"href":"https:\/\/niedersachsen-aidshilfe-migration.de\/ro\/wp-json\/wp\/v2\/pages"}],"about":[{"href":"https:\/\/niedersachsen-aidshilfe-migration.de\/ro\/wp-json\/wp\/v2\/types\/page"}],"author":[{"embeddable":true,"href":"https:\/\/niedersachsen-aidshilfe-migration.de\/ro\/wp-json\/wp\/v2\/users\/3"}],"replies":[{"embeddable":true,"href":"https:\/\/niedersachsen-aidshilfe-migration.de\/ro\/wp-json\/wp\/v2\/comments?post=2225"}],"version-history":[{"count":0,"href":"https:\/\/niedersachsen-aidshilfe-migration.de\/ro\/wp-json\/wp\/v2\/pages\/2225\/revisions"}],"up":[{"embeddable":true,"href":"https:\/\/niedersachsen-aidshilfe-migration.de\/ro\/wp-json\/wp\/v2\/pages\/1546"}],"wp:attachment":[{"href":"https:\/\/niedersachsen-aidshilfe-migration.de\/ro\/wp-json\/wp\/v2\/media?parent=2225"}],"curies":[{"name":"wp","href":"https:\/\/api.w.org\/{rel}","templated":true}]}}