{"id":2222,"date":"2022-01-20T09:02:53","date_gmt":"2022-01-20T08:02:53","guid":{"rendered":"https:\/\/niedersachsen-aidshilfe-migration.de\/?page_id=2222"},"modified":"2022-02-02T14:05:10","modified_gmt":"2022-02-02T13:05:10","slug":"lubrifiantii","status":"publish","type":"page","link":"https:\/\/niedersachsen-aidshilfe-migration.de\/ro\/sexualitate-si-sanatate\/lubrifiantii\/","title":{"rendered":"Lubrifian\u021bii"},"content":{"rendered":"<p>Dac\u0103 utiliza\u021bi un prezervativ \u00een timp ce face\u021bi sex vaginal sau anal, v\u0103 sf\u0103tuim s\u0103 folosi\u021bi \u0219i lubrifian\u021bi. Rula\u021bi \u00eent\u00e2i prezervativul peste penis. Aplica\u021bi apoi suficient lubrifiant pe penis. A\u0219a, penisul cu prezervativ poate aluneca mai bine. Pentru multe persoane, acest lucru este mai pl\u0103cut. Lubrifian\u021bii protejeaz\u0103 \u0219i prezervativele \u00eempotriva ruperii.<\/p>\n<p>\u0218i pentru unele prezervative vaginale trebuie folosi\u021bi lubrifian\u021bi. Acest lucru este specificat \u00een prospectul produsului.<\/p>\n<p>Lubrifian\u021bii sexuali se g\u0103sesc de obicei \u00een acelea\u0219i magazine ca \u0219i prezervativele.<\/p>\n<p><strong>Aten\u021bie:<\/strong> Lubrifian\u021bii de calitate sunt fabrica\u021bi pe baz\u0103 de ap\u0103 sau de silicon. Produsele pe baz\u0103 de gr\u0103simi pot deteriora prezervativele \u0219i prezervativele vaginale. \u00cen acest caz, ele nu v\u0103 mai protejeaz\u0103 cum trebuie. De aceea, produsele urm\u0103toare <strong>nu<\/strong> trebuie folosite ca lubrifian\u021bi pentru prezervative: uleiul de cocos, uleiul de masaj, uleiul pentru bebelu\u0219i, lo\u021biunile de corp, vaselina, untul sau margarina.<\/p>\n","protected":false},"excerpt":{"rendered":"<p>Dac\u0103 utiliza\u021bi un prezervativ \u00een timp ce face\u021bi sex vaginal sau anal, v\u0103 sf\u0103tuim s\u0103 folosi\u021bi \u0219i lubrifian\u021bi. Rula\u021bi \u00eent\u00e2i prezervativul peste penis. Aplica\u021bi apoi suficient lubrifiant pe penis. A\u0219a, penisul cu prezervativ poate aluneca mai bine. Pentru multe persoane, acest lucru este mai pl\u0103cut. Lubrifian\u021bii protejeaz\u0103 \u0219i prezervativele \u00eempotriva ruperii. \u0218i pentru unele prezervative [&hellip;]<\/p>\n","protected":false},"author":3,"featured_media":0,"parent":1546,"menu_order":8,"comment_status":"closed","ping_status":"closed","template":"","meta":{"inline_featured_image":false,"_genesis_hide_title":false,"_genesis_hide_breadcrumbs":false,"_genesis_hide_singular_image":false,"_genesis_hide_footer_widgets":false,"_genesis_custom_body_class":"","_genesis_custom_post_class":"","_genesis_layout":"","footnotes":""},"class_list":{"0":"post-2222","1":"page","2":"type-page","3":"status-publish","5":"entry","6":"override"},"_links":{"self":[{"href":"https:\/\/niedersachsen-aidshilfe-migration.de\/ro\/wp-json\/wp\/v2\/pages\/2222","targetHints":{"allow":["GET"]}}],"collection":[{"href":"https:\/\/niedersachsen-aidshilfe-migration.de\/ro\/wp-json\/wp\/v2\/pages"}],"about":[{"href":"https:\/\/niedersachsen-aidshilfe-migration.de\/ro\/wp-json\/wp\/v2\/types\/page"}],"author":[{"embeddable":true,"href":"https:\/\/niedersachsen-aidshilfe-migration.de\/ro\/wp-json\/wp\/v2\/users\/3"}],"replies":[{"embeddable":true,"href":"https:\/\/niedersachsen-aidshilfe-migration.de\/ro\/wp-json\/wp\/v2\/comments?post=2222"}],"version-history":[{"count":0,"href":"https:\/\/niedersachsen-aidshilfe-migration.de\/ro\/wp-json\/wp\/v2\/pages\/2222\/revisions"}],"up":[{"embeddable":true,"href":"https:\/\/niedersachsen-aidshilfe-migration.de\/ro\/wp-json\/wp\/v2\/pages\/1546"}],"wp:attachment":[{"href":"https:\/\/niedersachsen-aidshilfe-migration.de\/ro\/wp-json\/wp\/v2\/media?parent=2222"}],"curies":[{"name":"wp","href":"https:\/\/api.w.org\/{rel}","templated":true}]}}