{"id":2218,"date":"2022-01-20T09:00:37","date_gmt":"2022-01-20T08:00:37","guid":{"rendered":"https:\/\/niedersachsen-aidshilfe-migration.de\/?page_id=2218"},"modified":"2022-02-27T00:30:54","modified_gmt":"2022-02-26T23:30:54","slug":"informatii-generale-despre-prezervative-si-prezervative-vaginale","status":"publish","type":"page","link":"https:\/\/niedersachsen-aidshilfe-migration.de\/ro\/sexualitate-si-sanatate\/informatii-generale-despre-prezervative-si-prezervative-vaginale\/","title":{"rendered":"Informa\u021bii generale despre prezervative \u0219i prezervative vaginale"},"content":{"rendered":"<p>Pentru multe persoane, sexualitatea face parte din via\u021ba de zi cu zi. Iar sexualitatea implic\u0103 sentimente precum dragostea, pl\u0103cerea sau siguran\u021ba. Sexualitatea \u00eenseamn\u0103 apropierea fizic\u0103 dintre persoane. A\u0219a se nasc sentimente frumoase, \u00eencredere \u0219i excitare.<\/p>\n<p>Pentru fiecare persoan\u0103, sexualitatea are o alt\u0103 semnifica\u021bie. Sexualitatea este foarte diversificat\u0103 \u0219i variat\u0103. Nu tuturor le place sexul \u00een acela\u0219i mod, dar asta este foarte bine!<\/p>\n<p>Un lucru deosebit de important este urm\u0103torul: sexualitatea trebuie s\u0103 aib\u0103 \u00eentotdeauna loc de bun\u0103 voie \u0219i s\u0103 fie consensual\u0103. Aceasta \u00eenseamn\u0103 c\u0103 toate persoanele implicate trebuie s\u0103 fie de acord cu actele sexuale. \u0218i c\u0103 toate persoanele pot s\u0103 decid\u0103 singure despre propriul lor corp.<\/p>\n<p><strong>Prezervativele \u0219i prezervativele vaginale: <\/strong><\/p>\n<ul>\n<li>protejeaz\u0103 \u00een timpul contactului sexual \u00eempotriva HIV \u0219i SIDA.<\/li>\n<li>pot preveni r\u0103sp\u00e2ndirea infec\u021biilor cu transmitere sexual\u0103 (ITS).<\/li>\n<li>protejeaz\u0103 \u0219i \u00eempotriva unei sarcini sau contra unei paternit\u0103\u021bi nedorite.<\/li>\n<\/ul>\n<p><strong>Prezervativele<\/strong><br \/>\nPrezervativele se pot aplica \u0219i rula pe un penis sau pe o juc\u0103rie sexual\u0103. Prezervativele sunt foarte r\u0103sp\u00e2ndite \u00een Germania \u0219i se utilizeaz\u0103 frecvent.<\/p>\n<p><strong>Prezervativele vaginale<\/strong><br \/>\nPrezervativele vaginale se introduc \u00een vagin. \u00cen Germania, acestea nu sunt foarte r\u0103sp\u00e2ndite. Ele sunt mai scumpe dec\u00e2t prezervativele. Uneori, prezervativele vaginale se g\u0103sesc la farmacie. Pentru informa\u021bii suplimentare adresa\u021bi-v\u0103 serviciilor de combatere a SIDA.<\/p>\n<p>Prezervativele \u0219i prezervativele vaginale \u00eempiedic\u0103 contactul dintre mucoasele persoanelor care fac sex. \u00cen acest mod se evit\u0103 schimbul de lichide corporale \u00een timpul actului sexual. Acest lucru este important, iat\u0103 de ce: prin contactul mucoaselor sau prin schimbul de lichide corporale v\u0103 pute\u021bi infecta cu HIV sau cu ITS. Sau se poate ajunge la o sarcin\u0103 sau la o paternitate nedorit\u0103.<\/p>\n<p>Prezervativele \u0219i prezervativele vaginale v\u0103 protejeaz\u0103 \u00een timpul actului sexual: \u00een rela\u021biile sexuale cu parteneri noi, \u00een raporturile sexuale pe termen lung sau c\u00e2nd face\u021bi sex cu cineva pentru prima oar\u0103. \u00cen special prezervativele sunt foarte sigure. Pute\u021bi s\u0103 exersa\u021bi utilizarea prezervativelor sau a prezervativelor vaginale. Pentru multe persoane, folosirea prezervativelor sau a prezervativelor vaginale este un lucru simplu. A\u0219a, multe persoane se relaxeaz\u0103 mai u\u0219or \u00een timp ce fac sex. Sexul protejat poate fi \u0219i mai pl\u0103cut.<\/p>\n<p>Exist\u0103 <strong>diferite tipuri de materiale<\/strong> pentru prezervative \u0219i prezervative vaginale. Aproape toate sunt f\u0103cute din latex, din nitril (polimer) sau din poliuretan.<\/p>\n<p>Prezervativele \u0219i prezervativele vaginale au pe ambalaj o <strong>dat\u0103 de expirare<\/strong>. Prezervativele expirate nu mai protejeaz\u0103 cum trebuie! Verifica\u021bi deci \u00eenainte s\u0103 face\u021bi sex dac\u0103 prezervativul sau prezervativul vaginal nu \u0219i-a dep\u0103\u0219it termenul de expirare. Controla\u021bi \u0219i dac\u0103 pe ambalaj sunt tip\u0103rite literele <strong>CE<\/strong>. A\u0219a v\u0103 da\u021bi seama dac\u0103 prezervativul sau prezervativul vaginal respectiv a fost testat.<\/p>\n<p><strong>De re\u021binut:<\/strong> dac\u0103 ave\u021bi sex vaginal, utiliza\u021bi <strong>ori<\/strong> un prezervativ, <strong>ori<\/strong> un prezervativ vaginal. Dac\u0103 le utiliza\u021bi pe am\u00e2ndou\u0103, frecarea este prea mare, iar prezervativul sau prezervativul vaginal se poate rupe.<\/p>\n<p><strong>Lubrifian\u021bii<\/strong><\/p>\n<p>Dac\u0103 utiliza\u021bi un prezervativ \u00een timp ce face\u021bi sex vaginal sau anal, v\u0103 sf\u0103tuim s\u0103 folosi\u021bi \u0219i lubrifian\u021bi. Rula\u021bi \u00eent\u00e2i prezervativul peste penis. Aplica\u021bi apoi suficient lubrifiant pe penis. A\u0219a, penisul cu prezervativ poate aluneca mai bine. Pentru multe persoane, acest lucru este mai pl\u0103cut. Lubrifian\u021bii protejeaz\u0103 \u0219i prezervativele \u00eempotriva ruperii.<\/p>\n<p>\u0218i pentru unele prezervative vaginale trebuie folosi\u021bi lubrifian\u021bi. Acest lucru este specificat \u00een prospectul produsului.<\/p>\n<p>Lubrifian\u021bii sexuali se g\u0103sesc de obicei \u00een acelea\u0219i magazine ca \u0219i prezervativele.<\/p>\n<p><strong>Aten\u021bie:<\/strong> Lubrifian\u021bii de calitate sunt fabrica\u021bi pe baz\u0103 de ap\u0103 sau de silicon. Produsele pe baz\u0103 de gr\u0103simi pot deteriora prezervativele \u0219i prezervativele vaginale. \u00cen acest caz, ele nu v\u0103 mai protejeaz\u0103 cum trebuie. De aceea, produsele urm\u0103toare <strong>nu<\/strong> trebuie folosite ca lubrifian\u021bi pentru prezervative: uleiul de cocos, uleiul de masaj, uleiul pentru bebelu\u0219i, lo\u021biunile de corp, vaselina, untul sau margarina.<\/p>\n","protected":false},"excerpt":{"rendered":"<p>Pentru multe persoane, sexualitatea face parte din via\u021ba de zi cu zi. Iar sexualitatea implic\u0103 sentimente precum dragostea, pl\u0103cerea sau siguran\u021ba. Sexualitatea \u00eenseamn\u0103 apropierea fizic\u0103 dintre persoane. A\u0219a se nasc sentimente frumoase, \u00eencredere \u0219i excitare. Pentru fiecare persoan\u0103, sexualitatea are o alt\u0103 semnifica\u021bie. Sexualitatea este foarte diversificat\u0103 \u0219i variat\u0103. Nu tuturor le place sexul \u00een [&hellip;]<\/p>\n","protected":false},"author":3,"featured_media":0,"parent":1546,"menu_order":5,"comment_status":"closed","ping_status":"closed","template":"","meta":{"inline_featured_image":false,"_genesis_hide_title":false,"_genesis_hide_breadcrumbs":false,"_genesis_hide_singular_image":false,"_genesis_hide_footer_widgets":false,"_genesis_custom_body_class":"","_genesis_custom_post_class":"","_genesis_layout":"sidebar-content","footnotes":""},"class_list":{"0":"post-2218","1":"page","2":"type-page","3":"status-publish","5":"entry","6":"override"},"_links":{"self":[{"href":"https:\/\/niedersachsen-aidshilfe-migration.de\/ro\/wp-json\/wp\/v2\/pages\/2218","targetHints":{"allow":["GET"]}}],"collection":[{"href":"https:\/\/niedersachsen-aidshilfe-migration.de\/ro\/wp-json\/wp\/v2\/pages"}],"about":[{"href":"https:\/\/niedersachsen-aidshilfe-migration.de\/ro\/wp-json\/wp\/v2\/types\/page"}],"author":[{"embeddable":true,"href":"https:\/\/niedersachsen-aidshilfe-migration.de\/ro\/wp-json\/wp\/v2\/users\/3"}],"replies":[{"embeddable":true,"href":"https:\/\/niedersachsen-aidshilfe-migration.de\/ro\/wp-json\/wp\/v2\/comments?post=2218"}],"version-history":[{"count":0,"href":"https:\/\/niedersachsen-aidshilfe-migration.de\/ro\/wp-json\/wp\/v2\/pages\/2218\/revisions"}],"up":[{"embeddable":true,"href":"https:\/\/niedersachsen-aidshilfe-migration.de\/ro\/wp-json\/wp\/v2\/pages\/1546"}],"wp:attachment":[{"href":"https:\/\/niedersachsen-aidshilfe-migration.de\/ro\/wp-json\/wp\/v2\/media?parent=2218"}],"curies":[{"name":"wp","href":"https:\/\/api.w.org\/{rel}","templated":true}]}}