{"id":1734,"date":"2022-01-07T19:32:08","date_gmt":"2022-01-07T18:32:08","guid":{"rendered":"https:\/\/niedersachsen-aidshilfe-migration.de\/?page_id=1734"},"modified":"2022-02-02T14:02:21","modified_gmt":"2022-02-02T13:02:21","slug":"instructiuni-de-utilizare-a-prezervativului","status":"publish","type":"page","link":"https:\/\/niedersachsen-aidshilfe-migration.de\/ro\/sexualitate-si-sanatate\/instructiuni-de-utilizare-a-prezervativului\/","title":{"rendered":"Instruc\u021biuni de utilizare a prezervativului"},"content":{"rendered":"<p>Prezervativele se pot aplica \u0219i rula pe un penis sau pe o juc\u0103rie sexual\u0103. Prezervativele sunt foarte r\u0103sp\u00e2ndite \u00een Germania \u0219i se utilizeaz\u0103 frecvent.<\/p>\n<p><strong>De re\u021binut:<\/strong> rula\u021bi prezervativul peste penis, \u00eenainte ca acesta s\u0103 ating\u0103 un vagin, un fund sau un alt penis. Pute\u021bi utiliza prezervativul c\u00e2nd penisul este rigid.<\/p>\n<hr \/>\n<h3>1.<\/h3>\n<p><img loading=\"lazy\" decoding=\"async\" class=\"wp-image-1758 size-medium alignnone\" src=\"https:\/\/niedersachsen-aidshilfe-migration.de\/wp-content\/uploads\/2022\/01\/Kondom-Pikto_1_2020-300x300.png\" alt=\"Kondom \u00f6ffnen\" width=\"300\" height=\"300\" srcset=\"https:\/\/niedersachsen-aidshilfe-migration.de\/wp-content\/uploads\/2022\/01\/Kondom-Pikto_1_2020-300x300.png 300w, https:\/\/niedersachsen-aidshilfe-migration.de\/wp-content\/uploads\/2022\/01\/Kondom-Pikto_1_2020-150x150.png 150w, https:\/\/niedersachsen-aidshilfe-migration.de\/wp-content\/uploads\/2022\/01\/Kondom-Pikto_1_2020.png 528w\" sizes=\"auto, (max-width: 300px) 100vw, 300px\" \/><\/p>\n<p>Desface\u021bi cu aten\u021bie ambalajul pe partea perforat\u0103. Nu utiliza\u021bi obiecte ascu\u021bite cum ar fi cu\u021bite sau foarfeci. Nu folosi\u021bi nici din\u021bii! Scoate\u021bi prezervativul din ambalaj utiliz\u00e2nd cel mai bine degetul mare \u0219i cel ar\u0103t\u0103tor. Apuca\u021bi prezervativul \u021bin\u00e2ndu-l de inel.<\/p>\n<p><strong>Aten\u021bie:<\/strong>\u00a0unghiile ascu\u021bite pot deteriora prezervativul. Nu purta\u021bi bijuterii pe degete sau la \u00eencheieturile m\u00e2inilor. C\u00e2nd face\u021bi sex utiliz\u00e2nd un prezervativ, nu e voie s\u0103 purta\u021bi bijuterii la vulv\u0103, la fund sau pe penis. Altfel, prezervativul poate s\u0103 se rup\u0103.<\/p>\n<hr \/>\n<h3>2.<\/h3>\n<p><img loading=\"lazy\" decoding=\"async\" class=\"alignnone size-medium wp-image-1766\" src=\"https:\/\/niedersachsen-aidshilfe-migration.de\/wp-content\/uploads\/2022\/01\/Kondom-Pikto_2_2020-300x300.png\" alt=\"Kondom ansetzen\" width=\"300\" height=\"300\" srcset=\"https:\/\/niedersachsen-aidshilfe-migration.de\/wp-content\/uploads\/2022\/01\/Kondom-Pikto_2_2020-300x300.png 300w, https:\/\/niedersachsen-aidshilfe-migration.de\/wp-content\/uploads\/2022\/01\/Kondom-Pikto_2_2020-150x150.png 150w, https:\/\/niedersachsen-aidshilfe-migration.de\/wp-content\/uploads\/2022\/01\/Kondom-Pikto_2_2020.png 528w\" sizes=\"auto, (max-width: 300px) 100vw, 300px\" \/><\/p>\n<p>Str\u00e2nge\u021bi cu aten\u021bie v\u00e2rful prezervativului cu degetul mare \u0219i cel ar\u0103t\u0103tor. V\u00e2rful acesta se nume\u0219te rezervor.<\/p>\n<p>Are penisul un prepu\u021b? Dac\u0103 da, trage\u021bi acum cu m\u00e2na cealalt\u0103 pielea \u00eenapoi. A\u0219eza\u021bi prezervativul pe v\u00e2rful penisului. V\u00e2rful se nume\u0219te gland.<\/p>\n<hr \/>\n<h3>3.<\/h3>\n<p><img loading=\"lazy\" decoding=\"async\" class=\"alignnone size-medium wp-image-1774\" src=\"https:\/\/niedersachsen-aidshilfe-migration.de\/wp-content\/uploads\/2022\/01\/Kondom-Pikto_3_2020-300x300.png\" alt=\"Kondom \u00fcberstreifen\" width=\"300\" height=\"300\" srcset=\"https:\/\/niedersachsen-aidshilfe-migration.de\/wp-content\/uploads\/2022\/01\/Kondom-Pikto_3_2020-300x300.png 300w, https:\/\/niedersachsen-aidshilfe-migration.de\/wp-content\/uploads\/2022\/01\/Kondom-Pikto_3_2020-150x150.png 150w, https:\/\/niedersachsen-aidshilfe-migration.de\/wp-content\/uploads\/2022\/01\/Kondom-Pikto_3_2020.png 528w\" sizes=\"auto, (max-width: 300px) 100vw, 300px\" \/><\/p>\n<p>Str\u00e2nge\u021bi \u00een continuare rezervorul \u00eentre degete. Acest lucru este important, pentru a elimina aerul. \u00cen acela\u0219i timp, rula\u021bi prezervativul peste penis cu cealalt\u0103 m\u00e2n\u0103. Inelul prezervativului trebuie s\u0103 fie \u00een exterior. Rula\u021bi complet prezervativul peste penis. Prezervativul nu se poate rula cu u\u0219urin\u021b\u0103? Atunci poate c\u0103 l-a\u021bi a\u0219ezat pe dos.<\/p>\n<p><strong>De re\u021binut:<\/strong> nu \u00eentoace\u021bi pur \u0219i simplu prezervativul pe partea cealalt\u0103! Poate c\u0103 prezervativul e contaminat deja cu lichide corporale. Aceste lichide corporale sunt pe partea exterioar\u0103, dac\u0103 \u00eentoarce\u021bi prezervativul invers. \u00cen acest caz, cealalt\u0103 persoan\u0103 nu este protejat\u0103 \u00een mod corect. Folosi\u021bi de aceea un prezervativ nou.<\/p>\n<hr \/>\n<h3>4.<\/h3>\n<p>Nu utiliza\u021bi niciodat\u0103 dou\u0103 prezervative unul peste altul. Altfel, prezervativele se vor freca unul de altul \u0219i se pot rupe cu u\u0219urin\u021b\u0103 sau pot aluneca. Un singur prezervativ protejeaz\u0103 bine, dac\u0103 \u00eel folosi\u021bi corect.<\/p>\n<hr \/>\n<h3>5.<\/h3>\n<p>Prezervativele se g\u0103sesc pe m\u0103rimi diferite. E important ca prezervativul s\u0103 aib\u0103 m\u0103rimea care trebuie. Acesta nu trebuie s\u0103 fie nici prea larg \u0219i nici prea str\u00e2mt. Altfel, nici dumneavoastr\u0103 nici cealalt\u0103 persoan\u0103 nu sunteti protejate cum trebuie. De obicei, m\u0103rimea standard se potrive\u0219te bine. Pentru penisuri mai groase exist\u0103 prezervative mai largi. Pentru penisuri mai sub\u021biri, exist\u0103 prezervative mai \u00eenguste.<\/p>\n<hr \/>\n<h3>6.<\/h3>\n<p>Uneori, penisul devine din nou moale \u00een timp ce rula\u021bi prezervativul peste el. Lucrul acesta nu e grav. \u00cens\u0103 a\u0219a nu sunte\u021bi proteja\u021bi dac\u0103 face\u021bi sex vaginal sau anal. Pentru a face sex protejat, penisul trebuie s\u0103 fie erect. C\u00e2teodat\u0103 ajut\u0103 dac\u0103 persoana cu penisul exerseaz\u0103 \u00eent\u00e2i singur\u0103 rularea prezervativului.<\/p>\n<p><strong>De re\u021binut:<\/strong> nu v\u0103 stresa\u021bi nici pe dumneavoastr\u0103, nici cealalt\u0103 persoan\u0103. Dac\u0103 ave\u021bi r\u0103bdare \u0219i v\u0103 distra\u021bi, ve\u021bi putea utiliza prezervativul cu mai mult\u0103 u\u0219urin\u021b\u0103.<\/p>\n<hr \/>\n<h3>7.<\/h3>\n<p><img loading=\"lazy\" decoding=\"async\" class=\"alignnone size-medium wp-image-1782\" src=\"https:\/\/niedersachsen-aidshilfe-migration.de\/wp-content\/uploads\/2022\/01\/Kondom-Pikto_4_2021-300x300.png\" alt=\"Gleitmittel verwenden\" width=\"300\" height=\"300\" srcset=\"https:\/\/niedersachsen-aidshilfe-migration.de\/wp-content\/uploads\/2022\/01\/Kondom-Pikto_4_2021-300x300.png 300w, https:\/\/niedersachsen-aidshilfe-migration.de\/wp-content\/uploads\/2022\/01\/Kondom-Pikto_4_2021-150x150.png 150w, https:\/\/niedersachsen-aidshilfe-migration.de\/wp-content\/uploads\/2022\/01\/Kondom-Pikto_4_2021.png 528w\" sizes=\"auto, (max-width: 300px) 100vw, 300px\" \/><\/p>\n<p>Dac\u0103 utiliza\u021bi un prezervativ \u00een timp ce face\u021bi sex vaginal sau anal, v\u0103 sf\u0103tuim s\u0103 folosi\u021bi \u0219i lubrifian\u021bi.<\/p>\n<p>&nbsp;<\/p>\n<p>Rula\u021bi \u00eent\u00e2i prezervativul peste penis. Aplica\u021bi apoi suficient lubrifiant pe penis. A\u0219a, penisul cu prezervativ poate aluneca mai bine. Pentru multe persoane, acest lucru este mai pl\u0103cut. Lubrifian\u021bii protejeaz\u0103 \u0219i prezervativele \u00eempotriva ruperii.<\/p>\n<hr \/>\n<h3>8.<\/h3>\n<p><img loading=\"lazy\" decoding=\"async\" class=\"alignnone size-medium wp-image-1790\" src=\"https:\/\/niedersachsen-aidshilfe-migration.de\/wp-content\/uploads\/2022\/01\/Kondom-Pikto_5_2020-300x300.png\" alt=\"Kondom Verwendung\" width=\"300\" height=\"300\" srcset=\"https:\/\/niedersachsen-aidshilfe-migration.de\/wp-content\/uploads\/2022\/01\/Kondom-Pikto_5_2020-300x300.png 300w, https:\/\/niedersachsen-aidshilfe-migration.de\/wp-content\/uploads\/2022\/01\/Kondom-Pikto_5_2020-150x150.png 150w, https:\/\/niedersachsen-aidshilfe-migration.de\/wp-content\/uploads\/2022\/01\/Kondom-Pikto_5_2020.png 528w\" sizes=\"auto, (max-width: 300px) 100vw, 300px\" \/><\/p>\n<p>Verifica\u021bi din c\u00e2nd \u00een c\u00e2nd \u00een timpul actului sexual dac\u0103 prezervativul st\u0103 bine pe penis. C\u00e2teodat\u0103, prezervativul alunec\u0103 pu\u021bin. Ce face\u021bi dac\u0103 prezervativul a alunecat prea mult de pe penis? \u00cen acest caz, trebuie s\u0103 retrage\u021bi cu aten\u021bie penisul din vagin. \u021aine\u021bi prezervativul bine la baza penisului. Dac\u0103 dori\u021bi, pute\u021bi \u00eencerca din nou cu un prezervativ nou.<\/p>\n<p>Dori\u021bi poate s\u0103 trece\u021bi \u00eempreun\u0103 cu cealalt\u0103 persoan\u0103 de la sexul vaginal la cel anal sau invers? Atunci trebuie s\u0103 schimba\u021bi \u00eent\u00e2i prezervativul. Face\u021bi sex cu mai multe persoane \u00een acela\u0219i timp? Atunci trebuie s\u0103 folosi\u021bi un prezervativ nou cu fiecare persoan\u0103.<\/p>\n<hr \/>\n<h3>9.<\/h3>\n<p><img loading=\"lazy\" decoding=\"async\" class=\"alignnone size-medium wp-image-1798\" src=\"https:\/\/niedersachsen-aidshilfe-migration.de\/wp-content\/uploads\/2022\/01\/Kondom-Pikto_6_2020-300x300.png\" alt=\"Kondom festhalten\" width=\"300\" height=\"300\" srcset=\"https:\/\/niedersachsen-aidshilfe-migration.de\/wp-content\/uploads\/2022\/01\/Kondom-Pikto_6_2020-300x300.png 300w, https:\/\/niedersachsen-aidshilfe-migration.de\/wp-content\/uploads\/2022\/01\/Kondom-Pikto_6_2020-150x150.png 150w, https:\/\/niedersachsen-aidshilfe-migration.de\/wp-content\/uploads\/2022\/01\/Kondom-Pikto_6_2020.png 528w\" sizes=\"auto, (max-width: 300px) 100vw, 300px\" \/><\/p>\n<p>Persoana cu penis a ejaculat? Adic\u0103 persoana a ajuns la \u201epunctul culminant\u201d? Atunci retrage\u021bi cu aten\u021bie penisul din vagin sau din fund. Dac\u0103 penisul devine moale \u00eenainte de a-l retrage, scoate\u021bi-l de asemenea afar\u0103.<\/p>\n<p>\u00cen timp ce retrage\u021bi penisul, \u021bine\u021bi prezervativul bine la baza acestuia. Cel mai bine \u021bine\u021bi cu m\u00e2na inelul prezervativului. A\u0219a, prezervativul nu alunec\u0103 de pe penis \u00een timp ce \u00eel retrage\u021bi.<\/p>\n<hr \/>\n<h3>10.<\/h3>\n<p><img loading=\"lazy\" decoding=\"async\" class=\"alignnone size-medium wp-image-1806\" src=\"https:\/\/niedersachsen-aidshilfe-migration.de\/wp-content\/uploads\/2022\/01\/Kondom-Pikto_7_2020-300x300.png\" alt=\"Kondom nur einmal benutzen\" width=\"300\" height=\"300\" srcset=\"https:\/\/niedersachsen-aidshilfe-migration.de\/wp-content\/uploads\/2022\/01\/Kondom-Pikto_7_2020-300x300.png 300w, https:\/\/niedersachsen-aidshilfe-migration.de\/wp-content\/uploads\/2022\/01\/Kondom-Pikto_7_2020-150x150.png 150w, https:\/\/niedersachsen-aidshilfe-migration.de\/wp-content\/uploads\/2022\/01\/Kondom-Pikto_7_2020.png 528w\" sizes=\"auto, (max-width: 300px) 100vw, 300px\" \/><\/p>\n<p>\u00cenl\u0103tura\u021bi cu aten\u021bie prezervativul de pe penis. Arunca\u021bi \u00eentotdeauna prezervativul la co\u0219ul de gunoi. Nu \u00eel arunca\u021bi \u00een toalet\u0103. Prezervativul este de unic\u0103 folosin\u021b\u0103.<\/p>\n<p><strong>De re\u021binut:<\/strong> dac\u0103 face\u021bi sex vaginal, utiliza\u021bi <strong>ori<\/strong> un prezervativ, <strong>ori<\/strong> un prezervativ vaginal. Dac\u0103 le utiliza\u021bi pe am\u00e2ndou\u0103, frecarea este prea mare, iar prezervativul sau prezervativul vaginal se poate rupe.<\/p>\n","protected":false},"excerpt":{"rendered":"<p>Prezervativele se pot aplica \u0219i rula pe un penis sau pe o juc\u0103rie sexual\u0103. Prezervativele sunt foarte r\u0103sp\u00e2ndite \u00een Germania \u0219i se utilizeaz\u0103 frecvent. De re\u021binut: rula\u021bi prezervativul peste penis, \u00eenainte ca acesta s\u0103 ating\u0103 un vagin, un fund sau un alt penis. Pute\u021bi utiliza prezervativul c\u00e2nd penisul este rigid. 1. Desface\u021bi cu aten\u021bie ambalajul [&hellip;]<\/p>\n","protected":false},"author":3,"featured_media":0,"parent":1546,"menu_order":6,"comment_status":"closed","ping_status":"closed","template":"","meta":{"inline_featured_image":false,"_genesis_hide_title":false,"_genesis_hide_breadcrumbs":false,"_genesis_hide_singular_image":false,"_genesis_hide_footer_widgets":false,"_genesis_custom_body_class":"","_genesis_custom_post_class":"","_genesis_layout":"","footnotes":""},"class_list":{"0":"post-1734","1":"page","2":"type-page","3":"status-publish","5":"entry","6":"override"},"_links":{"self":[{"href":"https:\/\/niedersachsen-aidshilfe-migration.de\/ro\/wp-json\/wp\/v2\/pages\/1734","targetHints":{"allow":["GET"]}}],"collection":[{"href":"https:\/\/niedersachsen-aidshilfe-migration.de\/ro\/wp-json\/wp\/v2\/pages"}],"about":[{"href":"https:\/\/niedersachsen-aidshilfe-migration.de\/ro\/wp-json\/wp\/v2\/types\/page"}],"author":[{"embeddable":true,"href":"https:\/\/niedersachsen-aidshilfe-migration.de\/ro\/wp-json\/wp\/v2\/users\/3"}],"replies":[{"embeddable":true,"href":"https:\/\/niedersachsen-aidshilfe-migration.de\/ro\/wp-json\/wp\/v2\/comments?post=1734"}],"version-history":[{"count":0,"href":"https:\/\/niedersachsen-aidshilfe-migration.de\/ro\/wp-json\/wp\/v2\/pages\/1734\/revisions"}],"up":[{"embeddable":true,"href":"https:\/\/niedersachsen-aidshilfe-migration.de\/ro\/wp-json\/wp\/v2\/pages\/1546"}],"wp:attachment":[{"href":"https:\/\/niedersachsen-aidshilfe-migration.de\/ro\/wp-json\/wp\/v2\/media?parent=1734"}],"curies":[{"name":"wp","href":"https:\/\/api.w.org\/{rel}","templated":true}]}}