{"id":1532,"date":"2022-01-07T14:01:19","date_gmt":"2022-01-07T13:01:19","guid":{"rendered":"https:\/\/niedersachsen-aidshilfe-migration.de\/?page_id=1532"},"modified":"2023-02-23T16:59:30","modified_gmt":"2023-02-23T15:59:30","slug":"infectii-cu-transmitere-sexuala-its","status":"publish","type":"page","link":"https:\/\/niedersachsen-aidshilfe-migration.de\/ro\/infectii-cu-transmitere-sexuala-its\/","title":{"rendered":"Infec\u021bii cu transmitere sexual\u0103 (ITS)"},"content":{"rendered":"<p>Nu numai HIV, ci \u0219i alte infec\u021bii cu transmitere sexual\u0103 (ITS) pot d\u0103una s\u0103n\u0103t\u0103\u021bii dumneavoastr\u0103. ITS se mai numesc \u0219i \u201eboli venerice\u201d. Din acestea fac parte, spre exemplu, chlamydia, gonoreea \u0219i sifilisul.<\/p>\n<p><strong>Infectarea cu o ITS este posibil\u0103 prin multe practici sexuale. Prezervativele \u0219i prezervativele vaginale nu ofer\u0103, din p\u0103cate, o protec\u021bie deplin\u0103 \u00eempotriva ITS.<\/strong><\/p>\n<p>Iat\u0103 de ce este important\u0103 depistarea ITS: \u00een cele mai multe cazuri, ITS pot fi tratate cu succes cu medicamente (antibiotice). F\u0103r\u0103 tratament medicamentos, ITS pot avea \u00eens\u0103 urm\u0103ri grave asupra s\u0103n\u0103t\u0103\u021bii.<\/p>\n<p>Uneori, ITS sunt invizibile \u0219i nu exist\u0103 simptome de boal\u0103. Iar alteori ITS produc modific\u0103ri \u00een corp sau disconfort.<\/p>\n<p><strong>ITS pot avea, de exemplu, simptomele urm\u0103toare:<\/strong><\/p>\n<ul>\n<li>scurgeri din penis, din vagin sau din anus (fund)<\/li>\n<li>m\u00e2nc\u0103rime la penis, la vulv\u0103 (vagin) sau la anus (fund)<\/li>\n<li>usturime sau dureri la urinare<\/li>\n<li>modificarea culorii la urin\u0103 sau la scaun<\/li>\n<li>dureri sau inflama\u021bii la organele genitale<\/li>\n<li>ulcere, bubi\u021be, noduli sau negi<\/li>\n<\/ul>\n<p>la organele genitale, \u00een sau la gur\u0103, \u00een sau la anus (fund) sau la alte p\u0103r\u021bi ale corpului<\/p>\n<ul>\n<li>\u00eenro\u0219iri sau pl\u0103ci albicioase sau g\u0103lbui \u00een gur\u0103, la organele genitale sau la anus (fund)<\/li>\n<\/ul>\n<p>Fi\u021bi aten\u021bi\/atente dac\u0103 vede\u021bi pete ie\u0219ite din comun la persoanele cu care face\u021bi sex. Nu atinge\u021bi aceste pete. Cealalt\u0103 persoan\u0103 trebuie s\u0103 mearg\u0103 la un control medical. Poate c\u0103 persoana are nevoie \u0219i de tratament. Cel mai bine este s\u0103 nu face\u021bi sex cu aceast\u0103 persoan\u0103 \u00een perioada respectiv\u0103.<\/p>\n<p>Fi\u021bi aten\u021bi\/atente la astfel de schimb\u0103ri \u0219i \u00een propriul corp. A\u021bi descoperit pe pielea dumneavoastr\u0103 ni\u0219te pete ie\u0219ite din comun? Sau suferi\u021bi de disconfort sau ave\u021bi simptome u\u0219oare? Atunci merge\u021bi la un control medical. \u00cen caz c\u0103 v-a\u021bi \u00eemboln\u0103vit ave\u021bi nevoie de medicamentele potrivite. Renun\u021ba\u021bi la sex p\u00e2n\u0103 la \u00eencheierea tratamentului.<\/p>\n<p><strong>La nimeni nu trebuie s\u0103-i fie ru\u0219ine dac\u0103 s-a infectat cu ITS. Multor persoane li se \u00eent\u00e2mpl\u0103 acest lucru pe parcursul vie\u021bii. Important este ca ITS s\u0103 fie depistate \u0219i tratate.<\/strong><\/p>\n<p>Ave\u021bi rela\u021bii sexuale cu mai mul\u021bi parteneri? Dac\u0103 da, atunci ar trebui s\u0103 v\u0103 testa\u021bi o dat\u0103 pe an pentru ITS. \u00cempotriva hepatitei A \u0219i hepatitei B v\u0103 pute\u021bi vaccina.<\/p>\n<p>Informa\u021bii mai multe \u0219i consiliere ob\u021bine\u021bi <a href=\"https:\/\/niedersachsen-aidshilfe-migration.de\/ro\/servicii-de-combatere-a-sida-din-saxonia-inferioara\/\">la serviciile de combatere a SIDA din zona dumneavoastr\u0103<\/a>. Nu sunte\u021bi obligat(\u0103) s\u0103 spune\u021bi cum v\u0103 numi\u021bi.<\/p>\n<p>&nbsp;<\/p>\n<p>Aici g\u0103si\u021bi mai multe informa\u021bii despre ITS \u00een diferite limbi, \u0219i \u00een limba rom\u00e2n\u0103:<\/p>\n<p><a href=\"http:\/\/www.zanzu.de\" target=\"_blank\" rel=\"noopener\">http:\/\/www.zanzu.de<\/a><\/p>\n<p>Aici g\u0103si\u021bi mai multe informa\u021bii despre ITS \u00een limbaj u\u0219or, \u00een limba german\u0103:<\/p>\n<p><a href=\"https:\/\/www.aidshilfe.de\/shop\/pdf\/12491\" target=\"_blank\" rel=\"noopener\">https:\/\/www.aidshilfe.de\/shop\/pdf\/12491<\/a><\/p>\n<p><a href=\"https:\/\/www.liebesleben.de\/leichte-sprache\/sexuell-uebertragbare-krankheiten\/\" target=\"_blank\" rel=\"noopener\">https:\/\/www.liebesleben.de\/leichte-sprache\/sexuell-uebertragbare-krankheiten\/<\/a><\/p>\n<p>Aici g\u0103si\u021bi mai multe informa\u021bii despre ITS \u00een limbaj cotidian, \u00een limba german\u0103:<\/p>\n<p><a href=\"https:\/\/www.aidshilfe.de\/geschlechtskrankheiten\" target=\"_blank\" rel=\"noopener\">https:\/\/www.aidshilfe.de\/geschlechtskrankheiten<\/a><\/p>\n","protected":false},"excerpt":{"rendered":"<p>Nu numai HIV, ci \u0219i alte infec\u021bii cu transmitere sexual\u0103 (ITS) pot d\u0103una s\u0103n\u0103t\u0103\u021bii dumneavoastr\u0103. ITS se mai numesc \u0219i \u201eboli venerice\u201d. Din acestea fac parte, spre exemplu, chlamydia, gonoreea \u0219i sifilisul. Infectarea cu o ITS este posibil\u0103 prin multe practici sexuale. Prezervativele \u0219i prezervativele vaginale nu ofer\u0103, din p\u0103cate, o protec\u021bie deplin\u0103 \u00eempotriva ITS. [&hellip;]<\/p>\n","protected":false},"author":3,"featured_media":0,"parent":0,"menu_order":178,"comment_status":"closed","ping_status":"closed","template":"","meta":{"inline_featured_image":false,"_genesis_hide_title":false,"_genesis_hide_breadcrumbs":false,"_genesis_hide_singular_image":false,"_genesis_hide_footer_widgets":false,"_genesis_custom_body_class":"","_genesis_custom_post_class":"","_genesis_layout":"","footnotes":""},"class_list":{"0":"post-1532","1":"page","2":"type-page","3":"status-publish","5":"entry","6":"override"},"_links":{"self":[{"href":"https:\/\/niedersachsen-aidshilfe-migration.de\/ro\/wp-json\/wp\/v2\/pages\/1532","targetHints":{"allow":["GET"]}}],"collection":[{"href":"https:\/\/niedersachsen-aidshilfe-migration.de\/ro\/wp-json\/wp\/v2\/pages"}],"about":[{"href":"https:\/\/niedersachsen-aidshilfe-migration.de\/ro\/wp-json\/wp\/v2\/types\/page"}],"author":[{"embeddable":true,"href":"https:\/\/niedersachsen-aidshilfe-migration.de\/ro\/wp-json\/wp\/v2\/users\/3"}],"replies":[{"embeddable":true,"href":"https:\/\/niedersachsen-aidshilfe-migration.de\/ro\/wp-json\/wp\/v2\/comments?post=1532"}],"version-history":[{"count":0,"href":"https:\/\/niedersachsen-aidshilfe-migration.de\/ro\/wp-json\/wp\/v2\/pages\/1532\/revisions"}],"wp:attachment":[{"href":"https:\/\/niedersachsen-aidshilfe-migration.de\/ro\/wp-json\/wp\/v2\/media?parent=1532"}],"curies":[{"name":"wp","href":"https:\/\/api.w.org\/{rel}","templated":true}]}}