{"id":1528,"date":"2022-01-07T13:59:39","date_gmt":"2022-01-07T12:59:39","guid":{"rendered":"https:\/\/niedersachsen-aidshilfe-migration.de\/?page_id=1528"},"modified":"2022-02-02T14:15:21","modified_gmt":"2022-02-02T13:15:21","slug":"hiv-si-sarcina","status":"publish","type":"page","link":"https:\/\/niedersachsen-aidshilfe-migration.de\/ro\/viata-cu-hiv\/hiv-si-sarcina\/","title":{"rendered":"HIV \u0219i sarcina"},"content":{"rendered":"<p>Persoanele infectate cu HIV pot s\u0103 aib\u0103 copii s\u0103n\u0103to\u0219i. Ele pot na\u0219te copiii pe cale natural\u0103, cu condi\u021bia s\u0103 beneficieze de un tratament eficace \u00eempotriva HIV. Medicamentele \u00eempotriva HIV protejeaz\u0103 copilul \u00een timpul sarcinii \u0219i la na\u0219tere. Important\u0103 este consilierea \u0219i asisten\u021ba medical\u0103 sus\u021binut\u0103.<\/p>\n<p>F\u0103r\u0103 medicamente \u00eempotriva HIV, copilul poate s\u0103 se infecteze \u00een timpul sarcinii, la na\u0219tere sau la al\u0103ptare.<\/p>\n<p><u>Serviciile de combatere a SIDA din zona dumneavoastr\u0103<\/u> v\u0103 consiliaz\u0103 cu pl\u0103cere. Serviciile de combatere a SIDA v\u0103 ofer\u0103 asisten\u021b\u0103 \u00eenainte \u0219i dup\u0103 na\u0219tere.<\/p>\n<p>Aici g\u0103si\u021bi mai multe informa\u021bii despre HIV, dorin\u021ba de a avea copii \u0219i sarcin\u0103 \u00een diferite limbi, \u0219i \u00een limba rom\u00e2n\u0103:<\/p>\n<p>xxx<\/p>\n<p>Aici g\u0103si\u021bi mai multe informa\u021bii despre HIV, dorin\u021ba de a avea copii \u0219i sarcin\u0103 \u00een limbaj u\u0219or, \u00een limba german\u0103:<\/p>\n<p>xxx<\/p>\n<p>Aici g\u0103si\u021bi mai multe informa\u021bii despre HIV, dorin\u021ba de a avea copii \u0219i sarcin\u0103 \u00een limbaj cotidian, \u00een limba german\u0103:<\/p>\n<p><a href=\"https:\/\/www.aidshilfe.de\/kinderwunsch\">https:\/\/www.aidshilfe.de\/kinderwunsch<\/a><\/p>\n","protected":false},"excerpt":{"rendered":"<p>Persoanele infectate cu HIV pot s\u0103 aib\u0103 copii s\u0103n\u0103to\u0219i. Ele pot na\u0219te copiii pe cale natural\u0103, cu condi\u021bia s\u0103 beneficieze de un tratament eficace \u00eempotriva HIV. Medicamentele \u00eempotriva HIV protejeaz\u0103 copilul \u00een timpul sarcinii \u0219i la na\u0219tere. Important\u0103 este consilierea \u0219i asisten\u021ba medical\u0103 sus\u021binut\u0103. F\u0103r\u0103 medicamente \u00eempotriva HIV, copilul poate s\u0103 se infecteze \u00een timpul [&hellip;]<\/p>\n","protected":false},"author":3,"featured_media":0,"parent":1516,"menu_order":67,"comment_status":"closed","ping_status":"closed","template":"","meta":{"inline_featured_image":false,"_genesis_hide_title":false,"_genesis_hide_breadcrumbs":false,"_genesis_hide_singular_image":false,"_genesis_hide_footer_widgets":false,"_genesis_custom_body_class":"","_genesis_custom_post_class":"","_genesis_layout":"","footnotes":""},"class_list":{"0":"post-1528","1":"page","2":"type-page","3":"status-publish","5":"entry","6":"override"},"_links":{"self":[{"href":"https:\/\/niedersachsen-aidshilfe-migration.de\/ro\/wp-json\/wp\/v2\/pages\/1528","targetHints":{"allow":["GET"]}}],"collection":[{"href":"https:\/\/niedersachsen-aidshilfe-migration.de\/ro\/wp-json\/wp\/v2\/pages"}],"about":[{"href":"https:\/\/niedersachsen-aidshilfe-migration.de\/ro\/wp-json\/wp\/v2\/types\/page"}],"author":[{"embeddable":true,"href":"https:\/\/niedersachsen-aidshilfe-migration.de\/ro\/wp-json\/wp\/v2\/users\/3"}],"replies":[{"embeddable":true,"href":"https:\/\/niedersachsen-aidshilfe-migration.de\/ro\/wp-json\/wp\/v2\/comments?post=1528"}],"version-history":[{"count":0,"href":"https:\/\/niedersachsen-aidshilfe-migration.de\/ro\/wp-json\/wp\/v2\/pages\/1528\/revisions"}],"up":[{"embeddable":true,"href":"https:\/\/niedersachsen-aidshilfe-migration.de\/ro\/wp-json\/wp\/v2\/pages\/1516"}],"wp:attachment":[{"href":"https:\/\/niedersachsen-aidshilfe-migration.de\/ro\/wp-json\/wp\/v2\/media?parent=1528"}],"curies":[{"name":"wp","href":"https:\/\/api.w.org\/{rel}","templated":true}]}}