{"id":1526,"date":"2022-01-07T13:58:50","date_gmt":"2022-01-07T12:58:50","guid":{"rendered":"https:\/\/niedersachsen-aidshilfe-migration.de\/?page_id=1526"},"modified":"2023-05-23T12:48:00","modified_gmt":"2023-05-23T10:48:00","slug":"hiv-si-relatia-de-cuplu","status":"publish","type":"page","link":"https:\/\/niedersachsen-aidshilfe-migration.de\/ro\/viata-cu-hiv\/hiv-si-relatia-de-cuplu\/","title":{"rendered":"HIV \u0219i rela\u021bia de cuplu"},"content":{"rendered":"<p>O infec\u021bie cu HIV poate fi stresant\u0103 \u00eentr-o rela\u021bie \u0219i poate provoca fric\u0103. \u00centr-o astfel de situa\u021bie este important ca persoanele implicate s\u0103 se informeze bine \u0219i s\u0103 discute deschis \u0219i \u00een mod cinstit unele cu celelalte. Consultarea serviciilor de combatere a SIDA poate fi de mare ajutor pentru ambii parteneri.<\/p>\n<p>Serviciile de combatere a SIDA din zona dumneavoastr\u0103 v\u0103 asist\u0103 cu pl\u0103cere, pentru a putea face fa\u021b\u0103 mai bine situa\u021biei.<\/p>\n<p>Aici g\u0103si\u021bi mai multe informa\u021bii despre HIV \u0219i rela\u021bia de cuplu \u00een limbaj cotidian, \u00een limba german\u0103:<\/p>\n<p><a href=\"https:\/\/www.aidshilfe.de\/hiv-partnerschaft\">https:\/\/www.aidshilfe.de\/hiv-partnerschaft<\/a><\/p>\n","protected":false},"excerpt":{"rendered":"<p>O infec\u021bie cu HIV poate fi stresant\u0103 \u00eentr-o rela\u021bie \u0219i poate provoca fric\u0103. \u00centr-o astfel de situa\u021bie este important ca persoanele implicate s\u0103 se informeze bine \u0219i s\u0103 discute deschis \u0219i \u00een mod cinstit unele cu celelalte. Consultarea serviciilor de combatere a SIDA poate fi de mare ajutor pentru ambii parteneri. Serviciile de combatere a [&hellip;]<\/p>\n","protected":false},"author":3,"featured_media":0,"parent":1516,"menu_order":59,"comment_status":"closed","ping_status":"closed","template":"","meta":{"inline_featured_image":false,"_genesis_hide_title":false,"_genesis_hide_breadcrumbs":false,"_genesis_hide_singular_image":false,"_genesis_hide_footer_widgets":false,"_genesis_custom_body_class":"","_genesis_custom_post_class":"","_genesis_layout":"","footnotes":""},"class_list":{"0":"post-1526","1":"page","2":"type-page","3":"status-publish","5":"entry","6":"override"},"_links":{"self":[{"href":"https:\/\/niedersachsen-aidshilfe-migration.de\/ro\/wp-json\/wp\/v2\/pages\/1526","targetHints":{"allow":["GET"]}}],"collection":[{"href":"https:\/\/niedersachsen-aidshilfe-migration.de\/ro\/wp-json\/wp\/v2\/pages"}],"about":[{"href":"https:\/\/niedersachsen-aidshilfe-migration.de\/ro\/wp-json\/wp\/v2\/types\/page"}],"author":[{"embeddable":true,"href":"https:\/\/niedersachsen-aidshilfe-migration.de\/ro\/wp-json\/wp\/v2\/users\/3"}],"replies":[{"embeddable":true,"href":"https:\/\/niedersachsen-aidshilfe-migration.de\/ro\/wp-json\/wp\/v2\/comments?post=1526"}],"version-history":[{"count":2,"href":"https:\/\/niedersachsen-aidshilfe-migration.de\/ro\/wp-json\/wp\/v2\/pages\/1526\/revisions"}],"predecessor-version":[{"id":4444,"href":"https:\/\/niedersachsen-aidshilfe-migration.de\/ro\/wp-json\/wp\/v2\/pages\/1526\/revisions\/4444"}],"up":[{"embeddable":true,"href":"https:\/\/niedersachsen-aidshilfe-migration.de\/ro\/wp-json\/wp\/v2\/pages\/1516"}],"wp:attachment":[{"href":"https:\/\/niedersachsen-aidshilfe-migration.de\/ro\/wp-json\/wp\/v2\/media?parent=1526"}],"curies":[{"name":"wp","href":"https:\/\/api.w.org\/{rel}","templated":true}]}}