{"id":1524,"date":"2022-01-07T13:58:14","date_gmt":"2022-01-07T12:58:14","guid":{"rendered":"https:\/\/niedersachsen-aidshilfe-migration.de\/?page_id=1524"},"modified":"2022-01-07T13:58:14","modified_gmt":"2022-01-07T12:58:14","slug":"hiv-si-sexualitatea","status":"publish","type":"page","link":"https:\/\/niedersachsen-aidshilfe-migration.de\/ro\/viata-cu-hiv\/hiv-si-sexualitatea\/","title":{"rendered":"HIV \u0219i sexualitatea"},"content":{"rendered":"<p>\u00cen via\u021ba de zi cu zi, nimeni nu se poate infecta cu HIV, iar \u00een cazul unui tratament eficient \u00eempotriva HIV, nici m\u0103car \u00een timpul sexului. Tratamentul eficient \u00eempotriva HIV \u00eempiedic\u0103 \u00een mod sigur transmiterea HIV \u00een timpul sexului, chiar \u0219i f\u0103r\u0103 utilizarea unui prezervativ. Asta se nume\u0219te \u201eprotec\u021bia prin tratament\u201d. Aceast\u0103 protec\u021bie este dovedit\u0103 \u0219tiin\u021bific. Cu un tratament eficace pentru HIV, persoanele infectate cu HIV \u0219i persoanele f\u0103r\u0103 HIV pot face deci sex unele cu celelalte f\u0103r\u0103 s\u0103 \u00eent\u00e2mpine riscuri. Pentru multe persoane, asta e o mare u\u0219urare!<\/p>\n<p><u>Serviciile de combatere a SIDA din zona dumneavoastr\u0103<\/u> v\u0103 ofer\u0103 cu pl\u0103cere consultan\u021b\u0103 detaliat\u0103 privind protec\u021bia prin tratament.<\/p>\n<p>Aici g\u0103si\u021bi mai multe informa\u021bii despre protec\u021bia prin tratament \u00een diferite limbi, \u0219i \u00een limba rom\u00e2n\u0103:<\/p>\n<p>xxx<\/p>\n<p>Aici g\u0103si\u021bi mai multe informa\u021bii despre protec\u021bia prin tratament \u00een limbaj u\u0219or, \u00een limba german\u0103:<\/p>\n<p>xxx<\/p>\n<p>Aici g\u0103si\u021bi mai multe informa\u021bii despre protec\u021bia prin tratament \u00een limbaj cotidian, \u00een limba german\u0103:<\/p>\n<p><a href=\"https:\/\/www.aidshilfe.de\/schutz-therapie\">https:\/\/www.aidshilfe.de\/schutz-therapie<\/a><\/p>\n","protected":false},"excerpt":{"rendered":"<p>\u00cen via\u021ba de zi cu zi, nimeni nu se poate infecta cu HIV, iar \u00een cazul unui tratament eficient \u00eempotriva HIV, nici m\u0103car \u00een timpul sexului. Tratamentul eficient \u00eempotriva HIV \u00eempiedic\u0103 \u00een mod sigur transmiterea HIV \u00een timpul sexului, chiar \u0219i f\u0103r\u0103 utilizarea unui prezervativ. Asta se nume\u0219te \u201eprotec\u021bia prin tratament\u201d. Aceast\u0103 protec\u021bie este dovedit\u0103 [&hellip;]<\/p>\n","protected":false},"author":3,"featured_media":0,"parent":1516,"menu_order":51,"comment_status":"closed","ping_status":"closed","template":"","meta":{"inline_featured_image":false,"_genesis_hide_title":false,"_genesis_hide_breadcrumbs":false,"_genesis_hide_singular_image":false,"_genesis_hide_footer_widgets":false,"_genesis_custom_body_class":"","_genesis_custom_post_class":"","_genesis_layout":"","footnotes":""},"class_list":{"0":"post-1524","1":"page","2":"type-page","3":"status-publish","5":"entry","6":"override"},"_links":{"self":[{"href":"https:\/\/niedersachsen-aidshilfe-migration.de\/ro\/wp-json\/wp\/v2\/pages\/1524","targetHints":{"allow":["GET"]}}],"collection":[{"href":"https:\/\/niedersachsen-aidshilfe-migration.de\/ro\/wp-json\/wp\/v2\/pages"}],"about":[{"href":"https:\/\/niedersachsen-aidshilfe-migration.de\/ro\/wp-json\/wp\/v2\/types\/page"}],"author":[{"embeddable":true,"href":"https:\/\/niedersachsen-aidshilfe-migration.de\/ro\/wp-json\/wp\/v2\/users\/3"}],"replies":[{"embeddable":true,"href":"https:\/\/niedersachsen-aidshilfe-migration.de\/ro\/wp-json\/wp\/v2\/comments?post=1524"}],"version-history":[{"count":0,"href":"https:\/\/niedersachsen-aidshilfe-migration.de\/ro\/wp-json\/wp\/v2\/pages\/1524\/revisions"}],"up":[{"embeddable":true,"href":"https:\/\/niedersachsen-aidshilfe-migration.de\/ro\/wp-json\/wp\/v2\/pages\/1516"}],"wp:attachment":[{"href":"https:\/\/niedersachsen-aidshilfe-migration.de\/ro\/wp-json\/wp\/v2\/media?parent=1524"}],"curies":[{"name":"wp","href":"https:\/\/api.w.org\/{rel}","templated":true}]}}