{"id":1520,"date":"2022-01-07T13:56:59","date_gmt":"2022-01-07T12:56:59","guid":{"rendered":"https:\/\/niedersachsen-aidshilfe-migration.de\/?page_id=1520"},"modified":"2022-02-02T14:13:47","modified_gmt":"2022-02-02T13:13:47","slug":"medicamente-pentru-hiv","status":"publish","type":"page","link":"https:\/\/niedersachsen-aidshilfe-migration.de\/ro\/viata-cu-hiv\/medicamente-pentru-hiv\/","title":{"rendered":"Medicamente \u00eempotriva HIV"},"content":{"rendered":"<p>Medicamentele \u00eempotriva HIV \u00eempiedic\u0103 reproducerea HIV \u00een corp. Astfel, anticorpii din organism pot s\u0103 se refac\u0103. \u0218i a\u0219a, persoanele infectate cu HIV pot s\u0103 tr\u0103iasc\u0103 la fel de bine ca cele f\u0103r\u0103 HIV.<\/p>\n<p>Medicamentele \u00eempotriva HIV fac posibil\u0103 o via\u021b\u0103 bun\u0103 \u0219i \u00eendelungat\u0103. Cel mai bine este dac\u0103 infec\u021bia cu HIV este depistat\u0103 devreme. \u00cen cazul acesta, persoanele se pot trata rapid. Acest lucru este important pentru s\u0103n\u0103tatea \u0219i speran\u021ba de via\u021b\u0103 a persoanelor infectate cu HIV.<\/p>\n<p>Persoanele infectate cu HIV trebuie s\u0103 fac\u0103 zilnic tratament cu medicamente \u00eempotriva HIV, pe tot parcursul vie\u021bii. De obicei, 1-2 tablete pe zi sunt suficiente. Pentru majoritatea persoanelor, tratamentul cu medicamente nu are deloc sau aproape deloc efecte secundare.<\/p>\n<p>Persoanele infectate cu HIV trebuie s\u0103 mearg\u0103 la tratament la un cabinet medical special. Acesta se nume\u0219te \u201ecabinet medical specializat \u00een tratamentul HIV\u201d. Acolo se controleaz\u0103 periodic c\u00e2t de eficient este tratamentul HIV. P\u00e2n\u0103 acum \u00eens\u0103, vindecarea unei infec\u021bii cu HIV nu este posibil\u0103.<\/p>\n<p>Aici g\u0103si\u021bi mai multe informa\u021bii despre tratamentul HIV \u00een diferite limbi, \u0219i \u00een limba rom\u00e2n\u0103:<\/p>\n<p><a href=\"https:\/\/www.aidshilfe.de\/hiv-behandlung\">xxx<\/a><\/p>\n<p>Aici g\u0103si\u021bi mai multe informa\u021bii despre tratamentul HIV \u00een limbaj cotidian, \u00een limba german\u0103:<\/p>\n<p><a href=\"https:\/\/www.aidshilfe.de\/hiv-behandlung\">https:\/\/www.aidshilfe.de\/hiv-behandlung<\/a><\/p>\n<p>Aici g\u0103si\u021bi mai multe informa\u021bii despre tratamentul HIV \u00een limbaj u\u0219or, \u00een limba german\u0103:<\/p>\n<p><a href=\"https:\/\/www.aidshilfe.de\/hiv-behandlung\">xxx<\/a><\/p>\n","protected":false},"excerpt":{"rendered":"<p>Medicamentele \u00eempotriva HIV \u00eempiedic\u0103 reproducerea HIV \u00een corp. Astfel, anticorpii din organism pot s\u0103 se refac\u0103. \u0218i a\u0219a, persoanele infectate cu HIV pot s\u0103 tr\u0103iasc\u0103 la fel de bine ca cele f\u0103r\u0103 HIV. Medicamentele \u00eempotriva HIV fac posibil\u0103 o via\u021b\u0103 bun\u0103 \u0219i \u00eendelungat\u0103. Cel mai bine este dac\u0103 infec\u021bia cu HIV este depistat\u0103 devreme. \u00cen [&hellip;]<\/p>\n","protected":false},"author":3,"featured_media":0,"parent":1516,"menu_order":13,"comment_status":"closed","ping_status":"closed","template":"","meta":{"inline_featured_image":false,"_genesis_hide_title":false,"_genesis_hide_breadcrumbs":false,"_genesis_hide_singular_image":false,"_genesis_hide_footer_widgets":false,"_genesis_custom_body_class":"","_genesis_custom_post_class":"","_genesis_layout":"","footnotes":""},"class_list":{"0":"post-1520","1":"page","2":"type-page","3":"status-publish","5":"entry","6":"override"},"_links":{"self":[{"href":"https:\/\/niedersachsen-aidshilfe-migration.de\/ro\/wp-json\/wp\/v2\/pages\/1520","targetHints":{"allow":["GET"]}}],"collection":[{"href":"https:\/\/niedersachsen-aidshilfe-migration.de\/ro\/wp-json\/wp\/v2\/pages"}],"about":[{"href":"https:\/\/niedersachsen-aidshilfe-migration.de\/ro\/wp-json\/wp\/v2\/types\/page"}],"author":[{"embeddable":true,"href":"https:\/\/niedersachsen-aidshilfe-migration.de\/ro\/wp-json\/wp\/v2\/users\/3"}],"replies":[{"embeddable":true,"href":"https:\/\/niedersachsen-aidshilfe-migration.de\/ro\/wp-json\/wp\/v2\/comments?post=1520"}],"version-history":[{"count":0,"href":"https:\/\/niedersachsen-aidshilfe-migration.de\/ro\/wp-json\/wp\/v2\/pages\/1520\/revisions"}],"up":[{"embeddable":true,"href":"https:\/\/niedersachsen-aidshilfe-migration.de\/ro\/wp-json\/wp\/v2\/pages\/1516"}],"wp:attachment":[{"href":"https:\/\/niedersachsen-aidshilfe-migration.de\/ro\/wp-json\/wp\/v2\/media?parent=1520"}],"curies":[{"name":"wp","href":"https:\/\/api.w.org\/{rel}","templated":true}]}}