{"id":1514,"date":"2022-01-07T13:52:44","date_gmt":"2022-01-07T12:52:44","guid":{"rendered":"https:\/\/niedersachsen-aidshilfe-migration.de\/?page_id=1514"},"modified":"2023-02-23T18:59:00","modified_gmt":"2023-02-23T17:59:00","slug":"testul-hiv","status":"publish","type":"page","link":"https:\/\/niedersachsen-aidshilfe-migration.de\/ro\/testul-hiv\/","title":{"rendered":"Testul HIV"},"content":{"rendered":"<p>S-a \u00eent\u00e2mplat vreodat\u0103 ca prezervativul sau prezervativul vaginal s\u0103 nu func\u021bioneze cum trebuie \u00een timpul sexului? Atunci ar fi indicat s\u0103 face\u021bi un test HIV.<\/p>\n<p>Ave\u021bi rela\u021bii sexuale cu persoane diferite? Atunci ar trebui s\u0103 face\u021bi un test HIV o dat\u0103 pe an.<\/p>\n<p>Exist\u0103 multe motive \u00eentemeiate pentru a face un test HIV:<\/p>\n<ul>\n<li>dorin\u021ba de a face sex f\u0103r\u0103 prezervativ \u00een cadrul unei rela\u021bii sau cu un partener stabil<\/li>\n<li>dorin\u021ba de a avea copii<\/li>\n<li>o sarcin\u0103<\/li>\n<li>certitudine cu privire la riscul unei infec\u021bii cu HIV<\/li>\n<li>tratament precoce dup\u0103 o posibil\u0103 infec\u021bie cu HIV<\/li>\n<li>clarificarea unor simptome<\/li>\n<\/ul>\n<p>Testul HIV este \u00eentotdeauna benevol. Asta \u00eenseamn\u0103 c\u0103 fiecare persoan\u0103 decide singur\u0103 dac\u0103 vrea sau nu s\u0103-l fac\u0103. F\u0103r\u0103 acceptul persoanei, nu se poate face un test HIV. A\u0219a este \u0219i la spital sau la cabinetele medicale.<\/p>\n<p>Exist\u0103 teste HIV diferite:<\/p>\n<ul>\n<li>test HIV de laborator<\/li>\n<li>test HIV rapid<\/li>\n<li>autotest HIV<\/li>\n<\/ul>\n<p>Majoritatea <a href=\"https:\/\/niedersachsen-aidshilfe-migration.de\/ro\/servicii-de-combatere-a-sida-din-saxonia-inferioara\/\">serviciilor de combatere a SIDA<\/a> \u0219i multe departamente de s\u0103n\u0103tate public\u0103 ofer\u0103 posibilitatea efectu\u0103rii unui test HIV. Testul este anonim. Nu trebuie deci s\u0103 ne spune\u021bi numele dumneavoastr\u0103. Nimeni nu afl\u0103 rezultatul testului \u00een afar\u0103 de dumneavoastr\u0103.<\/p>\n<p>Aici g\u0103si\u021bi mai multe informa\u021bii despre testul HIV \u00een diferite limbi, \u0219i \u00een limba rom\u00e2n\u0103:<\/p>\n<p><a href=\"https:\/\/www.zanzu.de\/\" target=\"_blank\" rel=\"noopener\">https:\/\/www.zanzu.de\/<\/a><\/p>\n<p>Aici g\u0103si\u021bi mai multe informa\u021bii despre testul HIV \u00een limbaj u\u0219or, \u00een limba german\u0103:<\/p>\n<p><a href=\"https:\/\/leichte-sprache.aidshilfe.de\/der-hiv-test-wissen-ob-man-hiv-hat\" target=\"_blank\" rel=\"noopener\">https:\/\/leichte-sprache.aidshilfe.de\/der-hiv-test-wissen-ob-man-hiv-hat<\/a><\/p>\n<p>Aici g\u0103si\u021bi mai multe informa\u021bii despre testul HIV \u00een limbaj cotidian, \u00een limba german\u0103:<\/p>\n<p><a href=\"https:\/\/www.aidshilfe.de\/hiv-test\" target=\"_blank\" rel=\"noopener\">https:\/\/www.aidshilfe.de\/hiv-test<\/a><\/p>\n","protected":false},"excerpt":{"rendered":"<p>S-a \u00eent\u00e2mplat vreodat\u0103 ca prezervativul sau prezervativul vaginal s\u0103 nu func\u021bioneze cum trebuie \u00een timpul sexului? Atunci ar fi indicat s\u0103 face\u021bi un test HIV. Ave\u021bi rela\u021bii sexuale cu persoane diferite? Atunci ar trebui s\u0103 face\u021bi un test HIV o dat\u0103 pe an. Exist\u0103 multe motive \u00eentemeiate pentru a face un test HIV: dorin\u021ba de [&hellip;]<\/p>\n","protected":false},"author":3,"featured_media":0,"parent":1556,"menu_order":112,"comment_status":"closed","ping_status":"closed","template":"","meta":{"inline_featured_image":false,"_genesis_hide_title":false,"_genesis_hide_breadcrumbs":false,"_genesis_hide_singular_image":false,"_genesis_hide_footer_widgets":false,"_genesis_custom_body_class":"","_genesis_custom_post_class":"","_genesis_layout":"","footnotes":""},"class_list":{"0":"post-1514","1":"page","2":"type-page","3":"status-publish","5":"entry","6":"override"},"_links":{"self":[{"href":"https:\/\/niedersachsen-aidshilfe-migration.de\/ro\/wp-json\/wp\/v2\/pages\/1514","targetHints":{"allow":["GET"]}}],"collection":[{"href":"https:\/\/niedersachsen-aidshilfe-migration.de\/ro\/wp-json\/wp\/v2\/pages"}],"about":[{"href":"https:\/\/niedersachsen-aidshilfe-migration.de\/ro\/wp-json\/wp\/v2\/types\/page"}],"author":[{"embeddable":true,"href":"https:\/\/niedersachsen-aidshilfe-migration.de\/ro\/wp-json\/wp\/v2\/users\/3"}],"replies":[{"embeddable":true,"href":"https:\/\/niedersachsen-aidshilfe-migration.de\/ro\/wp-json\/wp\/v2\/comments?post=1514"}],"version-history":[{"count":0,"href":"https:\/\/niedersachsen-aidshilfe-migration.de\/ro\/wp-json\/wp\/v2\/pages\/1514\/revisions"}],"up":[{"embeddable":true,"href":"https:\/\/niedersachsen-aidshilfe-migration.de\/ro\/wp-json\/wp\/v2\/pages\/1556"}],"wp:attachment":[{"href":"https:\/\/niedersachsen-aidshilfe-migration.de\/ro\/wp-json\/wp\/v2\/media?parent=1514"}],"curies":[{"name":"wp","href":"https:\/\/api.w.org\/{rel}","templated":true}]}}