{"id":1512,"date":"2022-01-07T13:51:43","date_gmt":"2022-01-07T12:51:43","guid":{"rendered":"https:\/\/niedersachsen-aidshilfe-migration.de\/?page_id=1512"},"modified":"2022-02-02T14:08:39","modified_gmt":"2022-02-02T13:08:39","slug":"protectia-cu-medicamente-impotriva-hiv","status":"publish","type":"page","link":"https:\/\/niedersachsen-aidshilfe-migration.de\/ro\/protectia-cu-medicamente-impotriva-hiv\/","title":{"rendered":"Protec\u021bia cu medicamente \u00eempotriva HIV"},"content":{"rendered":"<p>Medicamentele \u00eempotriva HIV \u00eempiedic\u0103 r\u0103sp\u00e2ndirea virusului \u00een corp. Astfel, virusul HIV nu mai poate fi transmis unei alte persoane \u00een timpul sexului. Asta se nume\u0219te \u201eprotec\u021bie prin tratament\u201d.<\/p>\n<p><strong><u>Aici<\/u> pute<\/strong><strong>\u021bi citi mai multe despre \u201eprotec\u021bia prin tratament\u201d.<\/strong><\/p>\n<p>Aici g\u0103si\u021bi mai multe informa\u021bii despre transmiterea HIV \u00een limbaj cotidian, \u00een limba german\u0103:<\/p>\n<p>xxx<\/p>\n<p>Aici g\u0103si\u021bi mai multe informa\u021bii despre transmiterea HIV \u00een limbaj u\u0219or, \u00een limba german\u0103:<\/p>\n<p>xxx<\/p>\n<p>Medicamentele \u00eempotriva HIV pot fi luate \u0219i ca m\u0103sur\u0103 preventiv\u0103. Medicamentele \u00eempotriva HIV v\u0103 pot proteja \u00een timpul sexului de o infec\u021bie cu HIV. Aceast\u0103 strategie de protec\u021bie se nume\u0219te \u201ePrEP\u201c. \u201ePrEP\u201c este o abreviere pentru \u201eprofilaxa \u00eenainte de expunere\u201d \u0219i \u00eenseamn\u0103: preven\u021bie \u00eenaintea unui eventual contact cu o persoan\u0103 seropozitiv\u0103.<\/p>\n<p>Aici g\u0103si\u021bi mai multe informa\u021bii despre \u201ePrEP\u201c \u00een diferite limbi, \u0219i \u00een limba rom\u00e2n\u0103:<\/p>\n<p>xxx<\/p>\n<p>Aici g\u0103si\u021bi mai multe informa\u021bii despre \u201ePrEP\u201c \u00een limbaj cotidian, \u00een limba german\u0103:<\/p>\n<p><a href=\"https:\/\/www.aidshilfe.de\/hiv-prep\">https:\/\/www.aidshilfe.de\/hiv-prep<\/a><\/p>\n<p>Aici g\u0103si\u021bi mai multe informa\u021bii despre \u201ePrEP\u201c \u00een limbaj u\u0219or, \u00een limba german\u0103:<\/p>\n<p>xxx<\/p>\n","protected":false},"excerpt":{"rendered":"<p>Medicamentele \u00eempotriva HIV \u00eempiedic\u0103 r\u0103sp\u00e2ndirea virusului \u00een corp. Astfel, virusul HIV nu mai poate fi transmis unei alte persoane \u00een timpul sexului. Asta se nume\u0219te \u201eprotec\u021bie prin tratament\u201d. Aici pute\u021bi citi mai multe despre \u201eprotec\u021bia prin tratament\u201d. Aici g\u0103si\u021bi mai multe informa\u021bii despre transmiterea HIV \u00een limbaj cotidian, \u00een limba german\u0103: xxx Aici g\u0103si\u021bi mai [&hellip;]<\/p>\n","protected":false},"author":3,"featured_media":0,"parent":1556,"menu_order":104,"comment_status":"closed","ping_status":"closed","template":"","meta":{"inline_featured_image":false,"_genesis_hide_title":false,"_genesis_hide_breadcrumbs":false,"_genesis_hide_singular_image":false,"_genesis_hide_footer_widgets":false,"_genesis_custom_body_class":"","_genesis_custom_post_class":"","_genesis_layout":"","footnotes":""},"class_list":{"0":"post-1512","1":"page","2":"type-page","3":"status-publish","5":"entry","6":"override"},"_links":{"self":[{"href":"https:\/\/niedersachsen-aidshilfe-migration.de\/ro\/wp-json\/wp\/v2\/pages\/1512","targetHints":{"allow":["GET"]}}],"collection":[{"href":"https:\/\/niedersachsen-aidshilfe-migration.de\/ro\/wp-json\/wp\/v2\/pages"}],"about":[{"href":"https:\/\/niedersachsen-aidshilfe-migration.de\/ro\/wp-json\/wp\/v2\/types\/page"}],"author":[{"embeddable":true,"href":"https:\/\/niedersachsen-aidshilfe-migration.de\/ro\/wp-json\/wp\/v2\/users\/3"}],"replies":[{"embeddable":true,"href":"https:\/\/niedersachsen-aidshilfe-migration.de\/ro\/wp-json\/wp\/v2\/comments?post=1512"}],"version-history":[{"count":0,"href":"https:\/\/niedersachsen-aidshilfe-migration.de\/ro\/wp-json\/wp\/v2\/pages\/1512\/revisions"}],"up":[{"embeddable":true,"href":"https:\/\/niedersachsen-aidshilfe-migration.de\/ro\/wp-json\/wp\/v2\/pages\/1556"}],"wp:attachment":[{"href":"https:\/\/niedersachsen-aidshilfe-migration.de\/ro\/wp-json\/wp\/v2\/media?parent=1512"}],"curies":[{"name":"wp","href":"https:\/\/api.w.org\/{rel}","templated":true}]}}