{"id":1510,"date":"2022-01-07T13:49:29","date_gmt":"2022-01-07T12:49:29","guid":{"rendered":"https:\/\/niedersachsen-aidshilfe-migration.de\/?page_id=1510"},"modified":"2022-01-07T13:49:29","modified_gmt":"2022-01-07T12:49:29","slug":"protectia-cu-prezervative-si-prezervative-vaginale","status":"publish","type":"page","link":"https:\/\/niedersachsen-aidshilfe-migration.de\/ro\/protectia-cu-prezervative-si-prezervative-vaginale\/","title":{"rendered":"Protec\u021bia cu prezervative \u0219i prezervative vaginale"},"content":{"rendered":"<p>Prezervativele protejeaz\u0103 \u00een timpul sexului vaginal \u0219i anal \u00eempotriva HIV. Prezervativele vaginale protejeaz\u0103 \u00een timpul sexului vaginal \u00eempotriva HIV. Prezervativele v\u0103 ofer\u0103 \u0219i protec\u021bie la utilizarea \u00een comun a juc\u0103riilor sexuale.<\/p>\n<p><strong>Citi\u021bi <u>aici<\/u> mai multe despre utilizarea sigur\u0103 a prezervativelor \u0219i a prezervativelor vaginale.<\/strong><\/p>\n","protected":false},"excerpt":{"rendered":"<p>Prezervativele protejeaz\u0103 \u00een timpul sexului vaginal \u0219i anal \u00eempotriva HIV. Prezervativele vaginale protejeaz\u0103 \u00een timpul sexului vaginal \u00eempotriva HIV. Prezervativele v\u0103 ofer\u0103 \u0219i protec\u021bie la utilizarea \u00een comun a juc\u0103riilor sexuale. Citi\u021bi aici mai multe despre utilizarea sigur\u0103 a prezervativelor \u0219i a prezervativelor vaginale.<\/p>\n","protected":false},"author":3,"featured_media":0,"parent":1556,"menu_order":100,"comment_status":"closed","ping_status":"closed","template":"","meta":{"inline_featured_image":false,"_genesis_hide_title":false,"_genesis_hide_breadcrumbs":false,"_genesis_hide_singular_image":false,"_genesis_hide_footer_widgets":false,"_genesis_custom_body_class":"","_genesis_custom_post_class":"","_genesis_layout":"","footnotes":""},"class_list":{"0":"post-1510","1":"page","2":"type-page","3":"status-publish","5":"entry","6":"override"},"_links":{"self":[{"href":"https:\/\/niedersachsen-aidshilfe-migration.de\/ro\/wp-json\/wp\/v2\/pages\/1510","targetHints":{"allow":["GET"]}}],"collection":[{"href":"https:\/\/niedersachsen-aidshilfe-migration.de\/ro\/wp-json\/wp\/v2\/pages"}],"about":[{"href":"https:\/\/niedersachsen-aidshilfe-migration.de\/ro\/wp-json\/wp\/v2\/types\/page"}],"author":[{"embeddable":true,"href":"https:\/\/niedersachsen-aidshilfe-migration.de\/ro\/wp-json\/wp\/v2\/users\/3"}],"replies":[{"embeddable":true,"href":"https:\/\/niedersachsen-aidshilfe-migration.de\/ro\/wp-json\/wp\/v2\/comments?post=1510"}],"version-history":[{"count":0,"href":"https:\/\/niedersachsen-aidshilfe-migration.de\/ro\/wp-json\/wp\/v2\/pages\/1510\/revisions"}],"up":[{"embeddable":true,"href":"https:\/\/niedersachsen-aidshilfe-migration.de\/ro\/wp-json\/wp\/v2\/pages\/1556"}],"wp:attachment":[{"href":"https:\/\/niedersachsen-aidshilfe-migration.de\/ro\/wp-json\/wp\/v2\/media?parent=1510"}],"curies":[{"name":"wp","href":"https:\/\/api.w.org\/{rel}","templated":true}]}}