{"id":1508,"date":"2022-01-07T13:48:06","date_gmt":"2022-01-07T12:48:06","guid":{"rendered":"https:\/\/niedersachsen-aidshilfe-migration.de\/?page_id=1508"},"modified":"2022-02-28T14:24:54","modified_gmt":"2022-02-28T13:24:54","slug":"transmiterea-hiv","status":"publish","type":"page","link":"https:\/\/niedersachsen-aidshilfe-migration.de\/ro\/transmiterea-hiv\/","title":{"rendered":"Transmiterea HIV"},"content":{"rendered":"<p>HIV se transmite mai ales \u00een timpul sexului vaginal sau anal neprotejat. \u0218i c\u00e2nd se folosesc droguri este posibil\u0103 infectarea cu HIV. Bebelu\u0219ii se pot infecta cu HIV la na\u0219tere sau \u00een timpul al\u0103pt\u0103rii. Riscurile unei infec\u021bii cu HIV \u00een timpul sexului oral sunt foarte reduse.<\/p>\n<p>\u00cen via\u021ba de zi cu zi, nimeni nu se poate infecta cu HIV. C\u00e2nd locui\u021bi \u00eempreun\u0103, la serviciu, \u00een timpul liber sau c\u00e2nd face\u021bi sport nu risca\u021bi s\u0103 v\u0103 infecta\u021bi. De aceea nu trebuie s\u0103 v\u0103 fie fric\u0103 de HIV \u00een via\u021ba de zi cu zi.<\/p>\n<p>Aici g\u0103si\u021bi mai multe informa\u021bii despre transmiterea HIV \u00een diferite limbi, \u0219i \u00een limba rom\u00e2n\u0103:<\/p>\n<p><a href=\"https:\/\/www.zanzu.de\/\" target=\"_blank\" rel=\"noopener\">www.zanzu.de<\/a><\/p>\n<p>Aici g\u0103si\u021bi mai multe informa\u021bii despre transmiterea HIV \u00een limbaj cotidian, \u00een limba german\u0103:<\/p>\n<p><a href=\"https:\/\/www.aidshilfe.de\/hiv-uebertragung\">https:\/\/www.aidshilfe.de\/hiv-uebertragung<\/a><\/p>\n<p>Aici g\u0103si\u021bi mai multe informa\u021bii despre transmiterea HIV \u00een limbaj u\u0219or, \u00een limba german\u0103:<\/p>\n<p><a href=\"https:\/\/leichte-sprache.aidshilfe.de\/\" target=\"_blank\" rel=\"noopener\">https:\/\/leichte-sprache.aidshilfe.de<\/a><\/p>\n","protected":false},"excerpt":{"rendered":"<p>HIV se transmite mai ales \u00een timpul sexului vaginal sau anal neprotejat. \u0218i c\u00e2nd se folosesc droguri este posibil\u0103 infectarea cu HIV. Bebelu\u0219ii se pot infecta cu HIV la na\u0219tere sau \u00een timpul al\u0103pt\u0103rii. Riscurile unei infec\u021bii cu HIV \u00een timpul sexului oral sunt foarte reduse. \u00cen via\u021ba de zi cu zi, nimeni nu se [&hellip;]<\/p>\n","protected":false},"author":3,"featured_media":0,"parent":1556,"menu_order":95,"comment_status":"closed","ping_status":"closed","template":"","meta":{"inline_featured_image":false,"_genesis_hide_title":false,"_genesis_hide_breadcrumbs":false,"_genesis_hide_singular_image":false,"_genesis_hide_footer_widgets":false,"_genesis_custom_body_class":"","_genesis_custom_post_class":"","_genesis_layout":"","footnotes":""},"class_list":{"0":"post-1508","1":"page","2":"type-page","3":"status-publish","5":"entry","6":"override"},"_links":{"self":[{"href":"https:\/\/niedersachsen-aidshilfe-migration.de\/ro\/wp-json\/wp\/v2\/pages\/1508","targetHints":{"allow":["GET"]}}],"collection":[{"href":"https:\/\/niedersachsen-aidshilfe-migration.de\/ro\/wp-json\/wp\/v2\/pages"}],"about":[{"href":"https:\/\/niedersachsen-aidshilfe-migration.de\/ro\/wp-json\/wp\/v2\/types\/page"}],"author":[{"embeddable":true,"href":"https:\/\/niedersachsen-aidshilfe-migration.de\/ro\/wp-json\/wp\/v2\/users\/3"}],"replies":[{"embeddable":true,"href":"https:\/\/niedersachsen-aidshilfe-migration.de\/ro\/wp-json\/wp\/v2\/comments?post=1508"}],"version-history":[{"count":0,"href":"https:\/\/niedersachsen-aidshilfe-migration.de\/ro\/wp-json\/wp\/v2\/pages\/1508\/revisions"}],"up":[{"embeddable":true,"href":"https:\/\/niedersachsen-aidshilfe-migration.de\/ro\/wp-json\/wp\/v2\/pages\/1556"}],"wp:attachment":[{"href":"https:\/\/niedersachsen-aidshilfe-migration.de\/ro\/wp-json\/wp\/v2\/media?parent=1508"}],"curies":[{"name":"wp","href":"https:\/\/api.w.org\/{rel}","templated":true}]}}