{"id":1506,"date":"2022-01-07T13:46:53","date_gmt":"2022-01-07T12:46:53","guid":{"rendered":"https:\/\/niedersachsen-aidshilfe-migration.de\/?page_id=1506"},"modified":"2022-01-07T13:46:53","modified_gmt":"2022-01-07T12:46:53","slug":"diversitate-si-azil","status":"publish","type":"page","link":"https:\/\/niedersachsen-aidshilfe-migration.de\/ro\/sexualitatea-si-autodeterminarea\/diversitate-si-azil\/","title":{"rendered":"Diversitate \u0219i azil"},"content":{"rendered":"<p>A\u021bi fost persecuta\u021bi \u00een \u021bara dumneavoastr\u0103 de origine din cauza orient\u0103rii dumneavoastr\u0103 sexuale sau a identit\u0103\u021bii de gen? \u00cen acest caz, acest lucru poate fi un <strong>motiv<\/strong> <strong>pentru<\/strong> a face o <strong>cerere de azil<\/strong> \u00een Germania.<\/p>\n<p>Aici ve\u021bi g\u0103si informa\u021bii importante \u00een acest sens: <a href=\"http:\/\/www.queer-refugees.de\">www.queer-refugees.de<\/a><\/p>\n<p>Informa\u021biile sunt \u00een diferite limbi.<\/p>\n<p>Pentru mai multe informa\u021bii \u0219i consiliere v\u0103 rug\u0103m s\u0103 v\u0103 adresa\u021bi <u>serviciilor de combatere a SIDA<\/u> din zona dumneavoastr\u0103.<\/p>\n","protected":false},"excerpt":{"rendered":"<p>A\u021bi fost persecuta\u021bi \u00een \u021bara dumneavoastr\u0103 de origine din cauza orient\u0103rii dumneavoastr\u0103 sexuale sau a identit\u0103\u021bii de gen? \u00cen acest caz, acest lucru poate fi un motiv pentru a face o cerere de azil \u00een Germania. Aici ve\u021bi g\u0103si informa\u021bii importante \u00een acest sens: www.queer-refugees.de Informa\u021biile sunt \u00een diferite limbi. Pentru mai multe informa\u021bii \u0219i [&hellip;]<\/p>\n","protected":false},"author":3,"featured_media":0,"parent":1492,"menu_order":215,"comment_status":"closed","ping_status":"closed","template":"","meta":{"inline_featured_image":false,"_genesis_hide_title":false,"_genesis_hide_breadcrumbs":false,"_genesis_hide_singular_image":false,"_genesis_hide_footer_widgets":false,"_genesis_custom_body_class":"","_genesis_custom_post_class":"","_genesis_layout":"","footnotes":""},"class_list":{"0":"post-1506","1":"page","2":"type-page","3":"status-publish","5":"entry","6":"override"},"_links":{"self":[{"href":"https:\/\/niedersachsen-aidshilfe-migration.de\/ro\/wp-json\/wp\/v2\/pages\/1506","targetHints":{"allow":["GET"]}}],"collection":[{"href":"https:\/\/niedersachsen-aidshilfe-migration.de\/ro\/wp-json\/wp\/v2\/pages"}],"about":[{"href":"https:\/\/niedersachsen-aidshilfe-migration.de\/ro\/wp-json\/wp\/v2\/types\/page"}],"author":[{"embeddable":true,"href":"https:\/\/niedersachsen-aidshilfe-migration.de\/ro\/wp-json\/wp\/v2\/users\/3"}],"replies":[{"embeddable":true,"href":"https:\/\/niedersachsen-aidshilfe-migration.de\/ro\/wp-json\/wp\/v2\/comments?post=1506"}],"version-history":[{"count":0,"href":"https:\/\/niedersachsen-aidshilfe-migration.de\/ro\/wp-json\/wp\/v2\/pages\/1506\/revisions"}],"up":[{"embeddable":true,"href":"https:\/\/niedersachsen-aidshilfe-migration.de\/ro\/wp-json\/wp\/v2\/pages\/1492"}],"wp:attachment":[{"href":"https:\/\/niedersachsen-aidshilfe-migration.de\/ro\/wp-json\/wp\/v2\/media?parent=1506"}],"curies":[{"name":"wp","href":"https:\/\/api.w.org\/{rel}","templated":true}]}}