{"id":1504,"date":"2022-01-07T13:45:56","date_gmt":"2022-01-07T12:45:56","guid":{"rendered":"https:\/\/niedersachsen-aidshilfe-migration.de\/?page_id=1504"},"modified":"2022-02-02T13:51:17","modified_gmt":"2022-02-02T12:51:17","slug":"fara-discriminare","status":"publish","type":"page","link":"https:\/\/niedersachsen-aidshilfe-migration.de\/ro\/sexualitatea-si-autodeterminarea\/fara-discriminare\/","title":{"rendered":"F\u0103r\u0103 discriminare"},"content":{"rendered":"<p><strong>Nimeni nu are voie s\u0103 v\u0103 agreseze din cauza orient\u0103rii dumneavoastr\u0103 sexuale. \u0218i nimeni nu are voie s\u0103 v\u0103 agreseze din cauza identit\u0103\u021bii dumneavoastr\u0103 de gen. <\/strong><\/p>\n<p>Nimeni nu are voie s\u0103 v\u0103 insulte din acest motiv. \u0218i nimeni nu are voie s\u0103 v\u0103 pricinuiasc\u0103 v\u0103t\u0103m\u0103ri corporale din acest motiv. \u0218i totu\u0219i vi se \u00eent\u00e2mpl\u0103 lucrul acesta? \u00cen acest caz, <u>serviciile de combatere a SIDA<\/u> sau unul din centrele de consiliere v\u0103 pot oferi sprijin.<\/p>\n","protected":false},"excerpt":{"rendered":"<p>Nimeni nu are voie s\u0103 v\u0103 agreseze din cauza orient\u0103rii dumneavoastr\u0103 sexuale. \u0218i nimeni nu are voie s\u0103 v\u0103 agreseze din cauza identit\u0103\u021bii dumneavoastr\u0103 de gen. Nimeni nu are voie s\u0103 v\u0103 insulte din acest motiv. \u0218i nimeni nu are voie s\u0103 v\u0103 pricinuiasc\u0103 v\u0103t\u0103m\u0103ri corporale din acest motiv. \u0218i totu\u0219i vi se \u00eent\u00e2mpl\u0103 lucrul [&hellip;]<\/p>\n","protected":false},"author":3,"featured_media":0,"parent":1492,"menu_order":214,"comment_status":"closed","ping_status":"closed","template":"","meta":{"inline_featured_image":false,"_genesis_hide_title":false,"_genesis_hide_breadcrumbs":false,"_genesis_hide_singular_image":false,"_genesis_hide_footer_widgets":false,"_genesis_custom_body_class":"","_genesis_custom_post_class":"","_genesis_layout":"","footnotes":""},"class_list":{"0":"post-1504","1":"page","2":"type-page","3":"status-publish","5":"entry","6":"override"},"_links":{"self":[{"href":"https:\/\/niedersachsen-aidshilfe-migration.de\/ro\/wp-json\/wp\/v2\/pages\/1504","targetHints":{"allow":["GET"]}}],"collection":[{"href":"https:\/\/niedersachsen-aidshilfe-migration.de\/ro\/wp-json\/wp\/v2\/pages"}],"about":[{"href":"https:\/\/niedersachsen-aidshilfe-migration.de\/ro\/wp-json\/wp\/v2\/types\/page"}],"author":[{"embeddable":true,"href":"https:\/\/niedersachsen-aidshilfe-migration.de\/ro\/wp-json\/wp\/v2\/users\/3"}],"replies":[{"embeddable":true,"href":"https:\/\/niedersachsen-aidshilfe-migration.de\/ro\/wp-json\/wp\/v2\/comments?post=1504"}],"version-history":[{"count":0,"href":"https:\/\/niedersachsen-aidshilfe-migration.de\/ro\/wp-json\/wp\/v2\/pages\/1504\/revisions"}],"up":[{"embeddable":true,"href":"https:\/\/niedersachsen-aidshilfe-migration.de\/ro\/wp-json\/wp\/v2\/pages\/1492"}],"wp:attachment":[{"href":"https:\/\/niedersachsen-aidshilfe-migration.de\/ro\/wp-json\/wp\/v2\/media?parent=1504"}],"curies":[{"name":"wp","href":"https:\/\/api.w.org\/{rel}","templated":true}]}}