{"id":1498,"date":"2022-01-07T13:41:30","date_gmt":"2022-01-07T12:41:30","guid":{"rendered":"https:\/\/niedersachsen-aidshilfe-migration.de\/?page_id=1498"},"modified":"2022-01-07T13:41:30","modified_gmt":"2022-01-07T12:41:30","slug":"stati-de-vorba","status":"publish","type":"page","link":"https:\/\/niedersachsen-aidshilfe-migration.de\/ro\/sexualitatea-si-autodeterminarea\/stati-de-vorba\/","title":{"rendered":"Sta\u021bi de vorb\u0103"},"content":{"rendered":"<p>Poate c\u0103 face\u021bi sex cu o alt\u0103 persoan\u0103. Poate c\u0103 face\u021bi sex cu mai multe persoane. Poate c\u0103 ave\u021bi o rela\u021bie sau mai multe rela\u021bii. Poate c\u0103 ave\u021bi contacte sexuale ocazionale cu alte persoane.<\/p>\n<p>Lucrul important este urm\u0103torul: sta\u021bi \u00eentotdeauna de vorb\u0103 cu persoanele cu care face\u021bi sex. Spune\u021bi-le ce dori\u021bi \u0219i care sunt limitele dumneavoastr\u0103. Ce dori\u021bi s\u0103 face\u021bi? Ce v\u0103 place s\u0103 face\u021bi? Ce nu v\u0103 place? Ce nu v\u0103 place s\u0103 face\u021bi sub nicio form\u0103? Cine face sex cu dumneavoastr\u0103 trebuie s\u0103 v\u0103 respecte limitele. Iar dumneavoastr\u0103 trebuie s\u0103 respecta\u021bi limitele tuturor celorlalte persoane. Deseori e bine s\u0103 sta\u021bi de vorb\u0103 unii cu ceilal\u021bi. A\u0219a, persoanele se \u00een\u021beleg mai bine unele pe celelalte c\u00e2nd fac sex \u00eempreun\u0103.<\/p>\n<p>Mai multe informa\u021bii despre sexualitate, corp \u0219i sentimente g\u0103si\u021bi aici: <strong>www.zanzu.de<\/strong><\/p>\n<p>Informa\u021biile sunt disponibile \u00een diferite limbi.<\/p>\n","protected":false},"excerpt":{"rendered":"<p>Poate c\u0103 face\u021bi sex cu o alt\u0103 persoan\u0103. Poate c\u0103 face\u021bi sex cu mai multe persoane. Poate c\u0103 ave\u021bi o rela\u021bie sau mai multe rela\u021bii. Poate c\u0103 ave\u021bi contacte sexuale ocazionale cu alte persoane. Lucrul important este urm\u0103torul: sta\u021bi \u00eentotdeauna de vorb\u0103 cu persoanele cu care face\u021bi sex. Spune\u021bi-le ce dori\u021bi \u0219i care sunt limitele [&hellip;]<\/p>\n","protected":false},"author":3,"featured_media":0,"parent":1492,"menu_order":211,"comment_status":"closed","ping_status":"closed","template":"","meta":{"inline_featured_image":false,"_genesis_hide_title":false,"_genesis_hide_breadcrumbs":false,"_genesis_hide_singular_image":false,"_genesis_hide_footer_widgets":false,"_genesis_custom_body_class":"","_genesis_custom_post_class":"","_genesis_layout":"","footnotes":""},"class_list":{"0":"post-1498","1":"page","2":"type-page","3":"status-publish","5":"entry","6":"override"},"_links":{"self":[{"href":"https:\/\/niedersachsen-aidshilfe-migration.de\/ro\/wp-json\/wp\/v2\/pages\/1498","targetHints":{"allow":["GET"]}}],"collection":[{"href":"https:\/\/niedersachsen-aidshilfe-migration.de\/ro\/wp-json\/wp\/v2\/pages"}],"about":[{"href":"https:\/\/niedersachsen-aidshilfe-migration.de\/ro\/wp-json\/wp\/v2\/types\/page"}],"author":[{"embeddable":true,"href":"https:\/\/niedersachsen-aidshilfe-migration.de\/ro\/wp-json\/wp\/v2\/users\/3"}],"replies":[{"embeddable":true,"href":"https:\/\/niedersachsen-aidshilfe-migration.de\/ro\/wp-json\/wp\/v2\/comments?post=1498"}],"version-history":[{"count":0,"href":"https:\/\/niedersachsen-aidshilfe-migration.de\/ro\/wp-json\/wp\/v2\/pages\/1498\/revisions"}],"up":[{"embeddable":true,"href":"https:\/\/niedersachsen-aidshilfe-migration.de\/ro\/wp-json\/wp\/v2\/pages\/1492"}],"wp:attachment":[{"href":"https:\/\/niedersachsen-aidshilfe-migration.de\/ro\/wp-json\/wp\/v2\/media?parent=1498"}],"curies":[{"name":"wp","href":"https:\/\/api.w.org\/{rel}","templated":true}]}}