{"id":1496,"date":"2022-01-07T13:40:37","date_gmt":"2022-01-07T12:40:37","guid":{"rendered":"https:\/\/niedersachsen-aidshilfe-migration.de\/?page_id=1496"},"modified":"2022-01-07T13:40:37","modified_gmt":"2022-01-07T12:40:37","slug":"diversitatea-privind-sexualitatea","status":"publish","type":"page","link":"https:\/\/niedersachsen-aidshilfe-migration.de\/ro\/sexualitatea-si-autodeterminarea\/diversitatea-privind-sexualitatea\/","title":{"rendered":"Diversitatea privind sexualitatea"},"content":{"rendered":"<p>Sexualitatea este foarte diversificat\u0103. Forma corpului \u0219i organele sexuale sunt extrem de diferite de la persoan\u0103 la persoan\u0103. Iar oamenii folosesc diferite p\u0103r\u021bi ale corpului \u0219i organe genitale \u00een timp ce fac sex. Unora le place s\u0103 utilizeze \u0219i produse ajut\u0103toare sau juc\u0103rii sexuale.<\/p>\n<p>Fiec\u0103rei persoane \u00eei place s\u0103 fac\u0103 sex \u00een alt mod. Unora nu le place deloc s\u0103 fac\u0103 sex.<\/p>\n<p>Unele persoane se simt atrase de persoane de alt sex. Iar alte persoane se simt atrase de persoane de acela\u0219i sex. Alte persoane sunt atrase de mai multe sexe.<\/p>\n<p>Multe persoane doresc s\u0103 aib\u0103 o rela\u021bie monogam\u0103. Alte persoane au mai multe rela\u021bii \u00een acela\u0219i timp.<\/p>\n<p>Unor persoane le place s\u0103 fac\u0103 sex, dar nu doresc s\u0103 aib\u0103 o rela\u021bie. Alte persoane tr\u0103iesc \u00eentr-o rela\u021bie f\u0103r\u0103 s\u0103 aib\u0103 sex.<\/p>\n<p>Asta e foarte bine! Diversitatea aceasta este minunat\u0103!<\/p>\n<p>Mai multe informa\u021bii privind sexualitatea, diversitatea \u0219i rela\u021biile g\u0103si\u021bi aici: <a href=\"http:\/\/www.zanzu.de\"><strong>www.zanzu.de<\/strong><\/a><\/p>\n<p>Informa\u021biile sunt disponibile \u00een diferite limbi, le g\u0103si\u021bi \u0219i \u00een limba rom\u00e2n\u0103.<\/p>\n","protected":false},"excerpt":{"rendered":"<p>Sexualitatea este foarte diversificat\u0103. Forma corpului \u0219i organele sexuale sunt extrem de diferite de la persoan\u0103 la persoan\u0103. Iar oamenii folosesc diferite p\u0103r\u021bi ale corpului \u0219i organe genitale \u00een timp ce fac sex. Unora le place s\u0103 utilizeze \u0219i produse ajut\u0103toare sau juc\u0103rii sexuale. Fiec\u0103rei persoane \u00eei place s\u0103 fac\u0103 sex \u00een alt mod. Unora [&hellip;]<\/p>\n","protected":false},"author":3,"featured_media":0,"parent":1492,"menu_order":210,"comment_status":"closed","ping_status":"closed","template":"","meta":{"inline_featured_image":false,"_genesis_hide_title":false,"_genesis_hide_breadcrumbs":false,"_genesis_hide_singular_image":false,"_genesis_hide_footer_widgets":false,"_genesis_custom_body_class":"","_genesis_custom_post_class":"","_genesis_layout":"sidebar-content","footnotes":""},"class_list":{"0":"post-1496","1":"page","2":"type-page","3":"status-publish","5":"entry","6":"override"},"_links":{"self":[{"href":"https:\/\/niedersachsen-aidshilfe-migration.de\/ro\/wp-json\/wp\/v2\/pages\/1496","targetHints":{"allow":["GET"]}}],"collection":[{"href":"https:\/\/niedersachsen-aidshilfe-migration.de\/ro\/wp-json\/wp\/v2\/pages"}],"about":[{"href":"https:\/\/niedersachsen-aidshilfe-migration.de\/ro\/wp-json\/wp\/v2\/types\/page"}],"author":[{"embeddable":true,"href":"https:\/\/niedersachsen-aidshilfe-migration.de\/ro\/wp-json\/wp\/v2\/users\/3"}],"replies":[{"embeddable":true,"href":"https:\/\/niedersachsen-aidshilfe-migration.de\/ro\/wp-json\/wp\/v2\/comments?post=1496"}],"version-history":[{"count":0,"href":"https:\/\/niedersachsen-aidshilfe-migration.de\/ro\/wp-json\/wp\/v2\/pages\/1496\/revisions"}],"up":[{"embeddable":true,"href":"https:\/\/niedersachsen-aidshilfe-migration.de\/ro\/wp-json\/wp\/v2\/pages\/1492"}],"wp:attachment":[{"href":"https:\/\/niedersachsen-aidshilfe-migration.de\/ro\/wp-json\/wp\/v2\/media?parent=1496"}],"curies":[{"name":"wp","href":"https:\/\/api.w.org\/{rel}","templated":true}]}}