{"id":1492,"date":"2022-01-07T13:37:02","date_gmt":"2022-01-07T12:37:02","guid":{"rendered":"https:\/\/niedersachsen-aidshilfe-migration.de\/?page_id=1492"},"modified":"2022-02-02T13:48:15","modified_gmt":"2022-02-02T12:48:15","slug":"sexualitatea-si-autodeterminarea","status":"publish","type":"page","link":"https:\/\/niedersachsen-aidshilfe-migration.de\/ro\/sexualitatea-si-autodeterminarea\/","title":{"rendered":"Sexualitatea \u0219i autodeterminarea"},"content":{"rendered":"<p>Pentru multe persoane, sexualitatea face parte din via\u021ba de zi cu zi. Iar sexualitatea implic\u0103 sentimente precum dragostea, pl\u0103cerea sau siguran\u021ba. Sexualitatea \u00eenseamn\u0103 apropierea fizic\u0103 dintre persoane. A\u0219a se nasc sentimente frumoase, \u00eencredere \u0219i excitare.<\/p>\n<p>Pentru fiecare persoan\u0103, sexualitatea are o alt\u0103 semnifica\u021bie. Sexualitatea este foarte diversificat\u0103 \u0219i variat\u0103. Nu tuturor le place sexul \u00een acela\u0219i mod, dar asta este foarte bine!<\/p>\n<p>Un lucru deosebit de important este urm\u0103torul: sexualitatea trebuie s\u0103 aib\u0103 \u00eentotdeauna loc de bun\u0103 voie \u0219i s\u0103 fie consensual\u0103. Aceasta \u00eenseamn\u0103 c\u0103 toate persoanele implicate trebuie s\u0103 fie de acord cu actele sexuale.<\/p>\n<p>\u0218i c\u0103 toate persoanele pot s\u0103 decid\u0103 singure despre propriul lor corp.<\/p>\n","protected":false},"excerpt":{"rendered":"<p>Pentru multe persoane, sexualitatea face parte din via\u021ba de zi cu zi. Iar sexualitatea implic\u0103 sentimente precum dragostea, pl\u0103cerea sau siguran\u021ba. Sexualitatea \u00eenseamn\u0103 apropierea fizic\u0103 dintre persoane. A\u0219a se nasc sentimente frumoase, \u00eencredere \u0219i excitare. Pentru fiecare persoan\u0103, sexualitatea are o alt\u0103 semnifica\u021bie. Sexualitatea este foarte diversificat\u0103 \u0219i variat\u0103. Nu tuturor le place sexul \u00een [&hellip;]<\/p>\n","protected":false},"author":3,"featured_media":0,"parent":0,"menu_order":208,"comment_status":"closed","ping_status":"closed","template":"","meta":{"inline_featured_image":false,"_genesis_hide_title":false,"_genesis_hide_breadcrumbs":false,"_genesis_hide_singular_image":false,"_genesis_hide_footer_widgets":false,"_genesis_custom_body_class":"","_genesis_custom_post_class":"","_genesis_layout":"","footnotes":""},"class_list":{"0":"post-1492","1":"page","2":"type-page","3":"status-publish","5":"entry","6":"override"},"_links":{"self":[{"href":"https:\/\/niedersachsen-aidshilfe-migration.de\/ro\/wp-json\/wp\/v2\/pages\/1492","targetHints":{"allow":["GET"]}}],"collection":[{"href":"https:\/\/niedersachsen-aidshilfe-migration.de\/ro\/wp-json\/wp\/v2\/pages"}],"about":[{"href":"https:\/\/niedersachsen-aidshilfe-migration.de\/ro\/wp-json\/wp\/v2\/types\/page"}],"author":[{"embeddable":true,"href":"https:\/\/niedersachsen-aidshilfe-migration.de\/ro\/wp-json\/wp\/v2\/users\/3"}],"replies":[{"embeddable":true,"href":"https:\/\/niedersachsen-aidshilfe-migration.de\/ro\/wp-json\/wp\/v2\/comments?post=1492"}],"version-history":[{"count":0,"href":"https:\/\/niedersachsen-aidshilfe-migration.de\/ro\/wp-json\/wp\/v2\/pages\/1492\/revisions"}],"wp:attachment":[{"href":"https:\/\/niedersachsen-aidshilfe-migration.de\/ro\/wp-json\/wp\/v2\/media?parent=1492"}],"curies":[{"name":"wp","href":"https:\/\/api.w.org\/{rel}","templated":true}]}}