{"id":4102,"date":"2023-03-20T18:44:07","date_gmt":"2023-03-20T17:44:07","guid":{"rendered":"https:\/\/niedersachsen-aidshilfe-migration.de\/?page_id=4102"},"modified":"2023-03-20T18:44:07","modified_gmt":"2023-03-20T17:44:07","slug":"inne-infekcje-przenoszone-droga-plciowa","status":"publish","type":"page","link":"https:\/\/niedersachsen-aidshilfe-migration.de\/pl\/inne-infekcje-przenoszone-droga-plciowa\/","title":{"rendered":"Inne infekcje przenoszone drog\u0105 p\u0142ciow\u0105"},"content":{"rendered":"<p>Nie tylko HIV, ale te\u017c inne infekcje przenoszone drog\u0105 p\u0142ciow\u0105 (STI) mog\u0105 zagrozi\u0107 Twojemu zdrowiu. Na STI m\u00f3wi si\u0119 te\u017c czasami \u201echoroby weneryczne\u201d. To na przyk\u0142ad chlamydioza, rze\u017c\u0105czka i ki\u0142a (syfilis).<\/p>\n<p><strong>STI mo\u017cna si\u0119 zarazi\u0107 podczas wielu praktyk seksualnych. Prezerwatywy i prezerwatywy wewn\u0119trzne nie chroni\u0105 niestety ca\u0142kowicie przed STI.<\/strong><\/p>\n<p>Dlatego wa\u017cne jest rozpoznawanie STI. Bo zwykle STI mo\u017cna dobrze leczy\u0107 lekarstwami (na przyk\u0142ad antybiotykami). Ale bez lekarstw STI mog\u0105 mie\u0107 powa\u017cne skutki dla zdrowia.<\/p>\n<p>Czasami STI s\u0105 niewidoczne i nie powoduj\u0105 objaw\u00f3w. A czasami prowadz\u0105 do zmian na ciele albo do objaw\u00f3w.<\/p>\n<p><strong>STI mog\u0105 na przyk\u0142ad mie\u0107 takie objawy:<\/strong><\/p>\n<ul>\n<li>Up\u0142awy z penisa, z waginy albo z odbytu (pupy)<\/li>\n<li>Sw\u0119dzenie penisa, wulwy (waginy) albo odbytu (pupy)<\/li>\n<li>Pieczenie albo sw\u0119dzenie przy sikaniu<\/li>\n<li>Zmieniony kolor moczu albo ka\u0142u<\/li>\n<li>B\u00f3l i opuchlizna genitali\u00f3w<\/li>\n<li>Zaczerwienienie albo bia\u0142awy albo \u017c\u00f3\u0142tawy nalot w ustach, na genitaliach albo na odbycie (pupie)<\/li>\n<\/ul>\n<p>Uwa\u017caj na zmiany na sk\u00f3rze ludzi, z kt\u00f3rymi uprawiasz seks. Nie dotykaj tych zmian. Druga osoba powinna porozmawia\u0107 z lekarzem. Mo\u017ce potrzebuje te\u017c leczenia. Najlepiej przez ten czas nie uprawiaj seksu z t\u0105 osob\u0105.<\/p>\n<p>Uwa\u017caj te\u017c na takie zmiany na w\u0142asnym ciele. Czy co\u015b Ci si\u0119 rzuci\u0142o w oczy? Albo czy masz objawy, nawet lekkie? W takim razie daj si\u0119 zbada\u0107 lekarzowi. W przypadku choroby potrzebujesz w\u0142a\u015bciwych lekarstw. Do ko\u0144ca leczenia zrezygnuj prosz\u0119 z seksu.<\/p>\n<p><strong>Nikt nie musi si\u0119 wstydzi\u0107 STI. Wielu ludzi ma w \u017cyciu z nimi do czynienia. Wa\u017cne jest, \u017ceby STI odkry\u0107 i leczy\u0107.<\/strong><\/p>\n<p>Czy masz r\u00f3\u017cne kontakty seksualne? Wtedy dobrze jest raz na rok zrobi\u0107 test na STI. Na zapalenie w\u0105troby (\u201e\u017c\u00f3\u0142taczk\u0119\u201d) typu A i typu B mo\u017cna si\u0119 zaszczepi\u0107.<\/p>\n<p>Wi\u0119cej informacji i porad otrzymasz w poradni <a href=\"https:\/\/niedersachsen-aidshilfe-migration.de\/pl\/poradnie-aidshilfe-w-dolnej-saksonii\/\">Aidshilfe<\/a> w Twojej okolicy. Nie musisz przy tym podawa\u0107 swojego imienia i nazwiska.<\/p>\n<p>Tutaj znajdziesz dalsze informacje o STI w codziennym j\u0119zyku niemieckim:<\/p>\n<p><a href=\"https:\/\/www.aidshilfe.de\/geschlechtskrankheiten\" target=\"_blank\" rel=\"noopener\">https:\/\/www.aidshilfe.de\/geschlechtskrankheiten<\/a><\/p>\n","protected":false},"excerpt":{"rendered":"<p>Nie tylko HIV, ale te\u017c inne infekcje przenoszone drog\u0105 p\u0142ciow\u0105 (STI) mog\u0105 zagrozi\u0107 Twojemu zdrowiu. Na STI m\u00f3wi si\u0119 te\u017c czasami \u201echoroby weneryczne\u201d. To na przyk\u0142ad chlamydioza, rze\u017c\u0105czka i ki\u0142a (syfilis). STI mo\u017cna si\u0119 zarazi\u0107 podczas wielu praktyk seksualnych. Prezerwatywy i prezerwatywy wewn\u0119trzne nie chroni\u0105 niestety ca\u0142kowicie przed STI. Dlatego wa\u017cne jest rozpoznawanie STI. Bo [&hellip;]<\/p>\n","protected":false},"author":3,"featured_media":0,"parent":0,"menu_order":178,"comment_status":"closed","ping_status":"closed","template":"","meta":{"inline_featured_image":false,"_genesis_hide_title":false,"_genesis_hide_breadcrumbs":false,"_genesis_hide_singular_image":false,"_genesis_hide_footer_widgets":false,"_genesis_custom_body_class":"","_genesis_custom_post_class":"","_genesis_layout":"","footnotes":""},"class_list":{"0":"post-4102","1":"page","2":"type-page","3":"status-publish","5":"entry","6":"override"},"_links":{"self":[{"href":"https:\/\/niedersachsen-aidshilfe-migration.de\/pl\/wp-json\/wp\/v2\/pages\/4102","targetHints":{"allow":["GET"]}}],"collection":[{"href":"https:\/\/niedersachsen-aidshilfe-migration.de\/pl\/wp-json\/wp\/v2\/pages"}],"about":[{"href":"https:\/\/niedersachsen-aidshilfe-migration.de\/pl\/wp-json\/wp\/v2\/types\/page"}],"author":[{"embeddable":true,"href":"https:\/\/niedersachsen-aidshilfe-migration.de\/pl\/wp-json\/wp\/v2\/users\/3"}],"replies":[{"embeddable":true,"href":"https:\/\/niedersachsen-aidshilfe-migration.de\/pl\/wp-json\/wp\/v2\/comments?post=4102"}],"version-history":[{"count":0,"href":"https:\/\/niedersachsen-aidshilfe-migration.de\/pl\/wp-json\/wp\/v2\/pages\/4102\/revisions"}],"wp:attachment":[{"href":"https:\/\/niedersachsen-aidshilfe-migration.de\/pl\/wp-json\/wp\/v2\/media?parent=4102"}],"curies":[{"name":"wp","href":"https:\/\/api.w.org\/{rel}","templated":true}]}}