{"id":4100,"date":"2023-03-20T18:36:00","date_gmt":"2023-03-20T17:36:00","guid":{"rendered":"https:\/\/niedersachsen-aidshilfe-migration.de\/?page_id=4100"},"modified":"2023-04-18T13:06:58","modified_gmt":"2023-04-18T11:06:58","slug":"poradnie","status":"publish","type":"page","link":"https:\/\/niedersachsen-aidshilfe-migration.de\/pl\/poradnie\/","title":{"rendered":"Nasza oferta"},"content":{"rendered":"<p>Poradnie <a href=\"https:\/\/niedersachsen-aidshilfe-migration.de\/pl\/poradnie-aidshilfe-w-dolnej-saksonii\/\">Aidshilfe<\/a> darmowo doradz\u0105 Ci w wielu kwestiach:<\/p>\n<ul>\n<li>Zdrowie w seksualno\u015bci<\/li>\n<li>Testy na HIV i inne infekcje przenoszone drog\u0105 p\u0142ciow\u0105 (STI)<\/li>\n<li>Leczenie HIV i infekcji przenoszonych drog\u0105 p\u0142ciow\u0105<\/li>\n<li>\u017bycie z HIV<\/li>\n<li>Wolno\u015b\u0107 seksualna<\/li>\n<li>R\u00f3\u017cnorodno\u015b\u0107 seksualna i p\u0142ciowa<\/li>\n<li>Ochrona przed dyskryminacj\u0105<\/li>\n<\/ul>\n<p><strong>Czy masz pytania na temat HIV albo innych STI?<\/strong> Mo\u017cesz je zada\u0107 <a href=\"https:\/\/niedersachsen-aidshilfe-migration.de\/pl\/poradnie-aidshilfe-w-dolnej-saksonii\/\">Aidshilfe<\/a>. Aidshilfe pomaga i doradza na przyk\u0142ad w tych kwestiach: Jak dochodzi do zara\u017cenia HIV i STI? Jak si\u0119 chroni\u0107 przed HIV i STI? Jak leczy\u0107 HIV i STI? Porady s\u0105 darmowe. S\u0105 te\u017c poufne. Nie musisz podawa\u0107 swojego imienia i nazwiska.<\/p>\n<p>Czy co\u015b nie wysz\u0142o z prezerwatyw\u0105 albo prezerwatyw\u0105 wewn\u0119trzn\u0105? Albo czy obawiasz si\u0119, \u017ce podczas seksu mog\u0142o doj\u015b\u0107 do zara\u017cenia? Poradnia <a href=\"https:\/\/niedersachsen-aidshilfe-migration.de\/pl\/poradnie-aidshilfe-w-dolnej-saksonii\/\">Aidshilfe<\/a> w Twojej okolicy ch\u0119tnie Ci pomo\u017ce.<\/p>\n<p>Czy chcesz wiedzie\u0107, czy masz HIV albo inne STI? Mo\u017cesz si\u0119 przetestowa\u0107. <strong>W wielu poradniach <a href=\"https:\/\/niedersachsen-aidshilfe-migration.de\/pl\/poradnie-aidshilfe-w-dolnej-saksonii\/\">Aidshilfe<\/a> albo urz\u0119dach zdrowia mo\u017cesz zrobi\u0107 <a href=\"https:\/\/niedersachsen-aidshilfe-migration.de\/pl\/hiv\/test-na-hiv\/\">test na HIV albo test na STI<\/a>.<\/strong> Test jest anonimowy. Nikt poza Tob\u0105 nie pozna wyniku testu. Wi\u0119cej informacji otrzymasz w poradni Aidshilfe w swojej okolicy.<\/p>\n<p>Z HIV mo\u017cna \u017cy\u0107 r\u00f3wnie dobrze jak bez HIV. Ale potrzeba do tego terapii i<strong>\u00a0<\/strong><strong>lekarstw<\/strong>. W Niemczech to mo\u017cliwe. Ale w niekt\u00f3rych krajach nie. Dlatego zara\u017cenie HIV mo\u017ce w Niemczech czasami by\u0107 <strong>powodem do azylu<\/strong>. Czy masz pytania na ten temat? Poradnia Aidshilfe ch\u0119tnie Ci pomo\u017ce.<\/p>\n<p>Czy w Twojej ojczy\u017anie dyskryminowano Ci\u0119 z powodu Twojej orientacji seksualnej? To mo\u017ce by\u0107 <strong>pow\u00f3d, \u017ceby uzyska\u0107 azyl<\/strong> w Niemczech.<\/p>\n<p>Tutaj znajdziesz wa\u017cne informacje na ten temat:<\/p>\n<p><a href=\"http:\/\/www.queer-refugees.de\" target=\"_blank\" rel=\"noopener\">www.queer-refugees.de<\/a><\/p>\n<p>Informacje s\u0105 w r\u00f3\u017cnych j\u0119zykach.<\/p>\n","protected":false},"excerpt":{"rendered":"<p>Poradnie Aidshilfe darmowo doradz\u0105 Ci w wielu kwestiach: Zdrowie w seksualno\u015bci Testy na HIV i inne infekcje przenoszone drog\u0105 p\u0142ciow\u0105 (STI) Leczenie HIV i infekcji przenoszonych drog\u0105 p\u0142ciow\u0105 \u017bycie z HIV Wolno\u015b\u0107 seksualna R\u00f3\u017cnorodno\u015b\u0107 seksualna i p\u0142ciowa Ochrona przed dyskryminacj\u0105 Czy masz pytania na temat HIV albo innych STI? Mo\u017cesz je zada\u0107 Aidshilfe. Aidshilfe pomaga [&hellip;]<\/p>\n","protected":false},"author":3,"featured_media":0,"parent":0,"menu_order":11,"comment_status":"closed","ping_status":"closed","template":"","meta":{"inline_featured_image":false,"_genesis_hide_title":false,"_genesis_hide_breadcrumbs":false,"_genesis_hide_singular_image":false,"_genesis_hide_footer_widgets":false,"_genesis_custom_body_class":"","_genesis_custom_post_class":"","_genesis_layout":"full-width-content","footnotes":""},"class_list":{"0":"post-4100","1":"page","2":"type-page","3":"status-publish","5":"entry","6":"override"},"_links":{"self":[{"href":"https:\/\/niedersachsen-aidshilfe-migration.de\/pl\/wp-json\/wp\/v2\/pages\/4100","targetHints":{"allow":["GET"]}}],"collection":[{"href":"https:\/\/niedersachsen-aidshilfe-migration.de\/pl\/wp-json\/wp\/v2\/pages"}],"about":[{"href":"https:\/\/niedersachsen-aidshilfe-migration.de\/pl\/wp-json\/wp\/v2\/types\/page"}],"author":[{"embeddable":true,"href":"https:\/\/niedersachsen-aidshilfe-migration.de\/pl\/wp-json\/wp\/v2\/users\/3"}],"replies":[{"embeddable":true,"href":"https:\/\/niedersachsen-aidshilfe-migration.de\/pl\/wp-json\/wp\/v2\/comments?post=4100"}],"version-history":[{"count":2,"href":"https:\/\/niedersachsen-aidshilfe-migration.de\/pl\/wp-json\/wp\/v2\/pages\/4100\/revisions"}],"predecessor-version":[{"id":4371,"href":"https:\/\/niedersachsen-aidshilfe-migration.de\/pl\/wp-json\/wp\/v2\/pages\/4100\/revisions\/4371"}],"wp:attachment":[{"href":"https:\/\/niedersachsen-aidshilfe-migration.de\/pl\/wp-json\/wp\/v2\/media?parent=4100"}],"curies":[{"name":"wp","href":"https:\/\/api.w.org\/{rel}","templated":true}]}}