{"id":4093,"date":"2023-03-20T18:14:54","date_gmt":"2023-03-20T17:14:54","guid":{"rendered":"https:\/\/niedersachsen-aidshilfe-migration.de\/?page_id=4093"},"modified":"2023-03-20T18:14:54","modified_gmt":"2023-03-20T17:14:54","slug":"hiv-i-dyskryminacja","status":"publish","type":"page","link":"https:\/\/niedersachsen-aidshilfe-migration.de\/pl\/%d0%b6%d0%b8%d0%b7%d0%bd%d1%8c-%d1%81-%d0%b2%d0%b8%d1%87\/hiv-i-dyskryminacja\/","title":{"rendered":"HIV i dyskryminacja"},"content":{"rendered":"<p>Wiele os\u00f3b z HIV spotyka si\u0119 na co dzie\u0144 z odrzuceniem i dyskryminacj\u0105. Mo\u017ce si\u0119 to wydarzy\u0107 w rodzinie tak samo jak w pracy. Czasami nawet przychodnie lekarskie nie chc\u0105 przyjmowa\u0107 ludzi z HIV.<\/p>\n<p>S\u0105 prawa przeciwko tej dyskryminacji. Dyskryminacja z powodu HIV nie jest w porz\u0105dku!<\/p>\n<p><strong>Czy zdarzy\u0142o Ci si\u0119 dozna\u0107 dyskryminacji z powodu HIV?<\/strong><\/p>\n<p>Mo\u017ce chcesz si\u0119 przeciw niej broni\u0107. Albo potrzebujesz innego rozwi\u0105zania. Poradnia Aidshilfe w Twojej okolicy ch\u0119tnie Ci doradzi i pomo\u017ce chroni\u0107 Twoje prawa.<\/p>\n<p>Jest te\u017c punkt kontaktowy do spraw dyskryminacji przy Deutsche Aidshilfe:<\/p>\n<p><a href=\"http:\/\/www.hiv-diskriminierung.de\/kontaktstelle\">www.hiv-diskriminierung.de\/kontaktstelle<\/a><\/p>\n","protected":false},"excerpt":{"rendered":"<p>Wiele os\u00f3b z HIV spotyka si\u0119 na co dzie\u0144 z odrzuceniem i dyskryminacj\u0105. Mo\u017ce si\u0119 to wydarzy\u0107 w rodzinie tak samo jak w pracy. Czasami nawet przychodnie lekarskie nie chc\u0105 przyjmowa\u0107 ludzi z HIV. S\u0105 prawa przeciwko tej dyskryminacji. Dyskryminacja z powodu HIV nie jest w porz\u0105dku! Czy zdarzy\u0142o Ci si\u0119 dozna\u0107 dyskryminacji z powodu [&hellip;]<\/p>\n","protected":false},"author":3,"featured_media":0,"parent":4003,"menu_order":75,"comment_status":"closed","ping_status":"closed","template":"","meta":{"inline_featured_image":false,"_genesis_hide_title":false,"_genesis_hide_breadcrumbs":false,"_genesis_hide_singular_image":false,"_genesis_hide_footer_widgets":false,"_genesis_custom_body_class":"","_genesis_custom_post_class":"","_genesis_layout":"","footnotes":""},"class_list":{"0":"post-4093","1":"page","2":"type-page","3":"status-publish","5":"entry","6":"override"},"_links":{"self":[{"href":"https:\/\/niedersachsen-aidshilfe-migration.de\/pl\/wp-json\/wp\/v2\/pages\/4093","targetHints":{"allow":["GET"]}}],"collection":[{"href":"https:\/\/niedersachsen-aidshilfe-migration.de\/pl\/wp-json\/wp\/v2\/pages"}],"about":[{"href":"https:\/\/niedersachsen-aidshilfe-migration.de\/pl\/wp-json\/wp\/v2\/types\/page"}],"author":[{"embeddable":true,"href":"https:\/\/niedersachsen-aidshilfe-migration.de\/pl\/wp-json\/wp\/v2\/users\/3"}],"replies":[{"embeddable":true,"href":"https:\/\/niedersachsen-aidshilfe-migration.de\/pl\/wp-json\/wp\/v2\/comments?post=4093"}],"version-history":[{"count":0,"href":"https:\/\/niedersachsen-aidshilfe-migration.de\/pl\/wp-json\/wp\/v2\/pages\/4093\/revisions"}],"up":[{"embeddable":true,"href":"https:\/\/niedersachsen-aidshilfe-migration.de\/pl\/wp-json\/wp\/v2\/pages\/4003"}],"wp:attachment":[{"href":"https:\/\/niedersachsen-aidshilfe-migration.de\/pl\/wp-json\/wp\/v2\/media?parent=4093"}],"curies":[{"name":"wp","href":"https:\/\/api.w.org\/{rel}","templated":true}]}}