{"id":4089,"date":"2023-03-20T12:30:35","date_gmt":"2023-03-20T11:30:35","guid":{"rendered":"https:\/\/niedersachsen-aidshilfe-migration.de\/?page_id=4089"},"modified":"2023-03-20T12:30:35","modified_gmt":"2023-03-20T11:30:35","slug":"hiv-i-ciaza","status":"publish","type":"page","link":"https:\/\/niedersachsen-aidshilfe-migration.de\/pl\/%d0%b6%d0%b8%d0%b7%d0%bd%d1%8c-%d1%81-%d0%b2%d0%b8%d1%87\/hiv-i-ciaza\/","title":{"rendered":"HIV i ci\u0105\u017ca"},"content":{"rendered":"<p>Ludzie z HIV mog\u0105 mie\u0107 w\u0142asne zdrowe dzieci i naturalny por\u00f3d. Warunkiem jest skuteczna terapia HIV. Lekarstwa na HIV chroni\u0105 dziecko podczas ci\u0105\u017cy i porodu. Wa\u017cne jest, \u017ceby dok\u0142adnie om\u00f3wi\u0107 wszystko z lekarzem i by\u0107 pod opiek\u0105 lekarsk\u0105.<\/p>\n<p>Bez lekarstw na HIV dziecko mo\u017ce si\u0119 zarazi\u0107 podczas ci\u0105\u017cy, porodu albo podczas karmienia piersi\u0105.<\/p>\n<p>Poradnia Aidshilfe w Twojej okolicy ch\u0119tnie Ci pomo\u017ce. <a href=\"https:\/\/niedersachsen-aidshilfe-migration.de\/pl\/poradnie-aidshilfe-w-dolnej-saksonii\/\">Aidshilfe<\/a> mo\u017ce wspiera\u0107 Ci\u0119 przed i po porodzie.<\/p>\n<p>Tutaj znajdziesz wi\u0119cej informacji na temat HIV, dzieci i ci\u0105\u017cy w codziennym j\u0119zyku niemieckim:<\/p>\n<p><a href=\"https:\/\/www.aidshilfe.de\/kinderwunsch\" target=\"_blank\" rel=\"noopener\">https:\/\/www.aidshilfe.de\/kinderwunsch<\/a><\/p>\n","protected":false},"excerpt":{"rendered":"<p>Ludzie z HIV mog\u0105 mie\u0107 w\u0142asne zdrowe dzieci i naturalny por\u00f3d. Warunkiem jest skuteczna terapia HIV. Lekarstwa na HIV chroni\u0105 dziecko podczas ci\u0105\u017cy i porodu. Wa\u017cne jest, \u017ceby dok\u0142adnie om\u00f3wi\u0107 wszystko z lekarzem i by\u0107 pod opiek\u0105 lekarsk\u0105. Bez lekarstw na HIV dziecko mo\u017ce si\u0119 zarazi\u0107 podczas ci\u0105\u017cy, porodu albo podczas karmienia piersi\u0105. Poradnia Aidshilfe [&hellip;]<\/p>\n","protected":false},"author":3,"featured_media":0,"parent":4003,"menu_order":67,"comment_status":"closed","ping_status":"closed","template":"","meta":{"inline_featured_image":false,"_genesis_hide_title":false,"_genesis_hide_breadcrumbs":false,"_genesis_hide_singular_image":false,"_genesis_hide_footer_widgets":false,"_genesis_custom_body_class":"","_genesis_custom_post_class":"","_genesis_layout":"","footnotes":""},"class_list":{"0":"post-4089","1":"page","2":"type-page","3":"status-publish","5":"entry","6":"override"},"_links":{"self":[{"href":"https:\/\/niedersachsen-aidshilfe-migration.de\/pl\/wp-json\/wp\/v2\/pages\/4089","targetHints":{"allow":["GET"]}}],"collection":[{"href":"https:\/\/niedersachsen-aidshilfe-migration.de\/pl\/wp-json\/wp\/v2\/pages"}],"about":[{"href":"https:\/\/niedersachsen-aidshilfe-migration.de\/pl\/wp-json\/wp\/v2\/types\/page"}],"author":[{"embeddable":true,"href":"https:\/\/niedersachsen-aidshilfe-migration.de\/pl\/wp-json\/wp\/v2\/users\/3"}],"replies":[{"embeddable":true,"href":"https:\/\/niedersachsen-aidshilfe-migration.de\/pl\/wp-json\/wp\/v2\/comments?post=4089"}],"version-history":[{"count":0,"href":"https:\/\/niedersachsen-aidshilfe-migration.de\/pl\/wp-json\/wp\/v2\/pages\/4089\/revisions"}],"up":[{"embeddable":true,"href":"https:\/\/niedersachsen-aidshilfe-migration.de\/pl\/wp-json\/wp\/v2\/pages\/4003"}],"wp:attachment":[{"href":"https:\/\/niedersachsen-aidshilfe-migration.de\/pl\/wp-json\/wp\/v2\/media?parent=4089"}],"curies":[{"name":"wp","href":"https:\/\/api.w.org\/{rel}","templated":true}]}}