{"id":4083,"date":"2023-03-20T11:13:29","date_gmt":"2023-03-20T10:13:29","guid":{"rendered":"https:\/\/niedersachsen-aidshilfe-migration.de\/?page_id=4083"},"modified":"2023-03-22T14:35:35","modified_gmt":"2023-03-22T13:35:35","slug":"hiv-im-alltag","status":"publish","type":"page","link":"https:\/\/niedersachsen-aidshilfe-migration.de\/pl\/%d0%b6%d0%b8%d0%b7%d0%bd%d1%8c-%d1%81-%d0%b2%d0%b8%d1%87\/hiv-im-alltag\/","title":{"rendered":"HIV w \u017cyciu codziennym"},"content":{"rendered":"<p>HIV przenosi si\u0119 przede wszystkim podczas niechronionego seksu waginalnego i analnego. R\u00f3wnie\u017c podczas u\u017cywania narkotyk\u00f3w mo\u017cna zarazi\u0107 si\u0119 HIV. Niemowl\u0119ta mog\u0105 zarazi\u0107 si\u0119 HIV podczas porodu albo karmienia piersi\u0105. Ryzyko HIV przy seksie oralnym jest bardzo niskie.<\/p>\n","protected":false},"excerpt":{"rendered":"<p>HIV przenosi si\u0119 przede wszystkim podczas niechronionego seksu waginalnego i analnego. R\u00f3wnie\u017c podczas u\u017cywania narkotyk\u00f3w mo\u017cna zarazi\u0107 si\u0119 HIV. Niemowl\u0119ta mog\u0105 zarazi\u0107 si\u0119 HIV podczas porodu albo karmienia piersi\u0105. Ryzyko HIV przy seksie oralnym jest bardzo niskie.<\/p>\n","protected":false},"author":3,"featured_media":0,"parent":4003,"menu_order":14,"comment_status":"closed","ping_status":"closed","template":"","meta":{"inline_featured_image":false,"_genesis_hide_title":false,"_genesis_hide_breadcrumbs":false,"_genesis_hide_singular_image":false,"_genesis_hide_footer_widgets":false,"_genesis_custom_body_class":"","_genesis_custom_post_class":"","_genesis_layout":"","footnotes":""},"class_list":{"0":"post-4083","1":"page","2":"type-page","3":"status-publish","5":"entry","6":"override"},"_links":{"self":[{"href":"https:\/\/niedersachsen-aidshilfe-migration.de\/pl\/wp-json\/wp\/v2\/pages\/4083","targetHints":{"allow":["GET"]}}],"collection":[{"href":"https:\/\/niedersachsen-aidshilfe-migration.de\/pl\/wp-json\/wp\/v2\/pages"}],"about":[{"href":"https:\/\/niedersachsen-aidshilfe-migration.de\/pl\/wp-json\/wp\/v2\/types\/page"}],"author":[{"embeddable":true,"href":"https:\/\/niedersachsen-aidshilfe-migration.de\/pl\/wp-json\/wp\/v2\/users\/3"}],"replies":[{"embeddable":true,"href":"https:\/\/niedersachsen-aidshilfe-migration.de\/pl\/wp-json\/wp\/v2\/comments?post=4083"}],"version-history":[{"count":0,"href":"https:\/\/niedersachsen-aidshilfe-migration.de\/pl\/wp-json\/wp\/v2\/pages\/4083\/revisions"}],"up":[{"embeddable":true,"href":"https:\/\/niedersachsen-aidshilfe-migration.de\/pl\/wp-json\/wp\/v2\/pages\/4003"}],"wp:attachment":[{"href":"https:\/\/niedersachsen-aidshilfe-migration.de\/pl\/wp-json\/wp\/v2\/media?parent=4083"}],"curies":[{"name":"wp","href":"https:\/\/api.w.org\/{rel}","templated":true}]}}