{"id":4081,"date":"2023-03-20T11:06:21","date_gmt":"2023-03-20T10:06:21","guid":{"rendered":"https:\/\/niedersachsen-aidshilfe-migration.de\/?page_id=4081"},"modified":"2023-03-20T11:06:21","modified_gmt":"2023-03-20T10:06:21","slug":"hiv-i-seksualnosc","status":"publish","type":"page","link":"https:\/\/niedersachsen-aidshilfe-migration.de\/pl\/%d0%b6%d0%b8%d0%b7%d0%bd%d1%8c-%d1%81-%d0%b2%d0%b8%d1%87\/hiv-i-seksualnosc\/","title":{"rendered":"HIV i seksualno\u015b\u0107"},"content":{"rendered":"<p>Na co dzie\u0144 nikt nie mo\u017ce zarazi\u0107 si\u0119 HIV, przy skutecznej terapii HIV nawet podczas seksu. Bo skuteczna terapia HIV zapobiega zara\u017ceniu HIV nawet podczas seksu bez prezerwatywy. M\u00f3wi si\u0119 na to \u201eochrona przez terapi\u0119\u201d. Ta ochrona jest udowodniona naukowo. Wi\u0119c przy skutecznej terapii HIV ludzie z HIV i ludzie bez HIV mog\u0105 bez ryzyka uprawia\u0107 ze sob\u0105 seks. Dla wielu ludzi to wielka ulga!<\/p>\n<p>Poradnia <a href=\"https:\/\/niedersachsen-aidshilfe-migration.de\/pl\/poradnie-aidshilfe-w-dolnej-saksonii\/\">Aidshilfe<\/a> w Twojej okolicy poda Ci wi\u0119cej informacji na temat ochrony przez terapi\u0119.<\/p>\n<p>Tutaj znajdziesz wi\u0119cej informacji na temat ochrony przez terapi\u0119 w codziennym j\u0119zyku niemieckim:<\/p>\n<p><a href=\"https:\/\/www.aidshilfe.de\/schutz-therapie\">https:\/\/www.aidshilfe.de\/schutz-therapie<\/a><\/p>\n","protected":false},"excerpt":{"rendered":"<p>Na co dzie\u0144 nikt nie mo\u017ce zarazi\u0107 si\u0119 HIV, przy skutecznej terapii HIV nawet podczas seksu. Bo skuteczna terapia HIV zapobiega zara\u017ceniu HIV nawet podczas seksu bez prezerwatywy. M\u00f3wi si\u0119 na to \u201eochrona przez terapi\u0119\u201d. Ta ochrona jest udowodniona naukowo. Wi\u0119c przy skutecznej terapii HIV ludzie z HIV i ludzie bez HIV mog\u0105 bez ryzyka [&hellip;]<\/p>\n","protected":false},"author":3,"featured_media":0,"parent":4003,"menu_order":51,"comment_status":"closed","ping_status":"closed","template":"","meta":{"inline_featured_image":false,"_genesis_hide_title":false,"_genesis_hide_breadcrumbs":false,"_genesis_hide_singular_image":false,"_genesis_hide_footer_widgets":false,"_genesis_custom_body_class":"","_genesis_custom_post_class":"","_genesis_layout":"","footnotes":""},"class_list":{"0":"post-4081","1":"page","2":"type-page","3":"status-publish","5":"entry","6":"override"},"_links":{"self":[{"href":"https:\/\/niedersachsen-aidshilfe-migration.de\/pl\/wp-json\/wp\/v2\/pages\/4081","targetHints":{"allow":["GET"]}}],"collection":[{"href":"https:\/\/niedersachsen-aidshilfe-migration.de\/pl\/wp-json\/wp\/v2\/pages"}],"about":[{"href":"https:\/\/niedersachsen-aidshilfe-migration.de\/pl\/wp-json\/wp\/v2\/types\/page"}],"author":[{"embeddable":true,"href":"https:\/\/niedersachsen-aidshilfe-migration.de\/pl\/wp-json\/wp\/v2\/users\/3"}],"replies":[{"embeddable":true,"href":"https:\/\/niedersachsen-aidshilfe-migration.de\/pl\/wp-json\/wp\/v2\/comments?post=4081"}],"version-history":[{"count":0,"href":"https:\/\/niedersachsen-aidshilfe-migration.de\/pl\/wp-json\/wp\/v2\/pages\/4081\/revisions"}],"up":[{"embeddable":true,"href":"https:\/\/niedersachsen-aidshilfe-migration.de\/pl\/wp-json\/wp\/v2\/pages\/4003"}],"wp:attachment":[{"href":"https:\/\/niedersachsen-aidshilfe-migration.de\/pl\/wp-json\/wp\/v2\/media?parent=4081"}],"curies":[{"name":"wp","href":"https:\/\/api.w.org\/{rel}","templated":true}]}}