{"id":4074,"date":"2023-03-20T10:58:04","date_gmt":"2023-03-20T09:58:04","guid":{"rendered":"https:\/\/niedersachsen-aidshilfe-migration.de\/?page_id=4074"},"modified":"2023-04-18T13:28:13","modified_gmt":"2023-04-18T11:28:13","slug":"test-na-hiv","status":"publish","type":"page","link":"https:\/\/niedersachsen-aidshilfe-migration.de\/pl\/hiv\/test-na-hiv\/","title":{"rendered":"Test na HIV"},"content":{"rendered":"<p>Czy co\u015b nie wysz\u0142o z prezerwatyw\u0105 albo prezerwatyw\u0105 wewn\u0119trzn\u0105? Wtedy sensowny mo\u017ce by\u0107 test na HIV.<\/p>\n<p>Czy masz r\u00f3\u017cne kontakty seksualne? Wtedy dobrze jest raz w roku zrobi\u0107 test na HIV.<\/p>\n<p><strong>Jest wiele dobrych powod\u00f3w, \u017ceby zrobi\u0107 test na HIV:<\/strong><\/p>\n<ul>\n<li>\u017byczenie, \u017ceby w zwi\u0105zku albo partnerstwie spa\u0107 ze sob\u0105 bez prezerwatywy<\/li>\n<li>Pr\u00f3ba zaj\u015bcia w ci\u0105\u017c\u0119<\/li>\n<li>Ci\u0105\u017ca<\/li>\n<li>Pewno\u015b\u0107 po ryzyku zara\u017cenia HIV<\/li>\n<li>Wczesne leczenie po mo\u017cliwym zara\u017ceniu HIV<\/li>\n<li>Wyja\u015bnienie objaw\u00f3w<\/li>\n<\/ul>\n<p>Test na HIV jest zawsze dobrowolny. To znaczy, \u017ce ka\u017cdy mo\u017ce samemu zdecydowa\u0107, czy chce go zrobi\u0107, czy nie. Bez zgody nie wolno zrobi\u0107 testu na HIV. Niewa\u017cne, czy jeste\u015b w szpitalu czy przychodni.<\/p>\n<p><strong>S\u0105 r\u00f3\u017cne testy na HIV:<\/strong><\/p>\n<ul>\n<li>laboratoryjny test na HIV<\/li>\n<li>szybki test na HIV<\/li>\n<li>domowy test na HIV<\/li>\n<\/ul>\n<p>Wi\u0119kszo\u015b\u0107 poradni Aidshilfe i wiele urz\u0119d\u00f3w zdrowia oferuje testy na HIV. Test jest anonimowy. To znaczy, \u017ce nie musisz podawa\u0107 swojego imienia i nazwiska. Nikt poza Tob\u0105 nie pozna wyniku testu. Tak samo jest, je\u017celi testujesz si\u0119 w szpitalu albo u lekarza.<\/p>\n<p>Tutaj znajdziesz dalsze informacje o te\u015bcie na HIV w codziennym j\u0119zyku niemieckim: www.aidshilfe.de<\/p>\n","protected":false},"excerpt":{"rendered":"<p>Czy co\u015b nie wysz\u0142o z prezerwatyw\u0105 albo prezerwatyw\u0105 wewn\u0119trzn\u0105? Wtedy sensowny mo\u017ce by\u0107 test na HIV. Czy masz r\u00f3\u017cne kontakty seksualne? Wtedy dobrze jest raz w roku zrobi\u0107 test na HIV. Jest wiele dobrych powod\u00f3w, \u017ceby zrobi\u0107 test na HIV: \u017byczenie, \u017ceby w zwi\u0105zku albo partnerstwie spa\u0107 ze sob\u0105 bez prezerwatywy Pr\u00f3ba zaj\u015bcia w ci\u0105\u017c\u0119 [&hellip;]<\/p>\n","protected":false},"author":3,"featured_media":0,"parent":4063,"menu_order":112,"comment_status":"closed","ping_status":"closed","template":"","meta":{"inline_featured_image":false,"_genesis_hide_title":false,"_genesis_hide_breadcrumbs":false,"_genesis_hide_singular_image":false,"_genesis_hide_footer_widgets":false,"_genesis_custom_body_class":"","_genesis_custom_post_class":"","_genesis_layout":"","footnotes":""},"class_list":{"0":"post-4074","1":"page","2":"type-page","3":"status-publish","5":"entry","6":"override"},"_links":{"self":[{"href":"https:\/\/niedersachsen-aidshilfe-migration.de\/pl\/wp-json\/wp\/v2\/pages\/4074","targetHints":{"allow":["GET"]}}],"collection":[{"href":"https:\/\/niedersachsen-aidshilfe-migration.de\/pl\/wp-json\/wp\/v2\/pages"}],"about":[{"href":"https:\/\/niedersachsen-aidshilfe-migration.de\/pl\/wp-json\/wp\/v2\/types\/page"}],"author":[{"embeddable":true,"href":"https:\/\/niedersachsen-aidshilfe-migration.de\/pl\/wp-json\/wp\/v2\/users\/3"}],"replies":[{"embeddable":true,"href":"https:\/\/niedersachsen-aidshilfe-migration.de\/pl\/wp-json\/wp\/v2\/comments?post=4074"}],"version-history":[{"count":1,"href":"https:\/\/niedersachsen-aidshilfe-migration.de\/pl\/wp-json\/wp\/v2\/pages\/4074\/revisions"}],"predecessor-version":[{"id":4378,"href":"https:\/\/niedersachsen-aidshilfe-migration.de\/pl\/wp-json\/wp\/v2\/pages\/4074\/revisions\/4378"}],"up":[{"embeddable":true,"href":"https:\/\/niedersachsen-aidshilfe-migration.de\/pl\/wp-json\/wp\/v2\/pages\/4063"}],"wp:attachment":[{"href":"https:\/\/niedersachsen-aidshilfe-migration.de\/pl\/wp-json\/wp\/v2\/media?parent=4074"}],"curies":[{"name":"wp","href":"https:\/\/api.w.org\/{rel}","templated":true}]}}