{"id":4073,"date":"2023-03-20T10:56:55","date_gmt":"2023-03-20T09:56:55","guid":{"rendered":"https:\/\/niedersachsen-aidshilfe-migration.de\/?page_id=4073"},"modified":"2023-03-20T10:56:55","modified_gmt":"2023-03-20T09:56:55","slug":"ochrona-przez-lekarstwa-na-hiv","status":"publish","type":"page","link":"https:\/\/niedersachsen-aidshilfe-migration.de\/pl\/hiv\/ochrona-przez-lekarstwa-na-hiv\/","title":{"rendered":"Ochrona przez lekarstwa na HIV"},"content":{"rendered":"<p>Lekarstwa na HIV os\u0142abiaj\u0105 wirusa w ciele. Wtedy nie mo\u017cna podczas seksu przenie\u015b\u0107 go na inn\u0105 osob\u0119. M\u00f3wi si\u0119 na to \u201eochrona przez terapi\u0119\u201d.<\/p>\n<p>Tutaj znajdziesz wi\u0119cej informacji na temat \u201eochrony przez terapi\u0119\u201d w codziennym j\u0119zyku niemieckim:<\/p>\n<p><a href=\"http:\/\/www.aidshilfe.de\/schutz-therapie\" target=\"_blank\" rel=\"noopener\">www.aidshilfe.de\/schutz-therapie<\/a><\/p>\n<p>Lekarstwa na HIV mo\u017cna te\u017c za\u017cywa\u0107 na wszelki wypadek. Wtedy lekarstwa chroni\u0105 Ci\u0119 podczas seksu przed zara\u017ceniem HIV. Ta strategia ochronna nazywa si\u0119 \u201ePrEP\u201d. \u201ePrEP\u201d to skr\u00f3t od nazwy \u201eprofilaktyka przedekspozycyjna\u201d i oznacza: ochron\u0119 przed mo\u017cliwym kontaktem z HIV.<\/p>\n<p>Tutaj znajdziesz dalsze informacje o \u201ePrEP\u201d w codziennym j\u0119zyku niemieckim:<\/p>\n<p>www.aidshilfe.de\/hiv-prep<\/p>\n","protected":false},"excerpt":{"rendered":"<p>Lekarstwa na HIV os\u0142abiaj\u0105 wirusa w ciele. Wtedy nie mo\u017cna podczas seksu przenie\u015b\u0107 go na inn\u0105 osob\u0119. M\u00f3wi si\u0119 na to \u201eochrona przez terapi\u0119\u201d. Tutaj znajdziesz wi\u0119cej informacji na temat \u201eochrony przez terapi\u0119\u201d w codziennym j\u0119zyku niemieckim: www.aidshilfe.de\/schutz-therapie Lekarstwa na HIV mo\u017cna te\u017c za\u017cywa\u0107 na wszelki wypadek. Wtedy lekarstwa chroni\u0105 Ci\u0119 podczas seksu przed zara\u017ceniem [&hellip;]<\/p>\n","protected":false},"author":3,"featured_media":0,"parent":4063,"menu_order":104,"comment_status":"closed","ping_status":"closed","template":"","meta":{"inline_featured_image":false,"_genesis_hide_title":false,"_genesis_hide_breadcrumbs":false,"_genesis_hide_singular_image":false,"_genesis_hide_footer_widgets":false,"_genesis_custom_body_class":"","_genesis_custom_post_class":"","_genesis_layout":"","footnotes":""},"class_list":{"0":"post-4073","1":"page","2":"type-page","3":"status-publish","5":"entry","6":"override"},"_links":{"self":[{"href":"https:\/\/niedersachsen-aidshilfe-migration.de\/pl\/wp-json\/wp\/v2\/pages\/4073","targetHints":{"allow":["GET"]}}],"collection":[{"href":"https:\/\/niedersachsen-aidshilfe-migration.de\/pl\/wp-json\/wp\/v2\/pages"}],"about":[{"href":"https:\/\/niedersachsen-aidshilfe-migration.de\/pl\/wp-json\/wp\/v2\/types\/page"}],"author":[{"embeddable":true,"href":"https:\/\/niedersachsen-aidshilfe-migration.de\/pl\/wp-json\/wp\/v2\/users\/3"}],"replies":[{"embeddable":true,"href":"https:\/\/niedersachsen-aidshilfe-migration.de\/pl\/wp-json\/wp\/v2\/comments?post=4073"}],"version-history":[{"count":0,"href":"https:\/\/niedersachsen-aidshilfe-migration.de\/pl\/wp-json\/wp\/v2\/pages\/4073\/revisions"}],"up":[{"embeddable":true,"href":"https:\/\/niedersachsen-aidshilfe-migration.de\/pl\/wp-json\/wp\/v2\/pages\/4063"}],"wp:attachment":[{"href":"https:\/\/niedersachsen-aidshilfe-migration.de\/pl\/wp-json\/wp\/v2\/media?parent=4073"}],"curies":[{"name":"wp","href":"https:\/\/api.w.org\/{rel}","templated":true}]}}