{"id":4071,"date":"2023-03-20T10:55:10","date_gmt":"2023-03-20T09:55:10","guid":{"rendered":"https:\/\/niedersachsen-aidshilfe-migration.de\/?page_id=4071"},"modified":"2023-03-20T10:55:10","modified_gmt":"2023-03-20T09:55:10","slug":"ochrona-przez-prezerwatywy-i-prezerwatywy-wewnetrzne","status":"publish","type":"page","link":"https:\/\/niedersachsen-aidshilfe-migration.de\/pl\/hiv\/ochrona-przez-prezerwatywy-i-prezerwatywy-wewnetrzne\/","title":{"rendered":"Ochrona przez prezerwatywy i prezerwatywy wewn\u0119trzne"},"content":{"rendered":"<p>Prezerwatywy i prezerwatywy wewn\u0119trzne:<\/p>\n<ul>\n<li>chroni\u0105 Ci\u0119 podczas seksu przed HIV i AIDS.<\/li>\n<li>mog\u0105 r\u00f3wnie\u017c zapobiega\u0107 infekcjom przenoszonym drog\u0105 p\u0142ciow\u0105 (STI).<\/li>\n<li>chroni\u0105 te\u017c przed niechcian\u0105 ci\u0105\u017c\u0105 albo niechcianym ojcostwem.<\/li>\n<\/ul>\n<p>Je\u017celi zarazisz si\u0119 HIV, mo\u017cesz si\u0119 powa\u017cnie rozchorowa\u0107. Bez leczenia b\u0119dziesz mie\u0107 wiele problem\u00f3w zdrowotnych. Bez leczenia mo\u017cesz nawet umrze\u0107 na HIV. Ale z lekarstwami ludzie z HIV mog\u0105 \u017cy\u0107 tak samo dobrze jak ludzie bez HIV.<\/p>\n<p>Inne infekcje przenoszone drog\u0105 p\u0142ciow\u0105 (STI) te\u017c mog\u0105 Ci zaszkodzi\u0107. Niekt\u00f3re z nich mog\u0105 nawet powodowa\u0107 bezp\u0142odno\u015b\u0107. Wtedy nie mo\u017cna mie\u0107 dzieci.<\/p>\n<p>Prezerwatywy i prezerwatywy wewn\u0119trzne zapobiegaj\u0105 kontaktowi mi\u0119dzy b\u0142onami \u015bluzowymi ludzi, kt\u00f3rzy uprawiaj\u0105 ze sob\u0105 seks. Przez to podczas seksu nie ma wymiany p\u0142yn\u00f3w ustrojowych. To jest wa\u017cne. Bo przez b\u0142ony \u015bluzowe albo p\u0142yny ustrojowe mo\u017cna zarazi\u0107 si\u0119 HIV albo infekcjami przenoszonymi drog\u0105 p\u0142ciow\u0105. Mo\u017ce te\u017c doj\u015b\u0107 do niechcianej ci\u0105\u017cy albo niechcianego ojcostwa.<\/p>\n<p><strong>Prezerwatywy i prezerwatywy wewn\u0119trzne chroni\u0105 Ci\u0119 podczas seksu:<\/strong><br \/>\nw nowych zwi\u0105zkach, w d\u0142ugoletnich zwi\u0105zkach albo kiedy po raz pierwszy \u015bpisz z now\u0105 osob\u0105.<\/p>\n<p>Przede wszystkim prezerwatywy s\u0105 bardzo pewne. Mo\u017cesz \u0107wiczy\u0107 u\u017cywanie prezerwatyw i prezerwatyw wewn\u0119trznych. Wielu ludziom \u0142atwo si\u0119 u\u017cywa prezerwatyw albo prezerwatyw wewn\u0119trznych. Wielu ludzi czuje si\u0119 wtedy te\u017c spokojniej podczas seksu. Seks mo\u017ce by\u0107 jeszcze przyjemniejszy, kiedy cz\u0142owiek si\u0119 podczas niego chroni.<\/p>\n<p>Prezerwatywy i prezerwatywy wewn\u0119trzne robi si\u0119 z <strong>r\u00f3\u017cnych materia\u0142\u00f3w<\/strong>. Wi\u0119kszo\u015b\u0107 z nich jest z lateksu, nitrylu albo poliuretanu.<\/p>\n<p>Prezerwatywy i prezerwatywy wewn\u0119trzne maj\u0105 na opakowaniu <strong>dat\u0119 wa\u017cno\u015bci<\/strong>. Po jej up\u0142ywie ju\u017c nie chroni\u0105! Sprawd\u017a wi\u0119c przed seksem, czy prezerwatywa albo prezerwatywa wewn\u0119trzna nadaje si\u0119 jeszcze do u\u017cytku. Zwr\u00f3\u0107 te\u017c uwag\u0119, czy na opakowaniu jest nadruk CE. Po nim rozpoznasz: prezerwatywa albo prezerwatywa wewn\u0119trzna jest sprawdzona.<\/p>\n<p><strong>Wa\u017cne:<\/strong> U\u017cywaj podczas seksu waginalnego <strong>albo<\/strong> prezerwatywy, <strong>albo<\/strong> prezerwatywy wewn\u0119trznej. Obie na raz za bardzo tr\u0105. Mog\u0105 wtedy p\u0119kn\u0105\u0107.<\/p>\n","protected":false},"excerpt":{"rendered":"<p>Prezerwatywy i prezerwatywy wewn\u0119trzne: chroni\u0105 Ci\u0119 podczas seksu przed HIV i AIDS. mog\u0105 r\u00f3wnie\u017c zapobiega\u0107 infekcjom przenoszonym drog\u0105 p\u0142ciow\u0105 (STI). chroni\u0105 te\u017c przed niechcian\u0105 ci\u0105\u017c\u0105 albo niechcianym ojcostwem. Je\u017celi zarazisz si\u0119 HIV, mo\u017cesz si\u0119 powa\u017cnie rozchorowa\u0107. Bez leczenia b\u0119dziesz mie\u0107 wiele problem\u00f3w zdrowotnych. Bez leczenia mo\u017cesz nawet umrze\u0107 na HIV. Ale z lekarstwami ludzie z [&hellip;]<\/p>\n","protected":false},"author":3,"featured_media":0,"parent":4063,"menu_order":100,"comment_status":"closed","ping_status":"closed","template":"","meta":{"inline_featured_image":false,"_genesis_hide_title":false,"_genesis_hide_breadcrumbs":false,"_genesis_hide_singular_image":false,"_genesis_hide_footer_widgets":false,"_genesis_custom_body_class":"","_genesis_custom_post_class":"","_genesis_layout":"","footnotes":""},"class_list":{"0":"post-4071","1":"page","2":"type-page","3":"status-publish","5":"entry","6":"override"},"_links":{"self":[{"href":"https:\/\/niedersachsen-aidshilfe-migration.de\/pl\/wp-json\/wp\/v2\/pages\/4071","targetHints":{"allow":["GET"]}}],"collection":[{"href":"https:\/\/niedersachsen-aidshilfe-migration.de\/pl\/wp-json\/wp\/v2\/pages"}],"about":[{"href":"https:\/\/niedersachsen-aidshilfe-migration.de\/pl\/wp-json\/wp\/v2\/types\/page"}],"author":[{"embeddable":true,"href":"https:\/\/niedersachsen-aidshilfe-migration.de\/pl\/wp-json\/wp\/v2\/users\/3"}],"replies":[{"embeddable":true,"href":"https:\/\/niedersachsen-aidshilfe-migration.de\/pl\/wp-json\/wp\/v2\/comments?post=4071"}],"version-history":[{"count":0,"href":"https:\/\/niedersachsen-aidshilfe-migration.de\/pl\/wp-json\/wp\/v2\/pages\/4071\/revisions"}],"up":[{"embeddable":true,"href":"https:\/\/niedersachsen-aidshilfe-migration.de\/pl\/wp-json\/wp\/v2\/pages\/4063"}],"wp:attachment":[{"href":"https:\/\/niedersachsen-aidshilfe-migration.de\/pl\/wp-json\/wp\/v2\/media?parent=4071"}],"curies":[{"name":"wp","href":"https:\/\/api.w.org\/{rel}","templated":true}]}}