{"id":4069,"date":"2023-03-20T10:51:14","date_gmt":"2023-03-20T09:51:14","guid":{"rendered":"https:\/\/niedersachsen-aidshilfe-migration.de\/?page_id=4069"},"modified":"2023-03-20T10:51:14","modified_gmt":"2023-03-20T09:51:14","slug":"przenoszenie-hiv","status":"publish","type":"page","link":"https:\/\/niedersachsen-aidshilfe-migration.de\/pl\/hiv\/przenoszenie-hiv\/","title":{"rendered":"Przenoszenie HIV"},"content":{"rendered":"<p>HIV przenosi si\u0119 przede wszystkim podczas niechronionego seksu waginalnego i analnego. R\u00f3wnie\u017c podczas u\u017cywania narkotyk\u00f3w mo\u017cna zarazi\u0107 si\u0119 HIV. Niemowl\u0119ta mog\u0105 zarazi\u0107 si\u0119 HIV podczas porodu albo karmienia piersi\u0105. Ryzyko HIV przy seksie oralnym jest bardzo niskie.<\/p>\n<p>Na co dzie\u0144 nikt nie mo\u017ce zarazi\u0107 si\u0119 HIV. We wsp\u00f3lnym \u017cyciu, w pracy, w czasie wolnym albo przy sporcie nie ma ryzyka zara\u017cenia. Dlatego nie musisz si\u0119 obawia\u0107 HIV w \u017cyciu codziennym.<\/p>\n<p>Tutaj znajdziesz dalsze informacje o przenoszeniu HIV w r\u00f3\u017cnych j\u0119zykach:<\/p>\n<p><a href=\"http:\/\/www.zanzu.de\" target=\"_blank\" rel=\"noopener\">www.zanzu.de<\/a><\/p>\n<p>Tutaj znajdziesz dalsze informacje o przenoszeniu HIV w codziennym j\u0119zyku niemieckim:<\/p>\n<p><a href=\"https:\/\/www.aidshilfe.de\/hiv-uebertragung\" target=\"_blank\" rel=\"noopener\">https:\/\/www.aidshilfe.de\/hiv-uebertragung<\/a><\/p>\n<p>&nbsp;<\/p>\n<p>Tutaj znajdziesz dalsze informacje o przenoszeniu HIV w prostym j\u0119zyku niemieckim:<\/p>\n<p><a href=\"https:\/\/leichte-sprache.aidshilfe.de\" target=\"_blank\" rel=\"noopener\">https:\/\/leichte-sprache.aidshilfe.de<\/a><\/p>\n","protected":false},"excerpt":{"rendered":"<p>HIV przenosi si\u0119 przede wszystkim podczas niechronionego seksu waginalnego i analnego. R\u00f3wnie\u017c podczas u\u017cywania narkotyk\u00f3w mo\u017cna zarazi\u0107 si\u0119 HIV. Niemowl\u0119ta mog\u0105 zarazi\u0107 si\u0119 HIV podczas porodu albo karmienia piersi\u0105. Ryzyko HIV przy seksie oralnym jest bardzo niskie. Na co dzie\u0144 nikt nie mo\u017ce zarazi\u0107 si\u0119 HIV. We wsp\u00f3lnym \u017cyciu, w pracy, w czasie wolnym albo [&hellip;]<\/p>\n","protected":false},"author":3,"featured_media":0,"parent":4063,"menu_order":95,"comment_status":"closed","ping_status":"closed","template":"","meta":{"inline_featured_image":false,"_genesis_hide_title":false,"_genesis_hide_breadcrumbs":false,"_genesis_hide_singular_image":false,"_genesis_hide_footer_widgets":false,"_genesis_custom_body_class":"","_genesis_custom_post_class":"","_genesis_layout":"","footnotes":""},"class_list":{"0":"post-4069","1":"page","2":"type-page","3":"status-publish","5":"entry","6":"override"},"_links":{"self":[{"href":"https:\/\/niedersachsen-aidshilfe-migration.de\/pl\/wp-json\/wp\/v2\/pages\/4069","targetHints":{"allow":["GET"]}}],"collection":[{"href":"https:\/\/niedersachsen-aidshilfe-migration.de\/pl\/wp-json\/wp\/v2\/pages"}],"about":[{"href":"https:\/\/niedersachsen-aidshilfe-migration.de\/pl\/wp-json\/wp\/v2\/types\/page"}],"author":[{"embeddable":true,"href":"https:\/\/niedersachsen-aidshilfe-migration.de\/pl\/wp-json\/wp\/v2\/users\/3"}],"replies":[{"embeddable":true,"href":"https:\/\/niedersachsen-aidshilfe-migration.de\/pl\/wp-json\/wp\/v2\/comments?post=4069"}],"version-history":[{"count":0,"href":"https:\/\/niedersachsen-aidshilfe-migration.de\/pl\/wp-json\/wp\/v2\/pages\/4069\/revisions"}],"up":[{"embeddable":true,"href":"https:\/\/niedersachsen-aidshilfe-migration.de\/pl\/wp-json\/wp\/v2\/pages\/4063"}],"wp:attachment":[{"href":"https:\/\/niedersachsen-aidshilfe-migration.de\/pl\/wp-json\/wp\/v2\/media?parent=4069"}],"curies":[{"name":"wp","href":"https:\/\/api.w.org\/{rel}","templated":true}]}}