{"id":4065,"date":"2023-03-20T10:49:04","date_gmt":"2023-03-20T09:49:04","guid":{"rendered":"https:\/\/niedersachsen-aidshilfe-migration.de\/?page_id=4065"},"modified":"2023-03-20T10:49:04","modified_gmt":"2023-03-20T09:49:04","slug":"czym-jest-hiv","status":"publish","type":"page","link":"https:\/\/niedersachsen-aidshilfe-migration.de\/pl\/hiv\/czym-jest-hiv\/","title":{"rendered":"Czym jest HIV?"},"content":{"rendered":"<p>HIV to wirus. Skr\u00f3t HIV jest po angielsku. W t\u0142umaczeniu znaczy \u201eludzki wirus niedoboru odporno\u015bci\u201d.<\/p>\n<p>Po zara\u017ceniu wirus rozmna\u017ca si\u0119 we krwi. Przechodzi te\u017c do innych p\u0142yn\u00f3w ustrojowych, na przyk\u0142ad spermy i p\u0142ynu waginalnego.<\/p>\n<p>HIV mo\u017ce by\u0107 bardzo niebezpieczny. Bez leczenia os\u0142abia i uszkadza ludzki uk\u0142ad odporno\u015bciowy. Uk\u0142ad odporno\u015bciowy to ochrona cia\u0142a. Zwalcza zarazki. I rozpoznaje, kiedy w ciele znajd\u0105 si\u0119 uszkodzone kom\u00f3rki. Mo\u017ce je wtedy usun\u0105\u0107.<\/p>\n<p>HIV os\u0142abia t\u0119 ochron\u0119. Wtedy uk\u0142ad odporno\u015bciowy przestaje dzia\u0142a\u0107 tak, jak powinien. Nie radzi sobie tak dobrze z zarazkami i uszkodzonymi kom\u00f3rkami.<\/p>\n<p>Bez leczenia zara\u017cenie HIV prowadzi do powa\u017cnej choroby. Bo HIV coraz bardziej niszczy uk\u0142ad odporno\u015bciowy. Po kilku latach ludzie z HIV prawie zawsze powa\u017cnie si\u0119 rozchorowuj\u0105. Te choroby nazywaj\u0105 si\u0119 AIDS. Bez leczenia ludzie umieraj\u0105 na AIDS.<\/p>\n<p><strong>Ale jest dobra wiadomo\u015b\u0107: istniej\u0105 skuteczne <a href=\"https:\/\/niedersachsen-aidshilfe-migration.de\/%d0%b6%d0%b8%d0%b7%d0%bd%d1%8c-%d1%81-%d0%b2%d0%b8%d1%87\/hiv-medikamente\/\">lekarstwa na HIV<\/a>.<\/strong><\/p>\n","protected":false},"excerpt":{"rendered":"<p>HIV to wirus. Skr\u00f3t HIV jest po angielsku. W t\u0142umaczeniu znaczy \u201eludzki wirus niedoboru odporno\u015bci\u201d. Po zara\u017ceniu wirus rozmna\u017ca si\u0119 we krwi. Przechodzi te\u017c do innych p\u0142yn\u00f3w ustrojowych, na przyk\u0142ad spermy i p\u0142ynu waginalnego. HIV mo\u017ce by\u0107 bardzo niebezpieczny. Bez leczenia os\u0142abia i uszkadza ludzki uk\u0142ad odporno\u015bciowy. Uk\u0142ad odporno\u015bciowy to ochrona cia\u0142a. Zwalcza zarazki. I [&hellip;]<\/p>\n","protected":false},"author":3,"featured_media":0,"parent":4063,"menu_order":87,"comment_status":"closed","ping_status":"closed","template":"","meta":{"inline_featured_image":false,"_genesis_hide_title":false,"_genesis_hide_breadcrumbs":false,"_genesis_hide_singular_image":false,"_genesis_hide_footer_widgets":false,"_genesis_custom_body_class":"","_genesis_custom_post_class":"","_genesis_layout":"","footnotes":""},"class_list":{"0":"post-4065","1":"page","2":"type-page","3":"status-publish","5":"entry","6":"override"},"_links":{"self":[{"href":"https:\/\/niedersachsen-aidshilfe-migration.de\/pl\/wp-json\/wp\/v2\/pages\/4065","targetHints":{"allow":["GET"]}}],"collection":[{"href":"https:\/\/niedersachsen-aidshilfe-migration.de\/pl\/wp-json\/wp\/v2\/pages"}],"about":[{"href":"https:\/\/niedersachsen-aidshilfe-migration.de\/pl\/wp-json\/wp\/v2\/types\/page"}],"author":[{"embeddable":true,"href":"https:\/\/niedersachsen-aidshilfe-migration.de\/pl\/wp-json\/wp\/v2\/users\/3"}],"replies":[{"embeddable":true,"href":"https:\/\/niedersachsen-aidshilfe-migration.de\/pl\/wp-json\/wp\/v2\/comments?post=4065"}],"version-history":[{"count":0,"href":"https:\/\/niedersachsen-aidshilfe-migration.de\/pl\/wp-json\/wp\/v2\/pages\/4065\/revisions"}],"up":[{"embeddable":true,"href":"https:\/\/niedersachsen-aidshilfe-migration.de\/pl\/wp-json\/wp\/v2\/pages\/4063"}],"wp:attachment":[{"href":"https:\/\/niedersachsen-aidshilfe-migration.de\/pl\/wp-json\/wp\/v2\/media?parent=4065"}],"curies":[{"name":"wp","href":"https:\/\/api.w.org\/{rel}","templated":true}]}}