{"id":4061,"date":"2023-03-20T10:33:31","date_gmt":"2023-03-20T09:33:31","guid":{"rendered":"https:\/\/niedersachsen-aidshilfe-migration.de\/?page_id=4061"},"modified":"2023-03-20T10:34:25","modified_gmt":"2023-03-20T09:34:25","slug":"zabawki-da-doroslych","status":"publish","type":"page","link":"https:\/\/niedersachsen-aidshilfe-migration.de\/pl\/seksualnosc-i-zdrowie\/zabawki-da-doroslych\/","title":{"rendered":"Zabawki da doros\u0142ych"},"content":{"rendered":"<p>Czy chcesz przy u\u017cywaniu zabawek dla doros\u0142ych chroni\u0107 si\u0119 przed HIV, STI i innymi chorobami? Wtedy za ka\u017cdym razem czy\u015b\u0107 zabawk\u0119 wod\u0105 z myd\u0142em albo u\u017cywaj nowej prezerwatywy:<\/p>\n<ul>\n<li>je\u017celi u\u017cywasz zabawki raz w waginie, raz w pupie.<\/li>\n<li>je\u017celi jednej zabawki u\u017cywaj\u0105 r\u00f3\u017cne osoby.<\/li>\n<\/ul>\n","protected":false},"excerpt":{"rendered":"<p>Czy chcesz przy u\u017cywaniu zabawek dla doros\u0142ych chroni\u0107 si\u0119 przed HIV, STI i innymi chorobami? Wtedy za ka\u017cdym razem czy\u015b\u0107 zabawk\u0119 wod\u0105 z myd\u0142em albo u\u017cywaj nowej prezerwatywy: je\u017celi u\u017cywasz zabawki raz w waginie, raz w pupie. je\u017celi jednej zabawki u\u017cywaj\u0105 r\u00f3\u017cne osoby.<\/p>\n","protected":false},"author":3,"featured_media":0,"parent":4049,"menu_order":10,"comment_status":"closed","ping_status":"closed","template":"","meta":{"inline_featured_image":false,"_genesis_hide_title":false,"_genesis_hide_breadcrumbs":false,"_genesis_hide_singular_image":false,"_genesis_hide_footer_widgets":false,"_genesis_custom_body_class":"","_genesis_custom_post_class":"","_genesis_layout":"","footnotes":""},"class_list":{"0":"post-4061","1":"page","2":"type-page","3":"status-publish","5":"entry","6":"override"},"_links":{"self":[{"href":"https:\/\/niedersachsen-aidshilfe-migration.de\/pl\/wp-json\/wp\/v2\/pages\/4061","targetHints":{"allow":["GET"]}}],"collection":[{"href":"https:\/\/niedersachsen-aidshilfe-migration.de\/pl\/wp-json\/wp\/v2\/pages"}],"about":[{"href":"https:\/\/niedersachsen-aidshilfe-migration.de\/pl\/wp-json\/wp\/v2\/types\/page"}],"author":[{"embeddable":true,"href":"https:\/\/niedersachsen-aidshilfe-migration.de\/pl\/wp-json\/wp\/v2\/users\/3"}],"replies":[{"embeddable":true,"href":"https:\/\/niedersachsen-aidshilfe-migration.de\/pl\/wp-json\/wp\/v2\/comments?post=4061"}],"version-history":[{"count":0,"href":"https:\/\/niedersachsen-aidshilfe-migration.de\/pl\/wp-json\/wp\/v2\/pages\/4061\/revisions"}],"up":[{"embeddable":true,"href":"https:\/\/niedersachsen-aidshilfe-migration.de\/pl\/wp-json\/wp\/v2\/pages\/4049"}],"wp:attachment":[{"href":"https:\/\/niedersachsen-aidshilfe-migration.de\/pl\/wp-json\/wp\/v2\/media?parent=4061"}],"curies":[{"name":"wp","href":"https:\/\/api.w.org\/{rel}","templated":true}]}}