{"id":4058,"date":"2023-03-20T10:31:55","date_gmt":"2023-03-20T09:31:55","guid":{"rendered":"https:\/\/niedersachsen-aidshilfe-migration.de\/?page_id=4058"},"modified":"2023-03-20T10:31:55","modified_gmt":"2023-03-20T09:31:55","slug":"seks-oralny","status":"publish","type":"page","link":"https:\/\/niedersachsen-aidshilfe-migration.de\/pl\/seksualnosc-i-zdrowie\/seks-oralny\/","title":{"rendered":"Seks oralny"},"content":{"rendered":"<p>S\u0105 r\u00f3\u017cne rodzaje seksu oralnego. Na kontakt mi\u0119dzy ustami a penisem cz\u0119sto m\u00f3wi si\u0119 \u201eobci\u0105ganie\u201d. Na kontakt mi\u0119dzy ustami a wulw\u0105 albo wagin\u0105 cz\u0119sto m\u00f3wi si\u0119 \u201elizanie\u201d.<\/p>\n<p>Ryzyko HIV przy seksie oralnym jest bardzo niskie.<\/p>\n<p>Podczas <strong>obci\u0105gania <\/strong>prezerwatywy mog\u0105 ochroni\u0107 Ci\u0119 przed innymi infekcjami przenoszonymi drog\u0105 p\u0142ciow\u0105 (STI). Do ochrony przed HIV nie potrzebujesz przy obci\u0105ganiu prezerwatywy, je\u017celi do ust nie dostanie si\u0119 sperma. W tym celu wystarczaj\u0105co wcze\u015bnie przed orgazmem wyci\u0105gnij penisa z ust. Przez preejakulat nie mo\u017cesz przy obci\u0105ganiu zarazi\u0107 si\u0119 HIV. Preejakulat wydobywa si\u0119 z penisa przy podnieceniu seksualnym. Preejakulat wydobywa si\u0119 z penisa jeszcze przed wytryskiem nasienia.<\/p>\n<p>Czy chcesz chroni\u0107 si\u0119 przed STI podczas <strong>lizania<\/strong>? Jest na to spos\u00f3b: na\u0142\u00f3\u017c prezerwatyw\u0119 na dwa palce i przetnij j\u0105 z jednej strony. Rozci\u0119t\u0105 prezerwatyw\u0119 po\u0142\u00f3\u017c na wulwie jak chusteczk\u0119. Ale nie potrzebujesz tego do ochrony przed HIV, je\u017celi przy lizaniu do ust nie dostanie si\u0119 krew. Czy druga osoba akurat ma miesi\u0105czk\u0119? Wtedy do ochrony przed HIV potrzebujecie prezerwatywy.<\/p>\n","protected":false},"excerpt":{"rendered":"<p>S\u0105 r\u00f3\u017cne rodzaje seksu oralnego. Na kontakt mi\u0119dzy ustami a penisem cz\u0119sto m\u00f3wi si\u0119 \u201eobci\u0105ganie\u201d. Na kontakt mi\u0119dzy ustami a wulw\u0105 albo wagin\u0105 cz\u0119sto m\u00f3wi si\u0119 \u201elizanie\u201d. Ryzyko HIV przy seksie oralnym jest bardzo niskie. Podczas obci\u0105gania prezerwatywy mog\u0105 ochroni\u0107 Ci\u0119 przed innymi infekcjami przenoszonymi drog\u0105 p\u0142ciow\u0105 (STI). Do ochrony przed HIV nie potrzebujesz przy [&hellip;]<\/p>\n","protected":false},"author":3,"featured_media":0,"parent":4049,"menu_order":9,"comment_status":"closed","ping_status":"closed","template":"","meta":{"inline_featured_image":false,"_genesis_hide_title":false,"_genesis_hide_breadcrumbs":false,"_genesis_hide_singular_image":false,"_genesis_hide_footer_widgets":false,"_genesis_custom_body_class":"","_genesis_custom_post_class":"","_genesis_layout":"","footnotes":""},"class_list":{"0":"post-4058","1":"page","2":"type-page","3":"status-publish","5":"entry","6":"override"},"_links":{"self":[{"href":"https:\/\/niedersachsen-aidshilfe-migration.de\/pl\/wp-json\/wp\/v2\/pages\/4058","targetHints":{"allow":["GET"]}}],"collection":[{"href":"https:\/\/niedersachsen-aidshilfe-migration.de\/pl\/wp-json\/wp\/v2\/pages"}],"about":[{"href":"https:\/\/niedersachsen-aidshilfe-migration.de\/pl\/wp-json\/wp\/v2\/types\/page"}],"author":[{"embeddable":true,"href":"https:\/\/niedersachsen-aidshilfe-migration.de\/pl\/wp-json\/wp\/v2\/users\/3"}],"replies":[{"embeddable":true,"href":"https:\/\/niedersachsen-aidshilfe-migration.de\/pl\/wp-json\/wp\/v2\/comments?post=4058"}],"version-history":[{"count":0,"href":"https:\/\/niedersachsen-aidshilfe-migration.de\/pl\/wp-json\/wp\/v2\/pages\/4058\/revisions"}],"up":[{"embeddable":true,"href":"https:\/\/niedersachsen-aidshilfe-migration.de\/pl\/wp-json\/wp\/v2\/pages\/4049"}],"wp:attachment":[{"href":"https:\/\/niedersachsen-aidshilfe-migration.de\/pl\/wp-json\/wp\/v2\/media?parent=4058"}],"curies":[{"name":"wp","href":"https:\/\/api.w.org\/{rel}","templated":true}]}}