{"id":4057,"date":"2023-03-20T10:31:01","date_gmt":"2023-03-20T09:31:01","guid":{"rendered":"https:\/\/niedersachsen-aidshilfe-migration.de\/?page_id=4057"},"modified":"2023-03-20T10:31:01","modified_gmt":"2023-03-20T09:31:01","slug":"lubrykanty","status":"publish","type":"page","link":"https:\/\/niedersachsen-aidshilfe-migration.de\/pl\/seksualnosc-i-zdrowie\/lubrykanty\/","title":{"rendered":"Lubrykanty"},"content":{"rendered":"<p>Podczas seksu waginalnego, seksu analnego z prezerwatyw\u0105 albo przy suchej waginie korzystaj dodatkowo z lubrykantu (\u017celu intymnego). Najpierw za\u0142\u00f3\u017c prezerwatyw\u0119 na penisa. Potem nanie\u015b na penisa wystarczaj\u0105co lubrykantu. W ten spos\u00f3b \u0142atwiej wprowadzi\u0107 penisa z prezerwatyw\u0105. To dla wielu ludzi przyjemniejsze. Lubrykant chroni r\u00f3wnie\u017c prezerwatyw\u0119.<\/p>\n<p>Niekt\u00f3rych prezerwatyw wewn\u0119trznych te\u017c powinno si\u0119 u\u017cywa\u0107 z lubrykantem. Dowiesz si\u0119 tego z ulotki.<\/p>\n<p>Lubrykanty znajdziesz zwykle w tych samych sklepach co prezerwatywy.<\/p>\n<p><strong>Uwaga:<\/strong> Dobre lubrykanty s\u0105 na bazie wody albo silikonu. Lubrykanty na bazie t\u0142uszczu mog\u0105 uszkodzi\u0107 prezerwatywy i prezerwatywy wewn\u0119trzne. Wtedy prezerwatywy przestaj\u0105 chroni\u0107. Dlatego tych produkt\u00f3w nie wolno u\u017cywa\u0107 razem z prezerwatyw\u0105: oleju kokosowego, olejku do masa\u017cu, oliwki dla niemowl\u0105t, kremu do cia\u0142a, wazeliny, mas\u0142a albo margaryny.<\/p>\n","protected":false},"excerpt":{"rendered":"<p>Podczas seksu waginalnego, seksu analnego z prezerwatyw\u0105 albo przy suchej waginie korzystaj dodatkowo z lubrykantu (\u017celu intymnego). Najpierw za\u0142\u00f3\u017c prezerwatyw\u0119 na penisa. Potem nanie\u015b na penisa wystarczaj\u0105co lubrykantu. W ten spos\u00f3b \u0142atwiej wprowadzi\u0107 penisa z prezerwatyw\u0105. To dla wielu ludzi przyjemniejsze. Lubrykant chroni r\u00f3wnie\u017c prezerwatyw\u0119. Niekt\u00f3rych prezerwatyw wewn\u0119trznych te\u017c powinno si\u0119 u\u017cywa\u0107 z lubrykantem. Dowiesz [&hellip;]<\/p>\n","protected":false},"author":3,"featured_media":0,"parent":4049,"menu_order":8,"comment_status":"closed","ping_status":"closed","template":"","meta":{"inline_featured_image":false,"_genesis_hide_title":false,"_genesis_hide_breadcrumbs":false,"_genesis_hide_singular_image":false,"_genesis_hide_footer_widgets":false,"_genesis_custom_body_class":"","_genesis_custom_post_class":"","_genesis_layout":"","footnotes":""},"class_list":{"0":"post-4057","1":"page","2":"type-page","3":"status-publish","5":"entry","6":"override"},"_links":{"self":[{"href":"https:\/\/niedersachsen-aidshilfe-migration.de\/pl\/wp-json\/wp\/v2\/pages\/4057","targetHints":{"allow":["GET"]}}],"collection":[{"href":"https:\/\/niedersachsen-aidshilfe-migration.de\/pl\/wp-json\/wp\/v2\/pages"}],"about":[{"href":"https:\/\/niedersachsen-aidshilfe-migration.de\/pl\/wp-json\/wp\/v2\/types\/page"}],"author":[{"embeddable":true,"href":"https:\/\/niedersachsen-aidshilfe-migration.de\/pl\/wp-json\/wp\/v2\/users\/3"}],"replies":[{"embeddable":true,"href":"https:\/\/niedersachsen-aidshilfe-migration.de\/pl\/wp-json\/wp\/v2\/comments?post=4057"}],"version-history":[{"count":0,"href":"https:\/\/niedersachsen-aidshilfe-migration.de\/pl\/wp-json\/wp\/v2\/pages\/4057\/revisions"}],"up":[{"embeddable":true,"href":"https:\/\/niedersachsen-aidshilfe-migration.de\/pl\/wp-json\/wp\/v2\/pages\/4049"}],"wp:attachment":[{"href":"https:\/\/niedersachsen-aidshilfe-migration.de\/pl\/wp-json\/wp\/v2\/media?parent=4057"}],"curies":[{"name":"wp","href":"https:\/\/api.w.org\/{rel}","templated":true}]}}