{"id":4054,"date":"2023-03-20T10:28:19","date_gmt":"2023-03-20T09:28:19","guid":{"rendered":"https:\/\/niedersachsen-aidshilfe-migration.de\/?page_id=4054"},"modified":"2023-04-18T13:23:10","modified_gmt":"2023-04-18T11:23:10","slug":"uzywanie-prezerwatywy-wewnetrznej-do-wprowadzania-do-waginy","status":"publish","type":"page","link":"https:\/\/niedersachsen-aidshilfe-migration.de\/pl\/seksualnosc-i-zdrowie\/uzywanie-prezerwatywy-wewnetrznej-do-wprowadzania-do-waginy\/","title":{"rendered":"U\u017cywanie prezerwatywy wewn\u0119trznej (do wprowadzania do waginy)"},"content":{"rendered":"<p>Prezerwatywy wewn\u0119trzne s\u0105 do wprowadzania do pochwy, czyli waginy. Nie s\u0105 w Niemczech tak dobrze znane. S\u0105 dro\u017csze ni\u017c prezerwatywy. Niekt\u00f3re apteki sprzedaj\u0105 prezerwatywy wewn\u0119trzne. Niekt\u00f3re poradnie Aidshilfe oferuj\u0105 darmowe prezerwatywy wewn\u0119trzne. Wi\u0119cej informacji otrzymasz w <a href=\"https:\/\/niedersachsen-aidshilfe-migration.de\/pl\/poradnie-aidshilfe-w-dolnej-saksonii\/\">Aidshilfe<\/a>.<\/p>\n<hr \/>\n<h3>1.<\/h3>\n<p><img loading=\"lazy\" decoding=\"async\" class=\"alignnone size-medium wp-image-1808\" src=\"https:\/\/niedersachsen-aidshilfe-migration.de\/wp-content\/uploads\/2022\/01\/Right-Way-To-Use-A-Female-Condom-Pikto_1-297x300.png\" alt=\"Vaginalkondom \u00f6ffnen\" width=\"297\" height=\"300\" srcset=\"https:\/\/niedersachsen-aidshilfe-migration.de\/wp-content\/uploads\/2022\/01\/Right-Way-To-Use-A-Female-Condom-Pikto_1-297x300.png 297w, https:\/\/niedersachsen-aidshilfe-migration.de\/wp-content\/uploads\/2022\/01\/Right-Way-To-Use-A-Female-Condom-Pikto_1.png 708w\" sizes=\"auto, (max-width: 297px) 100vw, 297px\" \/><\/p>\n<p>Ostro\u017cnie otw\u00f3rz opakowanie r\u0119kami. Nie u\u017cywaj ostrych przedmiot\u00f3w takich jak n\u00f3\u017c albo no\u017cyczki. Nie u\u017cywaj te\u017c z\u0119b\u00f3w. Wyjmij prezerwatyw\u0119 wewn\u0119trzn\u0105 z opakowania.<\/p>\n<p><strong>Uwaga<\/strong>: ostre paznokcie mog\u0105 uszkodzi\u0107 prezerwatyw\u0119 wewn\u0119trzn\u0105. Nie no\u015b bi\u017cuterii na r\u0119kach ani przegubach. Podczas seksu z prezerwatyw\u0105 wewn\u0119trzn\u0105 nikt nie powinien te\u017c mie\u0107 bi\u017cuterii na wulwie ani na penisie. Inaczej prezerwatywa wewn\u0119trzna mo\u017ce p\u0119kn\u0105\u0107.<\/p>\n<hr \/>\n<h3>2.<\/h3>\n<p><img loading=\"lazy\" decoding=\"async\" class=\"alignnone size-medium wp-image-1816\" src=\"https:\/\/niedersachsen-aidshilfe-migration.de\/wp-content\/uploads\/2022\/01\/Right-Way-To-Use-A-Female-Condom-Pikto_2-297x300.png\" alt=\"Vaginalkondom Form\" width=\"297\" height=\"300\" srcset=\"https:\/\/niedersachsen-aidshilfe-migration.de\/wp-content\/uploads\/2022\/01\/Right-Way-To-Use-A-Female-Condom-Pikto_2-297x300.png 297w, https:\/\/niedersachsen-aidshilfe-migration.de\/wp-content\/uploads\/2022\/01\/Right-Way-To-Use-A-Female-Condom-Pikto_2.png 708w\" sizes=\"auto, (max-width: 297px) 100vw, 297px\" \/><\/p>\n<p>Prezerwatywy wewn\u0119trzne maj\u0105 na obu ko\u0144cach po jednym pier\u015bcieniu. Na zamkni\u0119tym ko\u0144cu jest <strong>pier\u015bcie\u0144 wewn\u0119trzny<\/strong>. Ten pier\u015bcie\u0144 jest elastyczny. U\u017cywamy go do wprowadzenia prezerwatywy. Pier\u015bcie\u0144 utrzymuje prezerwatyw\u0119 we w\u0142a\u015bciwej pozycji.<\/p>\n<p>Prezerwatywa wewn\u0119trzna ma te\u017c <strong>pier\u015bcie\u0144 zewn\u0119trzny<\/strong>. Ten pier\u015bcie\u0144 pozostaje poza cia\u0142em. Nie wprowadzamy go wi\u0119c do waginy.<\/p>\n<hr \/>\n<h3>3.<\/h3>\n<p><img loading=\"lazy\" decoding=\"async\" class=\"alignnone size-medium wp-image-1824\" src=\"https:\/\/niedersachsen-aidshilfe-migration.de\/wp-content\/uploads\/2022\/01\/Right-Way-To-Use-A-Female-Condom-Pikto_3-297x300.png\" alt=\"Vaginalkondom einf\u00fchren\" width=\"297\" height=\"300\" srcset=\"https:\/\/niedersachsen-aidshilfe-migration.de\/wp-content\/uploads\/2022\/01\/Right-Way-To-Use-A-Female-Condom-Pikto_3-297x300.png 297w, https:\/\/niedersachsen-aidshilfe-migration.de\/wp-content\/uploads\/2022\/01\/Right-Way-To-Use-A-Female-Condom-Pikto_3.png 708w\" sizes=\"auto, (max-width: 297px) 100vw, 297px\" \/><\/p>\n<p>Najlepiej zak\u0142ada\u0107 prezerwatyw\u0119 na le\u017c\u0105co albo na siedz\u0105co. Znajd\u017a wygodn\u0105 pozycj\u0119. We\u017a pier\u015bcie\u0144 wewn\u0119trzny mi\u0119dzy kciuk a palec \u015brodkowy. \u015aci\u015bnij pier\u015bcie\u0144 palcami. Teraz wprowad\u017a \u015bci\u015bni\u0119ty pier\u015bcie\u0144 tak g\u0142\u0119boko do waginy, jak to mo\u017cliwe. To podobne odczucie jak wk\u0142adanie tampona.<\/p>\n<hr \/>\n<h3>4.<\/h3>\n<p><img loading=\"lazy\" decoding=\"async\" class=\"alignnone size-medium wp-image-1832\" src=\"https:\/\/niedersachsen-aidshilfe-migration.de\/wp-content\/uploads\/2022\/01\/Right-Way-To-Use-A-Female-Condom-Pikto_4-297x300.png\" alt=\"Vaginalkondom einf\u00fchren\" width=\"297\" height=\"300\" srcset=\"https:\/\/niedersachsen-aidshilfe-migration.de\/wp-content\/uploads\/2022\/01\/Right-Way-To-Use-A-Female-Condom-Pikto_4-297x300.png 297w, https:\/\/niedersachsen-aidshilfe-migration.de\/wp-content\/uploads\/2022\/01\/Right-Way-To-Use-A-Female-Condom-Pikto_4.png 708w\" sizes=\"auto, (max-width: 297px) 100vw, 297px\" \/><\/p>\n<p>Teraz musisz dobrze umiejscowi\u0107 pier\u015bcie\u0144 wewn\u0119trzny. U\u017cyj do tego palca \u015brodkowego. W\u0142\u00f3\u017c palec do prezerwatywy wewn\u0119trznej, a\u017c dotkniesz ko\u0144ca wewn\u0119trznego pier\u015bcienia. Teraz wsu\u0144 pier\u015bcie\u0144 tak g\u0142\u0119boko do waginy, jak to mo\u017cliwe.<\/p>\n<p>Pier\u015bcie\u0144 wewn\u0119trzny prezerwatywy wewn\u0119trznej powinien le\u017ce\u0107 za ko\u015bci\u0105 \u0142onow\u0105. Wtedy prawie nie poczujesz prezerwatywy wewn\u0119trznej. To jak z tamponem. To znak, \u017ce uda\u0142o Ci si\u0119 dobrze za\u0142o\u017cy\u0107 prezerwatyw\u0119!<\/p>\n<hr \/>\n<h3>5.<\/h3>\n<p><img loading=\"lazy\" decoding=\"async\" class=\"alignnone size-medium wp-image-1840\" src=\"https:\/\/niedersachsen-aidshilfe-migration.de\/wp-content\/uploads\/2022\/01\/Right-Way-To-Use-A-Female-Condom-Pikto_5-297x300.png\" alt=\"Vaginalkondom pr\u00fcfen\" width=\"297\" height=\"300\" srcset=\"https:\/\/niedersachsen-aidshilfe-migration.de\/wp-content\/uploads\/2022\/01\/Right-Way-To-Use-A-Female-Condom-Pikto_5-297x300.png 297w, https:\/\/niedersachsen-aidshilfe-migration.de\/wp-content\/uploads\/2022\/01\/Right-Way-To-Use-A-Female-Condom-Pikto_5.png 708w\" sizes=\"auto, (max-width: 297px) 100vw, 297px\" \/><\/p>\n<p><strong>Uwaga:<\/strong> Prezerwatywa wewn\u0119trzna nie powinna by\u0107 skr\u0119cona. Pier\u015bcie\u0144 zewn\u0119trzny powinien by\u0107 poza wagin\u0105.<\/p>\n<hr \/>\n<h3>6.<\/h3>\n<p><img loading=\"lazy\" decoding=\"async\" class=\"alignnone size-medium wp-image-1849\" src=\"https:\/\/niedersachsen-aidshilfe-migration.de\/wp-content\/uploads\/2022\/01\/Right-Way-To-Use-A-Female-Condom-Pikto_6-297x300.png\" alt=\"Vaginalkondom benutzen\" width=\"297\" height=\"300\" srcset=\"https:\/\/niedersachsen-aidshilfe-migration.de\/wp-content\/uploads\/2022\/01\/Right-Way-To-Use-A-Female-Condom-Pikto_6-297x300.png 297w, https:\/\/niedersachsen-aidshilfe-migration.de\/wp-content\/uploads\/2022\/01\/Right-Way-To-Use-A-Female-Condom-Pikto_6.png 708w\" sizes=\"auto, (max-width: 297px) 100vw, 297px\" \/><\/p>\n<p>Teraz mo\u017cesz r\u0119k\u0105 wprowadzi\u0107 penisa do prezerwatywy wewn\u0119trznej. Uwa\u017caj, \u017ceby niechc\u0105cy nie wsun\u0105\u0107 penisa do waginy obok prezerwatywy wewn\u0119trznej. Inaczej Ty i druga osoba nie macie wystarczaj\u0105cej ochrony.<\/p>\n<hr \/>\n<h3>7.<\/h3>\n<p><img loading=\"lazy\" decoding=\"async\" class=\"alignnone size-medium wp-image-1857\" src=\"https:\/\/niedersachsen-aidshilfe-migration.de\/wp-content\/uploads\/2022\/01\/Right-Way-To-Use-A-Female-Condom-Pikto_7-297x300.png\" alt=\"Vaginalkondom entfernen\" width=\"297\" height=\"300\" srcset=\"https:\/\/niedersachsen-aidshilfe-migration.de\/wp-content\/uploads\/2022\/01\/Right-Way-To-Use-A-Female-Condom-Pikto_7-297x300.png 297w, https:\/\/niedersachsen-aidshilfe-migration.de\/wp-content\/uploads\/2022\/01\/Right-Way-To-Use-A-Female-Condom-Pikto_7.png 708w\" sizes=\"auto, (max-width: 297px) 100vw, 297px\" \/><\/p>\n<p>Po seksie znowu wyjmij prezerwatyw\u0119 wewn\u0119trzn\u0105. W tym celu raz albo dwa razy obr\u00f3\u0107 zewn\u0119trzny pier\u015bcie\u0144 wok\u00f3\u0142 w\u0142asnej osi. W ten spos\u00f3b mo\u017cesz \u201ezakr\u0119ci\u0107\u201d prezerwatyw\u0119 wewn\u0119trzn\u0105. Sperma i preejakulat pozostaj\u0105 dzi\u0119ki temu w prezerwatywie. Preejakulat wydobywa si\u0119 z penisa przy podnieceniu seksualnym. Preejakulat wydobywa si\u0119 z penisa jeszcze przed wytryskiem nasienia. R\u00f3wnie\u017c w preejakulacie mog\u0105 ju\u017c by\u0107 plemniki, bakterie i wirusy.<\/p>\n<p>Czy zakr\u0119ci\u0142a\u015b\/ zakr\u0119ci\u0142e\u015b prezerwatyw\u0119 wewn\u0119trzn\u0105? Wtedy mo\u017cesz ostro\u017cnie wyci\u0105gn\u0105\u0107 j\u0105 z waginy.<\/p>\n<hr \/>\n<h3>8.<\/h3>\n<p><img loading=\"lazy\" decoding=\"async\" class=\"alignnone wp-image-1865 size-medium\" src=\"https:\/\/niedersachsen-aidshilfe-migration.de\/wp-content\/uploads\/2022\/01\/Right-Way-To-Use-A-Female-Condom-Pikto_8-297x300.png\" alt=\"Vaginalkondom entsorgen\" width=\"297\" height=\"300\" srcset=\"https:\/\/niedersachsen-aidshilfe-migration.de\/wp-content\/uploads\/2022\/01\/Right-Way-To-Use-A-Female-Condom-Pikto_8-297x300.png 297w, https:\/\/niedersachsen-aidshilfe-migration.de\/wp-content\/uploads\/2022\/01\/Right-Way-To-Use-A-Female-Condom-Pikto_8.png 708w\" sizes=\"auto, (max-width: 297px) 100vw, 297px\" \/><\/p>\n<p>Zawsze wyrzucaj prezerwatyw\u0119 wewn\u0119trzn\u0105 do kosza. Nie wyrzucaj jej do ubikacji. Ka\u017cdej prezerwatywy wewn\u0119trznej mo\u017cna u\u017cy\u0107 tylko raz.<\/p>\n<p><strong>Wa\u017cne:<\/strong> U\u017cywaj podczas seksu waginalnego albo prezerwatywy, albo prezerwatywy wewn\u0119trznej. Obie na raz za bardzo tr\u0105. Wtedy prezerwatywa albo prezerwatywa wewn\u0119trzna mog\u0105 p\u0119kn\u0105\u0107.<\/p>\n","protected":false},"excerpt":{"rendered":"<p>Prezerwatywy wewn\u0119trzne s\u0105 do wprowadzania do pochwy, czyli waginy. Nie s\u0105 w Niemczech tak dobrze znane. S\u0105 dro\u017csze ni\u017c prezerwatywy. Niekt\u00f3re apteki sprzedaj\u0105 prezerwatywy wewn\u0119trzne. Niekt\u00f3re poradnie Aidshilfe oferuj\u0105 darmowe prezerwatywy wewn\u0119trzne. Wi\u0119cej informacji otrzymasz w Aidshilfe. 1. Ostro\u017cnie otw\u00f3rz opakowanie r\u0119kami. Nie u\u017cywaj ostrych przedmiot\u00f3w takich jak n\u00f3\u017c albo no\u017cyczki. Nie u\u017cywaj te\u017c z\u0119b\u00f3w. [&hellip;]<\/p>\n","protected":false},"author":3,"featured_media":0,"parent":4049,"menu_order":7,"comment_status":"closed","ping_status":"closed","template":"","meta":{"inline_featured_image":false,"_genesis_hide_title":false,"_genesis_hide_breadcrumbs":false,"_genesis_hide_singular_image":false,"_genesis_hide_footer_widgets":false,"_genesis_custom_body_class":"","_genesis_custom_post_class":"","_genesis_layout":"","footnotes":""},"class_list":{"0":"post-4054","1":"page","2":"type-page","3":"status-publish","5":"entry","6":"override"},"_links":{"self":[{"href":"https:\/\/niedersachsen-aidshilfe-migration.de\/pl\/wp-json\/wp\/v2\/pages\/4054","targetHints":{"allow":["GET"]}}],"collection":[{"href":"https:\/\/niedersachsen-aidshilfe-migration.de\/pl\/wp-json\/wp\/v2\/pages"}],"about":[{"href":"https:\/\/niedersachsen-aidshilfe-migration.de\/pl\/wp-json\/wp\/v2\/types\/page"}],"author":[{"embeddable":true,"href":"https:\/\/niedersachsen-aidshilfe-migration.de\/pl\/wp-json\/wp\/v2\/users\/3"}],"replies":[{"embeddable":true,"href":"https:\/\/niedersachsen-aidshilfe-migration.de\/pl\/wp-json\/wp\/v2\/comments?post=4054"}],"version-history":[{"count":2,"href":"https:\/\/niedersachsen-aidshilfe-migration.de\/pl\/wp-json\/wp\/v2\/pages\/4054\/revisions"}],"predecessor-version":[{"id":4374,"href":"https:\/\/niedersachsen-aidshilfe-migration.de\/pl\/wp-json\/wp\/v2\/pages\/4054\/revisions\/4374"}],"up":[{"embeddable":true,"href":"https:\/\/niedersachsen-aidshilfe-migration.de\/pl\/wp-json\/wp\/v2\/pages\/4049"}],"wp:attachment":[{"href":"https:\/\/niedersachsen-aidshilfe-migration.de\/pl\/wp-json\/wp\/v2\/media?parent=4054"}],"curies":[{"name":"wp","href":"https:\/\/api.w.org\/{rel}","templated":true}]}}