{"id":4053,"date":"2023-03-20T10:24:42","date_gmt":"2023-03-20T09:24:42","guid":{"rendered":"https:\/\/niedersachsen-aidshilfe-migration.de\/?page_id=4053"},"modified":"2023-04-18T13:11:41","modified_gmt":"2023-04-18T11:11:41","slug":"uzywanie-prezerwatywy","status":"publish","type":"page","link":"https:\/\/niedersachsen-aidshilfe-migration.de\/pl\/seksualnosc-i-zdrowie\/uzywanie-prezerwatywy\/","title":{"rendered":"U\u017cywanie prezerwatywy"},"content":{"rendered":"<p>Prezerwatyw\u0119 mo\u017cesz za\u0142o\u017cy\u0107 na penisa albo zabawk\u0119 dla doros\u0142ych. Prezerwatywy s\u0105 w Niemczech bardzo znane i cz\u0119sto si\u0119 ich u\u017cywa. Prezerwatywy mo\u017cesz kupi\u0107 w wielu sklepach spo\u017cywczych i drogeriach. Wiele poradni Aidshilfe oferuje darmowe prezerwatywy. Wi\u0119cej informacji otrzymasz w Aidshilfe.<\/p>\n<p><strong>Wa\u017cne:<\/strong> Za\u0142\u00f3\u017c prezerwatyw\u0119 na penisa, zanim dotknie on waginy, pupy albo innego penisa. Prezerwatywy mo\u017cesz u\u017cywa\u0107, kiedy penis jest sztywny. Mo\u017cesz te\u017c u\u017cywa\u0107 prezerwatywy z zabawk\u0105 dla doros\u0142ych.<\/p>\n<hr \/>\n<h3>1.<\/h3>\n<p><img loading=\"lazy\" decoding=\"async\" class=\"wp-image-1752 size-medium alignnone\" src=\"https:\/\/niedersachsen-aidshilfe-migration.de\/wp-content\/uploads\/2022\/01\/Kondom-Pikto_1_2020-300x300.png\" alt=\"Kondom \u00f6ffnen\" width=\"300\" height=\"300\" srcset=\"https:\/\/niedersachsen-aidshilfe-migration.de\/wp-content\/uploads\/2022\/01\/Kondom-Pikto_1_2020-300x300.png 300w, https:\/\/niedersachsen-aidshilfe-migration.de\/wp-content\/uploads\/2022\/01\/Kondom-Pikto_1_2020-150x150.png 150w, https:\/\/niedersachsen-aidshilfe-migration.de\/wp-content\/uploads\/2022\/01\/Kondom-Pikto_1_2020.png 528w\" sizes=\"auto, (max-width: 300px) 100vw, 300px\" \/><\/p>\n<p>Ostro\u017cnie otw\u00f3rz opakowanie po z\u0105bkowanej stronie. Nie u\u017cywaj ostrych przedmiot\u00f3w takich jak n\u00f3\u017c albo no\u017cyczki. Nie u\u017cywaj te\u017c z\u0119b\u00f3w.<\/p>\n<p>Najlepiej wyjmij prezerwatyw\u0119 z opakowania kciukiem i palcem wskazuj\u0105cym. Trzymaj prezerwatyw\u0119 za pier\u015bcie\u0144.<\/p>\n<p><strong>Uwaga:<\/strong> Ostre paznokcie mog\u0105 uszkodzi\u0107 prezerwatyw\u0119. Nie no\u015b bi\u017cuterii na r\u0119kach ani przegubach. Podczas seksu z prezerwatyw\u0105 nikt nie powinien te\u017c mie\u0107 bi\u017cuterii na wulwie, pupie ani penisie. Inaczej prezerwatywa mo\u017ce p\u0119kn\u0105\u0107.<\/p>\n<hr \/>\n<h3>2.<\/h3>\n<p><img loading=\"lazy\" decoding=\"async\" class=\"alignnone size-medium wp-image-1760\" src=\"https:\/\/niedersachsen-aidshilfe-migration.de\/wp-content\/uploads\/2022\/01\/Kondom-Pikto_2_2020-300x300.png\" alt=\"Kondom ansetzen\" width=\"300\" height=\"300\" srcset=\"https:\/\/niedersachsen-aidshilfe-migration.de\/wp-content\/uploads\/2022\/01\/Kondom-Pikto_2_2020-300x300.png 300w, https:\/\/niedersachsen-aidshilfe-migration.de\/wp-content\/uploads\/2022\/01\/Kondom-Pikto_2_2020-150x150.png 150w, https:\/\/niedersachsen-aidshilfe-migration.de\/wp-content\/uploads\/2022\/01\/Kondom-Pikto_2_2020.png 528w\" sizes=\"auto, (max-width: 300px) 100vw, 300px\" \/><\/p>\n<p>Ostro\u017cnie \u015bci\u015bnij kciukiem i palcem wskazuj\u0105cym czubek prezerwatywy. Ten czubek nazywa si\u0119 zbiorniczek.<\/p>\n<p>Czy penis ma napletek? Je\u017celi tak, to odsu\u0144 teraz napletek drug\u0105 r\u0119k\u0105. Na\u0142\u00f3\u017c prezerwatyw\u0119 na czubek penisa. Ten czubek nazywa si\u0119 \u017co\u0142\u0105d\u017a.<\/p>\n<hr \/>\n<h3>3.<\/h3>\n<p><img loading=\"lazy\" decoding=\"async\" class=\"alignnone size-medium wp-image-1768\" src=\"https:\/\/niedersachsen-aidshilfe-migration.de\/wp-content\/uploads\/2022\/01\/Kondom-Pikto_3_2020-300x300.png\" alt=\"Kondom \u00fcberstreifen\" width=\"300\" height=\"300\" srcset=\"https:\/\/niedersachsen-aidshilfe-migration.de\/wp-content\/uploads\/2022\/01\/Kondom-Pikto_3_2020-300x300.png 300w, https:\/\/niedersachsen-aidshilfe-migration.de\/wp-content\/uploads\/2022\/01\/Kondom-Pikto_3_2020-150x150.png 150w, https:\/\/niedersachsen-aidshilfe-migration.de\/wp-content\/uploads\/2022\/01\/Kondom-Pikto_3_2020.png 528w\" sizes=\"auto, (max-width: 300px) 100vw, 300px\" \/><\/p>\n<p>Dalej \u015bciskaj zbiorniczek palcami. To wa\u017cne, \u017ceby nie by\u0142o w nim powietrza. R\u00f3wnocze\u015bnie drug\u0105 r\u0119k\u0105 rozwijaj prezerwatyw\u0119 w d\u00f3\u0142. Rolka prezerwatywy powinna by\u0107 na zewn\u0105trz. Rozwi\u0144 prezerwatyw\u0119 a\u017c do nasady penisa. Czy prezerwatywa nie daje si\u0119 \u0142atwo rozwin\u0105\u0107? Mo\u017ce za\u0142o\u017cy\u0142e\u015b\/ za\u0142o\u017cy\u0142a\u015b j\u0105 na niew\u0142a\u015bciw\u0105 stron\u0119.<\/p>\n<p><strong>Wa\u017cne:<\/strong> Nie odwracaj prezerwatywy po prostu na drug\u0105 stron\u0119! Mo\u017ce s\u0105 ju\u017c na niej p\u0142yny ustrojowe. Je\u017celi odwr\u00f3cisz prezerwatyw\u0119, mog\u0105 si\u0119 one dosta\u0107 na zewn\u0105trz. A wtedy druga osoba nie by\u0142aby w\u0142a\u015bciwie chroniona. We\u017a wi\u0119c now\u0105 prezerwatyw\u0119.<\/p>\n<hr \/>\n<h3>4.<\/h3>\n<p>Nigdy nie u\u017cywaj dw\u00f3ch prezerwatyw na raz. Inaczej b\u0119d\u0105 o siebie tar\u0142y. Przez to mog\u0105 \u0142atwo p\u0119kn\u0105\u0107 albo si\u0119 zsun\u0105\u0107. Jedna prezerwatywa chroni dobrze, je\u017celi w\u0142a\u015bciwie jej u\u017cywasz.<\/p>\n<hr \/>\n<h3>5.<\/h3>\n<p>S\u0105 r\u00f3\u017cne rozmiary prezerwatyw. Wa\u017cne, \u017ceby prezerwatywa mia\u0142a dobry rozmiar. Nie mo\u017ce by\u0107 za szeroka ani za w\u0105ska. Inaczej niewystarczaj\u0105co chroni Ciebie i drug\u0105 osob\u0119. Zwykle rozmiar standardowy pasuje. Dla grubszych penis\u00f3w s\u0105 szersze prezerwatywy. Dla cie\u0144szych penis\u00f3w s\u0105 w\u0119\u017csze prezerwatywy.<\/p>\n<hr \/>\n<h3>6.<\/h3>\n<p>Czasami penis przy zak\u0142adaniu prezerwatywy znowu robi si\u0119 mi\u0119kki. To w porz\u0105dku. Ale nie da si\u0119 tak uprawia\u0107 bezpiecznego seksu waginalnego albo analnego. Do tego potrzebny jest sztywny penis. Czasami dobrze, \u017ceby osoba z penisem najpierw sama po\u0107wiczy\u0142a zak\u0142adanie prezerwatywy.<\/p>\n<p><strong>Wa\u017cne:<\/strong> Nie stawiaj siebie ani drugiej osoby po presj\u0105. \u0141atwiej u\u017cywa\u0107 prezerwatywy z cierpliwo\u015bci\u0105 i rado\u015bci\u0105.<\/p>\n<hr \/>\n<h3>7.<\/h3>\n<p><img loading=\"lazy\" decoding=\"async\" class=\"alignnone size-medium wp-image-1776\" src=\"https:\/\/niedersachsen-aidshilfe-migration.de\/wp-content\/uploads\/2022\/01\/Kondom-Pikto_4_2021-300x300.png\" alt=\"Gleitmittel verwenden\" width=\"300\" height=\"300\" srcset=\"https:\/\/niedersachsen-aidshilfe-migration.de\/wp-content\/uploads\/2022\/01\/Kondom-Pikto_4_2021-300x300.png 300w, https:\/\/niedersachsen-aidshilfe-migration.de\/wp-content\/uploads\/2022\/01\/Kondom-Pikto_4_2021-150x150.png 150w, https:\/\/niedersachsen-aidshilfe-migration.de\/wp-content\/uploads\/2022\/01\/Kondom-Pikto_4_2021.png 528w\" sizes=\"auto, (max-width: 300px) 100vw, 300px\" \/><\/p>\n<p>Podczas seksu waginalnego, seksu analnego z prezerwatyw\u0105 albo przy suchej waginie korzystaj dodatkowo z lubrykantu (\u017celu intymnego).<\/p>\n<p>Najpierw za\u0142\u00f3\u017c prezerwatyw\u0119 na penisa. Potem nanie\u015b na penisa wystarczaj\u0105co lubrykantu. W ten spos\u00f3b \u0142atwiej wprowadzi\u0107 penisa z prezerwatyw\u0105. To dla wielu ludzi przyjemniejsze. Lubrykant chroni r\u00f3wnie\u017c prezerwatyw\u0119.<\/p>\n<hr \/>\n<h3>8.<\/h3>\n<p><img loading=\"lazy\" decoding=\"async\" class=\"alignnone size-medium wp-image-1784\" src=\"https:\/\/niedersachsen-aidshilfe-migration.de\/wp-content\/uploads\/2022\/01\/Kondom-Pikto_5_2020-300x300.png\" alt=\"Kondom Verwendung\" width=\"300\" height=\"300\" srcset=\"https:\/\/niedersachsen-aidshilfe-migration.de\/wp-content\/uploads\/2022\/01\/Kondom-Pikto_5_2020-300x300.png 300w, https:\/\/niedersachsen-aidshilfe-migration.de\/wp-content\/uploads\/2022\/01\/Kondom-Pikto_5_2020-150x150.png 150w, https:\/\/niedersachsen-aidshilfe-migration.de\/wp-content\/uploads\/2022\/01\/Kondom-Pikto_5_2020.png 528w\" sizes=\"auto, (max-width: 300px) 100vw, 300px\" \/><\/p>\n<p>Podczas seksu sprawdzaj od czasu do czasu, czy prezerwatywa nie ze\u015blizguje si\u0119 z penisa. Czasami prezerwatywa troch\u0119 si\u0119 przesuwa. Czy prezerwatywa za bardzo zsun\u0119\u0142a si\u0119 z penisa? W takim razie ostro\u017cnie wyci\u0105gnij penisa. Przytrzymuj przy tym prezerwatyw\u0119 na penisie. Je\u017celi chcesz, mo\u017cesz zacz\u0105\u0107 od nowa z now\u0105 prezerwatyw\u0105.<\/p>\n<p>Mo\u017ce Ty i druga osoba chcecie przechodzi\u0107 od seksu waginalnego do seksu analnego. Wtedy musicie najpierw zmieni\u0107 prezerwatyw\u0119. Czy uprawiasz seks z kilkoma osobami na raz? Wtedy z ka\u017cd\u0105 osob\u0105 potrzebujesz nowej prezerwatywy.<\/p>\n<hr \/>\n<h3>9.<\/h3>\n<p><img loading=\"lazy\" decoding=\"async\" class=\"alignnone size-medium wp-image-1792\" src=\"https:\/\/niedersachsen-aidshilfe-migration.de\/wp-content\/uploads\/2022\/01\/Kondom-Pikto_6_2020-300x300.png\" alt=\"Kondom festhalten\" width=\"300\" height=\"300\" srcset=\"https:\/\/niedersachsen-aidshilfe-migration.de\/wp-content\/uploads\/2022\/01\/Kondom-Pikto_6_2020-300x300.png 300w, https:\/\/niedersachsen-aidshilfe-migration.de\/wp-content\/uploads\/2022\/01\/Kondom-Pikto_6_2020-150x150.png 150w, https:\/\/niedersachsen-aidshilfe-migration.de\/wp-content\/uploads\/2022\/01\/Kondom-Pikto_6_2020.png 528w\" sizes=\"auto, (max-width: 300px) 100vw, 300px\" \/><\/p>\n<p>Czy osoba z penisem mia\u0142a wytrysk nasienia? Czyli czy mia\u0142a orgazm? W takim razie ostro\u017cnie wyci\u0105gnij penisa z waginy albo pupy. Je\u017celi penis wcze\u015bniej zrobi si\u0119 mi\u0119kki, te\u017c go wyci\u0105gnij.<\/p>\n<p>Przy wyci\u0105ganiu przytrzymuj prezerwatyw\u0119 na penisie. Najlepiej trzyma\u0107 prezerwatyw\u0119 za pier\u015bcie\u0144. Wtedy przy wyci\u0105ganiu prezerwatywa nie zsunie si\u0119 z penisa.<\/p>\n<hr \/>\n<h3>10.<\/h3>\n<p><img loading=\"lazy\" decoding=\"async\" class=\"alignnone size-medium wp-image-1800\" src=\"https:\/\/niedersachsen-aidshilfe-migration.de\/wp-content\/uploads\/2022\/01\/Kondom-Pikto_7_2020-300x300.png\" alt=\"Kondom nur einmal benutzen\" width=\"300\" height=\"300\" srcset=\"https:\/\/niedersachsen-aidshilfe-migration.de\/wp-content\/uploads\/2022\/01\/Kondom-Pikto_7_2020-300x300.png 300w, https:\/\/niedersachsen-aidshilfe-migration.de\/wp-content\/uploads\/2022\/01\/Kondom-Pikto_7_2020-150x150.png 150w, https:\/\/niedersachsen-aidshilfe-migration.de\/wp-content\/uploads\/2022\/01\/Kondom-Pikto_7_2020.png 528w\" sizes=\"auto, (max-width: 300px) 100vw, 300px\" \/><\/p>\n<p>Ostro\u017cnie zsu\u0144 prezerwatyw\u0119 z penisa. Zawsze wyrzucaj prezerwatyw\u0119 do kosza. Nie wyrzucaj jej do ubikacji. Ka\u017cdej prezerwatywy mo\u017cna u\u017cywa\u0107 tylko raz.<\/p>\n<p>&nbsp;<\/p>\n","protected":false},"excerpt":{"rendered":"<p>Prezerwatyw\u0119 mo\u017cesz za\u0142o\u017cy\u0107 na penisa albo zabawk\u0119 dla doros\u0142ych. Prezerwatywy s\u0105 w Niemczech bardzo znane i cz\u0119sto si\u0119 ich u\u017cywa. Prezerwatywy mo\u017cesz kupi\u0107 w wielu sklepach spo\u017cywczych i drogeriach. Wiele poradni Aidshilfe oferuje darmowe prezerwatywy. Wi\u0119cej informacji otrzymasz w Aidshilfe. Wa\u017cne: Za\u0142\u00f3\u017c prezerwatyw\u0119 na penisa, zanim dotknie on waginy, pupy albo innego penisa. Prezerwatywy mo\u017cesz [&hellip;]<\/p>\n","protected":false},"author":3,"featured_media":0,"parent":4049,"menu_order":6,"comment_status":"closed","ping_status":"closed","template":"","meta":{"inline_featured_image":false,"_genesis_hide_title":false,"_genesis_hide_breadcrumbs":false,"_genesis_hide_singular_image":false,"_genesis_hide_footer_widgets":false,"_genesis_custom_body_class":"","_genesis_custom_post_class":"","_genesis_layout":"","footnotes":""},"class_list":{"0":"post-4053","1":"page","2":"type-page","3":"status-publish","5":"entry","6":"override"},"_links":{"self":[{"href":"https:\/\/niedersachsen-aidshilfe-migration.de\/pl\/wp-json\/wp\/v2\/pages\/4053","targetHints":{"allow":["GET"]}}],"collection":[{"href":"https:\/\/niedersachsen-aidshilfe-migration.de\/pl\/wp-json\/wp\/v2\/pages"}],"about":[{"href":"https:\/\/niedersachsen-aidshilfe-migration.de\/pl\/wp-json\/wp\/v2\/types\/page"}],"author":[{"embeddable":true,"href":"https:\/\/niedersachsen-aidshilfe-migration.de\/pl\/wp-json\/wp\/v2\/users\/3"}],"replies":[{"embeddable":true,"href":"https:\/\/niedersachsen-aidshilfe-migration.de\/pl\/wp-json\/wp\/v2\/comments?post=4053"}],"version-history":[{"count":1,"href":"https:\/\/niedersachsen-aidshilfe-migration.de\/pl\/wp-json\/wp\/v2\/pages\/4053\/revisions"}],"predecessor-version":[{"id":4372,"href":"https:\/\/niedersachsen-aidshilfe-migration.de\/pl\/wp-json\/wp\/v2\/pages\/4053\/revisions\/4372"}],"up":[{"embeddable":true,"href":"https:\/\/niedersachsen-aidshilfe-migration.de\/pl\/wp-json\/wp\/v2\/pages\/4049"}],"wp:attachment":[{"href":"https:\/\/niedersachsen-aidshilfe-migration.de\/pl\/wp-json\/wp\/v2\/media?parent=4053"}],"curies":[{"name":"wp","href":"https:\/\/api.w.org\/{rel}","templated":true}]}}