{"id":4050,"date":"2023-03-20T10:18:39","date_gmt":"2023-03-20T09:18:39","guid":{"rendered":"https:\/\/niedersachsen-aidshilfe-migration.de\/?page_id=4050"},"modified":"2023-03-20T10:18:39","modified_gmt":"2023-03-20T09:18:39","slug":"ogolne-wskazowki-na-temat-prezerwatyw-i-prezerwatyw-wewnetrznych","status":"publish","type":"page","link":"https:\/\/niedersachsen-aidshilfe-migration.de\/pl\/seksualnosc-i-zdrowie\/ogolne-wskazowki-na-temat-prezerwatyw-i-prezerwatyw-wewnetrznych\/","title":{"rendered":"Og\u00f3lne wskaz\u00f3wki na temat prezerwatyw i prezerwatyw wewn\u0119trznych"},"content":{"rendered":"<p>Dla wielu ludzi seksualno\u015b\u0107 jest cz\u0119\u015bci\u0105 \u017cycia. A cz\u0119\u015bci\u0105 seksualno\u015bci s\u0105 uczucia takie jak mi\u0142o\u015b\u0107, po\u017c\u0105danie albo poczucie bezpiecze\u0144stwa. Seksualno\u015b\u0107 to cielesna blisko\u015b\u0107 mi\u0119dzy lud\u017ami. Powoduje przyjemne uczucia, zaufanie i podniecenie. Dla ka\u017cdego seksualno\u015b\u0107 znaczy co\u015b innego. Seksualno\u015b\u0107 jest bardzo r\u00f3\u017cnorodna. Nie ka\u017cdy lubi ten sam rodzaj seksu. To jest w porz\u0105dku!<\/p>\n<p>Jedna rzecz jest szczeg\u00f3lnie wa\u017cna: seksualno\u015b\u0107 zawsze powinna by\u0107 dobrowolna i oparta na wzajemnej zgodzie. To znaczy, \u017ce wszyscy, kt\u00f3rzy bior\u0105 udzia\u0142 w czynno\u015bciach seksualnych, si\u0119 na nie zgadzaj\u0105. I \u017ce ka\u017cda osoba sama decyduje o swoim ciele.<\/p>\n<p><strong>Prezerwatywy i prezerwatywy wewn\u0119trzne:<\/strong><\/p>\n<ul>\n<li>chroni\u0105 Ci\u0119 podczas seksu przed HIV i AIDS.<\/li>\n<li>mog\u0105 r\u00f3wnie\u017c zapobiec infekcjom przenoszonym drog\u0105 p\u0142ciow\u0105 (STI).<\/li>\n<li>chroni\u0105 te\u017c przed niechcian\u0105 ci\u0105\u017c\u0105 albo niechcianym ojcostwem.<\/li>\n<\/ul>\n<p><strong>Prezerwatywy<\/strong><\/p>\n<p>Prezerwatyw\u0119 mo\u017cesz za\u0142o\u017cy\u0107 na penisa albo zabawk\u0119 dla doros\u0142ych i u\u017cywa\u0107 jej przy seksie waginalnym albo analnym. Prezerwatywy s\u0105 w Niemczech bardzo znane i cz\u0119sto si\u0119 ich u\u017cywa.<\/p>\n<p><strong>Prezerwatywy wewn\u0119trzne<\/strong><\/p>\n<p>Prezerwatywy wewn\u0119trzne nadaj\u0105 si\u0119 do wprowadzenia do waginy i do seksu waginalnego. Nie s\u0105 w Niemczech tak dobrze znane. S\u0105 dro\u017csze ni\u017c prezerwatywy. Niekt\u00f3re apteki sprzedaj\u0105 prezerwatywy wewn\u0119trzne. Wi\u0119cej informacji otrzymasz w Aidshilfe.<\/p>\n<p>Prezerwatywy i prezerwatywy wewn\u0119trzne zapobiegaj\u0105 kontaktowi mi\u0119dzy b\u0142onami \u015bluzowymi ludzi, kt\u00f3rzy uprawiaj\u0105 ze sob\u0105 seks. Przez to podczas seksu nie ma wymiany p\u0142yn\u00f3w ustrojowych. To jest wa\u017cne. Bo przez b\u0142ony \u015bluzowe albo p\u0142yny ustrojowe mo\u017cna zarazi\u0107 si\u0119 HIV albo infekcjami przenoszonymi drog\u0105 p\u0142ciow\u0105. Mo\u017ce te\u017c doj\u015b\u0107 do niechcianej ci\u0105\u017cy albo niechcianego ojcostwa.<\/p>\n<p><strong>Prezerwatywy i prezerwatywy wewn\u0119trzne chroni\u0105 Ci\u0119 podczas seksu:<\/strong><br \/>\nw nowych zwi\u0105zkach, w d\u0142ugoletnich zwi\u0105zkach albo kiedy po raz pierwszy \u015bpisz z now\u0105 osob\u0105. Zw\u0142aszcza prezerwatywy s\u0105 bardzo pewne. Mo\u017cesz \u0107wiczy\u0107 u\u017cywanie prezerwatyw i prezerwatyw wewn\u0119trznych. Wielu ludziom \u0142atwo si\u0119 u\u017cywa prezerwatyw albo prezerwatyw wewn\u0119trznych. Wielu ludzi czuje si\u0119 przez to spokojniej podczas seksu. Seks mo\u017ce by\u0107 jeszcze przyjemniejszy, kiedy cz\u0142owiek si\u0119 podczas niego chroni.<\/p>\n<p>Prezerwatywy i prezerwatywy wewn\u0119trzne robi si\u0119 z <strong>r\u00f3\u017cnych materia\u0142\u00f3w<\/strong>. Wi\u0119kszo\u015b\u0107 z nich jest z lateksu, nitrylu albo poliuretanu.<\/p>\n<p>Prezerwatywy i prezerwatywy wewn\u0119trzne maj\u0105 na opakowaniu <strong>dat\u0119 wa\u017cno\u015bci<\/strong>. Po jej up\u0142ywie ju\u017c nie chroni\u0105! Sprawd\u017a wi\u0119c przed seksem, czy prezerwatywa albo prezerwatywa wewn\u0119trzna nadaje si\u0119 jeszcze do u\u017cytku. Zwr\u00f3\u0107 te\u017c uwag\u0119, czy na opakowaniu jest nadruk <strong>CE<\/strong>. Po nim rozpoznasz: prezerwatywa albo prezerwatywa wewn\u0119trzna jest sprawdzona.<\/p>\n<p><strong>Wa\u017cne:<\/strong> U\u017cywaj podczas seksu waginalnego <strong>albo<\/strong> prezerwatywy,<strong> albo<\/strong> prezerwatywy wewn\u0119trznej. Obie na raz za bardzo tr\u0105. Mog\u0105 wtedy p\u0119kn\u0105\u0107.<\/p>\n<p><strong>Lubrykanty<\/strong><\/p>\n<p>Podczas seksu waginalnego, seksu analnego z prezerwatyw\u0105 albo przy suchej waginie korzystaj dodatkowo z lubrykantu (\u017celu intymnego). W ten spos\u00f3b \u0142atwiej wprowadzi\u0107 penisa z prezerwatyw\u0105. To dla wielu ludzi przyjemniejsze. Lubrykant chroni r\u00f3wnie\u017c prezerwatyw\u0119. Najpierw za\u0142\u00f3\u017c prezerwatyw\u0119 na penisa, a potem nanie\u015b lubrykant na prezerwatyw\u0119.<\/p>\n<p>Niekt\u00f3rych prezerwatyw wewn\u0119trznych te\u017c powinno si\u0119 u\u017cywa\u0107 z lubrykantem. Dowiesz si\u0119 tego z ulotki.<\/p>\n<p>Lubrykanty znajdziesz zwykle w tych samych sklepach co prezerwatywy.<\/p>\n<p><strong>Uwaga:<\/strong> Dobre lubrykanty s\u0105 na bazie wody albo silikonu. Lubrykanty na bazie t\u0142uszczu mog\u0105 uszkodzi\u0107 prezerwatywy i prezerwatywy wewn\u0119trzne. Wtedy prezerwatywy przestaj\u0105 chroni\u0107. Dlatego tych produkt\u00f3w<strong> nie wolno <\/strong>u\u017cywa\u0107 razem z prezerwatyw\u0105: oleju kokosowego, olejku do masa\u017cu, oliwki dla niemowl\u0105t, kremu do cia\u0142a, wazeliny, mas\u0142a albo margaryny.<\/p>\n<p>&nbsp;<\/p>\n<p>&nbsp;<\/p>\n","protected":false},"excerpt":{"rendered":"<p>Dla wielu ludzi seksualno\u015b\u0107 jest cz\u0119\u015bci\u0105 \u017cycia. A cz\u0119\u015bci\u0105 seksualno\u015bci s\u0105 uczucia takie jak mi\u0142o\u015b\u0107, po\u017c\u0105danie albo poczucie bezpiecze\u0144stwa. Seksualno\u015b\u0107 to cielesna blisko\u015b\u0107 mi\u0119dzy lud\u017ami. Powoduje przyjemne uczucia, zaufanie i podniecenie. Dla ka\u017cdego seksualno\u015b\u0107 znaczy co\u015b innego. Seksualno\u015b\u0107 jest bardzo r\u00f3\u017cnorodna. Nie ka\u017cdy lubi ten sam rodzaj seksu. To jest w porz\u0105dku! Jedna rzecz jest [&hellip;]<\/p>\n","protected":false},"author":3,"featured_media":0,"parent":4049,"menu_order":5,"comment_status":"closed","ping_status":"closed","template":"","meta":{"inline_featured_image":false,"_genesis_hide_title":false,"_genesis_hide_breadcrumbs":false,"_genesis_hide_singular_image":false,"_genesis_hide_footer_widgets":false,"_genesis_custom_body_class":"","_genesis_custom_post_class":"","_genesis_layout":"sidebar-content","footnotes":""},"class_list":{"0":"post-4050","1":"page","2":"type-page","3":"status-publish","5":"entry","6":"override"},"_links":{"self":[{"href":"https:\/\/niedersachsen-aidshilfe-migration.de\/pl\/wp-json\/wp\/v2\/pages\/4050","targetHints":{"allow":["GET"]}}],"collection":[{"href":"https:\/\/niedersachsen-aidshilfe-migration.de\/pl\/wp-json\/wp\/v2\/pages"}],"about":[{"href":"https:\/\/niedersachsen-aidshilfe-migration.de\/pl\/wp-json\/wp\/v2\/types\/page"}],"author":[{"embeddable":true,"href":"https:\/\/niedersachsen-aidshilfe-migration.de\/pl\/wp-json\/wp\/v2\/users\/3"}],"replies":[{"embeddable":true,"href":"https:\/\/niedersachsen-aidshilfe-migration.de\/pl\/wp-json\/wp\/v2\/comments?post=4050"}],"version-history":[{"count":0,"href":"https:\/\/niedersachsen-aidshilfe-migration.de\/pl\/wp-json\/wp\/v2\/pages\/4050\/revisions"}],"up":[{"embeddable":true,"href":"https:\/\/niedersachsen-aidshilfe-migration.de\/pl\/wp-json\/wp\/v2\/pages\/4049"}],"wp:attachment":[{"href":"https:\/\/niedersachsen-aidshilfe-migration.de\/pl\/wp-json\/wp\/v2\/media?parent=4050"}],"curies":[{"name":"wp","href":"https:\/\/api.w.org\/{rel}","templated":true}]}}