{"id":4041,"date":"2023-03-19T15:36:56","date_gmt":"2023-03-19T14:36:56","guid":{"rendered":"https:\/\/niedersachsen-aidshilfe-migration.de\/?page_id=4041"},"modified":"2023-04-18T13:26:54","modified_gmt":"2023-04-18T11:26:54","slug":"orientacja-seksualna-i-tozsamosc-seksualna","status":"publish","type":"page","link":"https:\/\/niedersachsen-aidshilfe-migration.de\/pl\/seksualnosc-i-wolnosc-seksualna\/orientacja-seksualna-i-tozsamosc-seksualna\/","title":{"rendered":"Orientacja seksualna i to\u017csamo\u015b\u0107 seksualna"},"content":{"rendered":"<p><strong>W Niemczech s\u0105 prawa przeciw dyskryminacji.<\/strong><\/p>\n<p>Nie wolno traktowa\u0107 ludzi gorzej w zwi\u0105zku z ich orientacj\u0105 seksualn\u0105. Na przyk\u0142ad ludzie homoseksualni albo biseksualni nie s\u0105 w Niemczech prze\u015bladowani. Nie s\u0105 te\u017c karani. Zwi\u0105zki jednop\u0142ciowe s\u0105 dozwolone: m\u0119\u017cczy\u017anie wolno kocha\u0107 m\u0119\u017cczyzn\u0119. Kobiecie wolno kocha\u0107 kobiet\u0119. Pary tej samej p\u0142ci mog\u0105 te\u017c bra\u0107 \u015blub.<\/p>\n<p>To wszystko dotyczy r\u00f3wnie\u017c to\u017csamo\u015bci p\u0142ciowej. Na przyk\u0142ad ludzi trans* i inter te\u017c si\u0119 w Niemczech nie prze\u015bladuje ani nie kara. Gwiazdka * za trans* oznacza: jest wiele r\u00f3\u017cnych to\u017csamo\u015bci p\u0142ciowych. I bardzo r\u00f3\u017cnie si\u0119 na nie m\u00f3wi. Niekt\u00f3rzy ludzie na przyk\u0142ad wol\u0105 s\u0142owo \u201etransp\u0142ciowy\u201d. A inni wol\u0105 m\u00f3wi\u0107 \u201etransgender\u201d. Gwiazdka * oznacza wszystkie te to\u017csamo\u015bci.<\/p>\n<p>W\u0142asna orientacja seksualna albo p\u0142ciowa mog\u0105 si\u0119 zmieni\u0107 w trakcie \u017cycia albo pozosta\u0107 bez zmiany. W wielu miastach s\u0105 poradnie, kt\u00f3re maj\u0105 informacje na ten temat. Cz\u0119sto s\u0105 te\u017c spotkania albo wydarzenia. Poradnia Aidshilfe w Twojej okolicy ch\u0119tnie Ci pomo\u017ce.<\/p>\n<p>Tutaj znajdziesz wi\u0119cej informacji na temat orientacji seksualnej i orientacji p\u0142ciowej w r\u00f3\u017cnych j\u0119zykach: <a href=\"http:\/\/www.zanzu.de\" target=\"_blank\" rel=\"noopener\">www.zanzu.de<\/a><\/p>\n<p>Tutaj znajdziesz wi\u0119cej informacji na temat orientacji seksualnej i orientacji p\u0142ciowej w prostym j\u0119zyku niemieckim:<\/p>\n<p><a href=\"http:\/\/www.regenbogenportal.de\/leichte-sprache\" target=\"_blank\" rel=\"noopener\">www.regenbogenportal.de\/leichte-sprache<\/a><\/p>\n<p><a href=\"http:\/\/www.regenbogenportal.de\/leichte-sprache\" target=\"_blank\" rel=\"noopener\">www.liebesleben.de\/leichte-sprache\/<\/a><\/p>\n<p>Tutaj znajdziesz wi\u0119cej informacji na temat orientacji seksualnej i orientacji p\u0142ciowej w codziennym j\u0119zyku niemieckim:<\/p>\n<p><a href=\"http:\/\/www.liebesleben.de\" target=\"_blank\" rel=\"noopener\">www.liebesleben.de<\/a><\/p>\n<p>&nbsp;<\/p>\n","protected":false},"excerpt":{"rendered":"<p>W Niemczech s\u0105 prawa przeciw dyskryminacji. Nie wolno traktowa\u0107 ludzi gorzej w zwi\u0105zku z ich orientacj\u0105 seksualn\u0105. Na przyk\u0142ad ludzie homoseksualni albo biseksualni nie s\u0105 w Niemczech prze\u015bladowani. Nie s\u0105 te\u017c karani. Zwi\u0105zki jednop\u0142ciowe s\u0105 dozwolone: m\u0119\u017cczy\u017anie wolno kocha\u0107 m\u0119\u017cczyzn\u0119. Kobiecie wolno kocha\u0107 kobiet\u0119. Pary tej samej p\u0142ci mog\u0105 te\u017c bra\u0107 \u015blub. To wszystko dotyczy [&hellip;]<\/p>\n","protected":false},"author":3,"featured_media":0,"parent":4031,"menu_order":213,"comment_status":"closed","ping_status":"closed","template":"","meta":{"inline_featured_image":false,"_genesis_hide_title":false,"_genesis_hide_breadcrumbs":false,"_genesis_hide_singular_image":false,"_genesis_hide_footer_widgets":false,"_genesis_custom_body_class":"","_genesis_custom_post_class":"","_genesis_layout":"","footnotes":""},"class_list":{"0":"post-4041","1":"page","2":"type-page","3":"status-publish","5":"entry","6":"override"},"_links":{"self":[{"href":"https:\/\/niedersachsen-aidshilfe-migration.de\/pl\/wp-json\/wp\/v2\/pages\/4041","targetHints":{"allow":["GET"]}}],"collection":[{"href":"https:\/\/niedersachsen-aidshilfe-migration.de\/pl\/wp-json\/wp\/v2\/pages"}],"about":[{"href":"https:\/\/niedersachsen-aidshilfe-migration.de\/pl\/wp-json\/wp\/v2\/types\/page"}],"author":[{"embeddable":true,"href":"https:\/\/niedersachsen-aidshilfe-migration.de\/pl\/wp-json\/wp\/v2\/users\/3"}],"replies":[{"embeddable":true,"href":"https:\/\/niedersachsen-aidshilfe-migration.de\/pl\/wp-json\/wp\/v2\/comments?post=4041"}],"version-history":[{"count":1,"href":"https:\/\/niedersachsen-aidshilfe-migration.de\/pl\/wp-json\/wp\/v2\/pages\/4041\/revisions"}],"predecessor-version":[{"id":4377,"href":"https:\/\/niedersachsen-aidshilfe-migration.de\/pl\/wp-json\/wp\/v2\/pages\/4041\/revisions\/4377"}],"up":[{"embeddable":true,"href":"https:\/\/niedersachsen-aidshilfe-migration.de\/pl\/wp-json\/wp\/v2\/pages\/4031"}],"wp:attachment":[{"href":"https:\/\/niedersachsen-aidshilfe-migration.de\/pl\/wp-json\/wp\/v2\/media?parent=4041"}],"curies":[{"name":"wp","href":"https:\/\/api.w.org\/{rel}","templated":true}]}}