{"id":4037,"date":"2023-03-19T15:31:59","date_gmt":"2023-03-19T14:31:59","guid":{"rendered":"https:\/\/niedersachsen-aidshilfe-migration.de\/?page_id=4037"},"modified":"2023-04-18T13:25:58","modified_gmt":"2023-04-18T11:25:58","slug":"rozmawiajcie-ze-soba","status":"publish","type":"page","link":"https:\/\/niedersachsen-aidshilfe-migration.de\/pl\/seksualnosc-i-wolnosc-seksualna\/rozmawiajcie-ze-soba\/","title":{"rendered":"Rozmawiajcie ze sob\u0105"},"content":{"rendered":"<p>Mo\u017ce uprawiasz seks z inn\u0105 osob\u0105. Mo\u017ce uprawiasz seks z kilkoma lud\u017ami. Mo\u017ce masz zwi\u0105zek albo kilka zwi\u0105zk\u00f3w. Mo\u017ce masz lu\u017ane kontakty seksualne z innymi lud\u017ami.<\/p>\n<p>Wa\u017cne jest jedno: zawsze rozmawiaj z lud\u017ami, z kt\u00f3rymi uprawiasz seks. Rozmawiajcie o swoich \u017cyczeniach i granicach. Co chcecie robi\u0107? Co lubicie? Czego nie chcecie robi\u0107? Czego w og\u00f3le nie lubicie? Kto uprawia z Tob\u0105 seks, ten musi przestrzega\u0107 Twoich granic. A Ty musisz przestrzega\u0107 granic ka\u017cdej innej osoby. Rozmowy cz\u0119sto bardzo pomagaj\u0105 lepiej zrozumie\u0107 si\u0119 podczas seksu.<\/p>\n<p>Wi\u0119cej informacji o seksualno\u015bci, ciele i uczuciach znajdziesz tutaj:<\/p>\n<p><a href=\"http:\/\/www.zanzu.de\" target=\"_blank\" rel=\"noopener\">www.zanzu.de<\/a><\/p>\n<p>Informacje s\u0105 w r\u00f3\u017cnych j\u0119zykach.<\/p>\n","protected":false},"excerpt":{"rendered":"<p>Mo\u017ce uprawiasz seks z inn\u0105 osob\u0105. Mo\u017ce uprawiasz seks z kilkoma lud\u017ami. Mo\u017ce masz zwi\u0105zek albo kilka zwi\u0105zk\u00f3w. Mo\u017ce masz lu\u017ane kontakty seksualne z innymi lud\u017ami. Wa\u017cne jest jedno: zawsze rozmawiaj z lud\u017ami, z kt\u00f3rymi uprawiasz seks. Rozmawiajcie o swoich \u017cyczeniach i granicach. Co chcecie robi\u0107? Co lubicie? Czego nie chcecie robi\u0107? Czego w og\u00f3le [&hellip;]<\/p>\n","protected":false},"author":3,"featured_media":0,"parent":4031,"menu_order":211,"comment_status":"closed","ping_status":"closed","template":"","meta":{"inline_featured_image":false,"_genesis_hide_title":false,"_genesis_hide_breadcrumbs":false,"_genesis_hide_singular_image":false,"_genesis_hide_footer_widgets":false,"_genesis_custom_body_class":"","_genesis_custom_post_class":"","_genesis_layout":"","footnotes":""},"class_list":{"0":"post-4037","1":"page","2":"type-page","3":"status-publish","5":"entry","6":"override"},"_links":{"self":[{"href":"https:\/\/niedersachsen-aidshilfe-migration.de\/pl\/wp-json\/wp\/v2\/pages\/4037","targetHints":{"allow":["GET"]}}],"collection":[{"href":"https:\/\/niedersachsen-aidshilfe-migration.de\/pl\/wp-json\/wp\/v2\/pages"}],"about":[{"href":"https:\/\/niedersachsen-aidshilfe-migration.de\/pl\/wp-json\/wp\/v2\/types\/page"}],"author":[{"embeddable":true,"href":"https:\/\/niedersachsen-aidshilfe-migration.de\/pl\/wp-json\/wp\/v2\/users\/3"}],"replies":[{"embeddable":true,"href":"https:\/\/niedersachsen-aidshilfe-migration.de\/pl\/wp-json\/wp\/v2\/comments?post=4037"}],"version-history":[{"count":2,"href":"https:\/\/niedersachsen-aidshilfe-migration.de\/pl\/wp-json\/wp\/v2\/pages\/4037\/revisions"}],"predecessor-version":[{"id":4376,"href":"https:\/\/niedersachsen-aidshilfe-migration.de\/pl\/wp-json\/wp\/v2\/pages\/4037\/revisions\/4376"}],"up":[{"embeddable":true,"href":"https:\/\/niedersachsen-aidshilfe-migration.de\/pl\/wp-json\/wp\/v2\/pages\/4031"}],"wp:attachment":[{"href":"https:\/\/niedersachsen-aidshilfe-migration.de\/pl\/wp-json\/wp\/v2\/media?parent=4037"}],"curies":[{"name":"wp","href":"https:\/\/api.w.org\/{rel}","templated":true}]}}