{"id":4035,"date":"2023-03-19T15:30:08","date_gmt":"2023-03-19T14:30:08","guid":{"rendered":"https:\/\/niedersachsen-aidshilfe-migration.de\/?page_id=4035"},"modified":"2023-03-19T15:30:08","modified_gmt":"2023-03-19T14:30:08","slug":"roznorodnosc-w-seksualnosci","status":"publish","type":"page","link":"https:\/\/niedersachsen-aidshilfe-migration.de\/pl\/seksualnosc-i-wolnosc-seksualna\/roznorodnosc-w-seksualnosci\/","title":{"rendered":"R\u00f3\u017cnorodno\u015b\u0107 w seksualno\u015bci"},"content":{"rendered":"<p>Seksualno\u015b\u0107 jest bardzo r\u00f3\u017cnorodna. Ludzie maj\u0105 r\u00f3\u017cn\u0105 budow\u0119 cia\u0142a i r\u00f3\u017cne genitalia. R\u00f3\u017cni ludzie u\u017cywaj\u0105 do seksu r\u00f3\u017cnych cz\u0119\u015bci cia\u0142a i genitali\u00f3w. Niekt\u00f3rzy lubi\u0105 te\u017c u\u017cywa\u0107 akcesori\u00f3w albo zabawek dla doros\u0142ych.<\/p>\n<p>Ka\u017cdy cz\u0142owiek lubi inny seks. Niekt\u00f3rzy w og\u00f3le seksu nie lubi\u0105.<\/p>\n<p>Niekt\u00f3rzy ludzie lubi\u0105 osoby innej p\u0142ci. A inni lubi\u0105 osoby tej samej p\u0142ci. Dla niekt\u00f3rych ludzi atrakcyjnych jest wiele p\u0142ci.<\/p>\n<p>Wielu ludzi \u017cyczy sobie monogamicznego, czyli wy\u0142\u0105cznego, zwi\u0105zku. Inni maj\u0105 kilka zwi\u0105zk\u00f3w na raz.<\/p>\n<p>Niekt\u00f3rzy ludzie lubi\u0105 seks, ale nie chc\u0105 zwi\u0105zku. Inni ludzie \u017cyj\u0105 w partnerstwie bez seksu.<\/p>\n<p><strong>To wszystko jest w porz\u0105dku! Ta r\u00f3\u017cnorodno\u015b\u0107 jest super!<\/strong><\/p>\n<p>Wi\u0119cej informacji o seksualno\u015bci, r\u00f3\u017cnorodno\u015bci i partnerstwie znajdziesz tutaj: <a href=\"http:\/\/www.zanzu.de\" target=\"_blank\" rel=\"noopener\">www.zanzu.de<\/a><\/p>\n<p>Informacje s\u0105 w r\u00f3\u017cnych j\u0119zykach.<\/p>\n","protected":false},"excerpt":{"rendered":"<p>Seksualno\u015b\u0107 jest bardzo r\u00f3\u017cnorodna. Ludzie maj\u0105 r\u00f3\u017cn\u0105 budow\u0119 cia\u0142a i r\u00f3\u017cne genitalia. R\u00f3\u017cni ludzie u\u017cywaj\u0105 do seksu r\u00f3\u017cnych cz\u0119\u015bci cia\u0142a i genitali\u00f3w. Niekt\u00f3rzy lubi\u0105 te\u017c u\u017cywa\u0107 akcesori\u00f3w albo zabawek dla doros\u0142ych. Ka\u017cdy cz\u0142owiek lubi inny seks. Niekt\u00f3rzy w og\u00f3le seksu nie lubi\u0105. Niekt\u00f3rzy ludzie lubi\u0105 osoby innej p\u0142ci. A inni lubi\u0105 osoby tej samej p\u0142ci. [&hellip;]<\/p>\n","protected":false},"author":3,"featured_media":0,"parent":4031,"menu_order":210,"comment_status":"closed","ping_status":"closed","template":"","meta":{"inline_featured_image":false,"_genesis_hide_title":false,"_genesis_hide_breadcrumbs":false,"_genesis_hide_singular_image":false,"_genesis_hide_footer_widgets":false,"_genesis_custom_body_class":"","_genesis_custom_post_class":"","_genesis_layout":"sidebar-content","footnotes":""},"class_list":{"0":"post-4035","1":"page","2":"type-page","3":"status-publish","5":"entry","6":"override"},"_links":{"self":[{"href":"https:\/\/niedersachsen-aidshilfe-migration.de\/pl\/wp-json\/wp\/v2\/pages\/4035","targetHints":{"allow":["GET"]}}],"collection":[{"href":"https:\/\/niedersachsen-aidshilfe-migration.de\/pl\/wp-json\/wp\/v2\/pages"}],"about":[{"href":"https:\/\/niedersachsen-aidshilfe-migration.de\/pl\/wp-json\/wp\/v2\/types\/page"}],"author":[{"embeddable":true,"href":"https:\/\/niedersachsen-aidshilfe-migration.de\/pl\/wp-json\/wp\/v2\/users\/3"}],"replies":[{"embeddable":true,"href":"https:\/\/niedersachsen-aidshilfe-migration.de\/pl\/wp-json\/wp\/v2\/comments?post=4035"}],"version-history":[{"count":0,"href":"https:\/\/niedersachsen-aidshilfe-migration.de\/pl\/wp-json\/wp\/v2\/pages\/4035\/revisions"}],"up":[{"embeddable":true,"href":"https:\/\/niedersachsen-aidshilfe-migration.de\/pl\/wp-json\/wp\/v2\/pages\/4031"}],"wp:attachment":[{"href":"https:\/\/niedersachsen-aidshilfe-migration.de\/pl\/wp-json\/wp\/v2\/media?parent=4035"}],"curies":[{"name":"wp","href":"https:\/\/api.w.org\/{rel}","templated":true}]}}