{"id":4033,"date":"2023-03-19T15:28:19","date_gmt":"2023-03-19T14:28:19","guid":{"rendered":"https:\/\/niedersachsen-aidshilfe-migration.de\/?page_id=4033"},"modified":"2023-03-19T15:28:19","modified_gmt":"2023-03-19T14:28:19","slug":"prawa-seksualne","status":"publish","type":"page","link":"https:\/\/niedersachsen-aidshilfe-migration.de\/pl\/seksualnosc-i-wolnosc-seksualna\/prawa-seksualne\/","title":{"rendered":"Prawa seksualne"},"content":{"rendered":"<p>W Niemczech mo\u017cesz samodzielnie decydowa\u0107:<\/p>\n<ul>\n<li>czy i kiedy chcesz do\u015bwiadcza\u0107 seksualno\u015bci.<\/li>\n<li>z kim i jak chcesz do\u015bwiadcza\u0107 seksualno\u015bci.<\/li>\n<li>jak cz\u0119sto chcesz do\u015bwiadcza\u0107 seksualno\u015bci.<\/li>\n<li>czy chcesz wzi\u0105\u0107 \u015blub czy nie.<\/li>\n<li>z kim chcesz wzi\u0105\u0107 \u015blub.<\/li>\n<li>czy chcesz mie\u0107 dzieci czy nie.<\/li>\n<\/ul>\n<p><strong>Nikomu nie wolno zmusza\u0107 Ciebie ani innych do czynno\u015bci seksualnych.<\/strong> To dotyczy wszystkich ludzi. R\u00f3wnie\u017c w Twojej rodzinie, w zwi\u0105zku ani w gronie znajomych nikt nie mo\u017ce Ci\u0119 do tego zmusi\u0107. Tobie te\u017c nie wolno nikogo zmusza\u0107 do czynno\u015bci seksualnych. <strong>Seksualno\u015b\u0107 zawsze musi by\u0107 dobrowolna. Ka\u017cdy cz\u0142owiek mo\u017ce wi\u0119c zawsze samemu decydowa\u0107 o swoim ciele.<\/strong><\/p>\n<p>Czy kto\u015b zmusza Ci\u0119 do czynno\u015bci seksualnych? Wtedy m\u00f3wimy o przemocy seksualnej albo wykorzystywaniu seksualnym. S\u0105 one w Niemczech zabronione i karalne. Czy do\u015bwiadczasz przemocy seksualnej albo wykorzystywania seksualnego? Porozmawiaj z kim\u015b, komu ufasz. Albo poszukaj pomocy w poradni. Aidshilfe w Twojej okolicy mo\u017ce poda\u0107 Ci w\u0142a\u015bciwe adresy.<\/p>\n<p>Dzieci i m\u0142odzie\u017c s\u0105 w Niemczech szczeg\u00f3lnie chronione. Dzieci to wszystkie osoby poni\u017cej 14. roku \u017cycia. M\u0142odzie\u017c to wszystkie osoby mi\u0119dzy 14. a 17. rokiem \u017cycia. Doro\u015bli to wszystkie osoby powy\u017cej 18. roku \u017cycia.<\/p>\n<p>Doro\u015bli i m\u0142odzie\u017c nie mog\u0105 robi\u0107 nic seksualnego z dzie\u0107mi. Jest to zabronione i karalne. Rodzicom nie wolno uprawia\u0107 seksu za swoimi dzie\u0107mi. Rodze\u0144stwu nie wolno uprawia\u0107 ze sob\u0105 seksu. Wiek jest tutaj oboj\u0119tny.<\/p>\n<p>Wa\u017cne prawa o ochronie dzieci i m\u0142odzie\u017cy znajdziesz tutaj: www.zanzu.de<\/p>\n<p>Informacje s\u0105 w r\u00f3\u017cnych j\u0119zykach.<\/p>\n","protected":false},"excerpt":{"rendered":"<p>W Niemczech mo\u017cesz samodzielnie decydowa\u0107: czy i kiedy chcesz do\u015bwiadcza\u0107 seksualno\u015bci. z kim i jak chcesz do\u015bwiadcza\u0107 seksualno\u015bci. jak cz\u0119sto chcesz do\u015bwiadcza\u0107 seksualno\u015bci. czy chcesz wzi\u0105\u0107 \u015blub czy nie. z kim chcesz wzi\u0105\u0107 \u015blub. czy chcesz mie\u0107 dzieci czy nie. Nikomu nie wolno zmusza\u0107 Ciebie ani innych do czynno\u015bci seksualnych. To dotyczy wszystkich ludzi. R\u00f3wnie\u017c [&hellip;]<\/p>\n","protected":false},"author":3,"featured_media":0,"parent":4031,"menu_order":209,"comment_status":"closed","ping_status":"closed","template":"","meta":{"inline_featured_image":false,"_genesis_hide_title":false,"_genesis_hide_breadcrumbs":false,"_genesis_hide_singular_image":false,"_genesis_hide_footer_widgets":false,"_genesis_custom_body_class":"","_genesis_custom_post_class":"","_genesis_layout":"sidebar-content","footnotes":""},"class_list":{"0":"post-4033","1":"page","2":"type-page","3":"status-publish","5":"entry","6":"override"},"_links":{"self":[{"href":"https:\/\/niedersachsen-aidshilfe-migration.de\/pl\/wp-json\/wp\/v2\/pages\/4033","targetHints":{"allow":["GET"]}}],"collection":[{"href":"https:\/\/niedersachsen-aidshilfe-migration.de\/pl\/wp-json\/wp\/v2\/pages"}],"about":[{"href":"https:\/\/niedersachsen-aidshilfe-migration.de\/pl\/wp-json\/wp\/v2\/types\/page"}],"author":[{"embeddable":true,"href":"https:\/\/niedersachsen-aidshilfe-migration.de\/pl\/wp-json\/wp\/v2\/users\/3"}],"replies":[{"embeddable":true,"href":"https:\/\/niedersachsen-aidshilfe-migration.de\/pl\/wp-json\/wp\/v2\/comments?post=4033"}],"version-history":[{"count":0,"href":"https:\/\/niedersachsen-aidshilfe-migration.de\/pl\/wp-json\/wp\/v2\/pages\/4033\/revisions"}],"up":[{"embeddable":true,"href":"https:\/\/niedersachsen-aidshilfe-migration.de\/pl\/wp-json\/wp\/v2\/pages\/4031"}],"wp:attachment":[{"href":"https:\/\/niedersachsen-aidshilfe-migration.de\/pl\/wp-json\/wp\/v2\/media?parent=4033"}],"curies":[{"name":"wp","href":"https:\/\/api.w.org\/{rel}","templated":true}]}}