{"id":4031,"date":"2023-03-19T15:25:55","date_gmt":"2023-03-19T14:25:55","guid":{"rendered":"https:\/\/niedersachsen-aidshilfe-migration.de\/?page_id=4031"},"modified":"2023-03-19T15:25:55","modified_gmt":"2023-03-19T14:25:55","slug":"seksualnosc-i-wolnosc-seksualna","status":"publish","type":"page","link":"https:\/\/niedersachsen-aidshilfe-migration.de\/pl\/seksualnosc-i-wolnosc-seksualna\/","title":{"rendered":"Seksualno\u015b\u0107 i wolno\u015b\u0107 seksualna"},"content":{"rendered":"<p>Dla wielu ludzi seksualno\u015b\u0107 jest cz\u0119\u015bci\u0105 \u017cycia. A cz\u0119\u015bci\u0105 seksualno\u015bci s\u0105 uczucia takie jak mi\u0142o\u015b\u0107, po\u017c\u0105danie albo poczucie bezpiecze\u0144stwa. Seksualno\u015b\u0107 to cielesna blisko\u015b\u0107 mi\u0119dzy lud\u017ami. Powoduje przyjemne uczucia, zaufanie i podniecenie.<\/p>\n<p>Dla ka\u017cdego seksualno\u015b\u0107 znaczy co\u015b innego. Seksualno\u015b\u0107 jest bardzo r\u00f3\u017cnorodna. Nie ka\u017cdy lubi ten sam rodzaj seksu. To jest w porz\u0105dku!<\/p>\n<p>Jedno jest szczeg\u00f3lnie wa\u017cne: seksualno\u015b\u0107 zawsze powinna by\u0107 dobrowolna i oparta na wzajemnej zgodzie. To znaczy, \u017ce wszyscy, kt\u00f3rzy bior\u0105 udzia\u0142 w czynno\u015bciach seksualnych, si\u0119 na nie zgadzaj\u0105.<\/p>\n<p>I \u017ce ka\u017cdy samemu decyduje o swoim ciele.<\/p>\n","protected":false},"excerpt":{"rendered":"<p>Dla wielu ludzi seksualno\u015b\u0107 jest cz\u0119\u015bci\u0105 \u017cycia. A cz\u0119\u015bci\u0105 seksualno\u015bci s\u0105 uczucia takie jak mi\u0142o\u015b\u0107, po\u017c\u0105danie albo poczucie bezpiecze\u0144stwa. Seksualno\u015b\u0107 to cielesna blisko\u015b\u0107 mi\u0119dzy lud\u017ami. Powoduje przyjemne uczucia, zaufanie i podniecenie. Dla ka\u017cdego seksualno\u015b\u0107 znaczy co\u015b innego. Seksualno\u015b\u0107 jest bardzo r\u00f3\u017cnorodna. Nie ka\u017cdy lubi ten sam rodzaj seksu. To jest w porz\u0105dku! Jedno jest szczeg\u00f3lnie [&hellip;]<\/p>\n","protected":false},"author":3,"featured_media":0,"parent":0,"menu_order":208,"comment_status":"closed","ping_status":"closed","template":"","meta":{"inline_featured_image":false,"_genesis_hide_title":false,"_genesis_hide_breadcrumbs":false,"_genesis_hide_singular_image":false,"_genesis_hide_footer_widgets":false,"_genesis_custom_body_class":"","_genesis_custom_post_class":"","_genesis_layout":"","footnotes":""},"class_list":{"0":"post-4031","1":"page","2":"type-page","3":"status-publish","5":"entry","6":"override"},"_links":{"self":[{"href":"https:\/\/niedersachsen-aidshilfe-migration.de\/pl\/wp-json\/wp\/v2\/pages\/4031","targetHints":{"allow":["GET"]}}],"collection":[{"href":"https:\/\/niedersachsen-aidshilfe-migration.de\/pl\/wp-json\/wp\/v2\/pages"}],"about":[{"href":"https:\/\/niedersachsen-aidshilfe-migration.de\/pl\/wp-json\/wp\/v2\/types\/page"}],"author":[{"embeddable":true,"href":"https:\/\/niedersachsen-aidshilfe-migration.de\/pl\/wp-json\/wp\/v2\/users\/3"}],"replies":[{"embeddable":true,"href":"https:\/\/niedersachsen-aidshilfe-migration.de\/pl\/wp-json\/wp\/v2\/comments?post=4031"}],"version-history":[{"count":0,"href":"https:\/\/niedersachsen-aidshilfe-migration.de\/pl\/wp-json\/wp\/v2\/pages\/4031\/revisions"}],"wp:attachment":[{"href":"https:\/\/niedersachsen-aidshilfe-migration.de\/pl\/wp-json\/wp\/v2\/media?parent=4031"}],"curies":[{"name":"wp","href":"https:\/\/api.w.org\/{rel}","templated":true}]}}