{"id":2075,"date":"2022-01-17T16:55:08","date_gmt":"2022-01-17T15:55:08","guid":{"rendered":"https:\/\/niedersachsen-aidshilfe-migration.de\/?page_id=2075"},"modified":"2022-02-28T13:21:05","modified_gmt":"2022-02-28T12:21:05","slug":"sante-autodetermination-et-diversite-en-matiere-de-sexualite","status":"publish","type":"page","link":"https:\/\/niedersachsen-aidshilfe-migration.de\/fr\/sante-autodetermination-et-diversite-en-matiere-de-sexualite\/","title":{"rendered":"Sant\u00e9, autod\u00e9termination et diversit\u00e9 en mati\u00e8re de sexualit\u00e9"},"content":{"rendered":"<div id=\"pl-2075\"  class=\"panel-layout\" ><div id=\"pg-2075-0\"  class=\"panel-grid panel-has-style\" ><div class=\"panel-row-style panel-row-style-for-2075-0\" ><div id=\"pgc-2075-0-0\"  class=\"panel-grid-cell panel-grid-cell-empty\" ><\/div><div id=\"pgc-2075-0-1\"  class=\"panel-grid-cell panel-grid-cell-mobile-last\" ><div id=\"panel-2075-0-1-0\" class=\"so-panel widget widget_siteorigin-panels-builder panel-first-child panel-last-child\" data-index=\"0\" ><div id=\"pl-w621cbe312a7a2\"  class=\"panel-layout\" ><div id=\"pg-w621cbe312a7a2-0\"  class=\"panel-grid panel-no-style\" ><div id=\"pgc-w621cbe312a7a2-0-0\"  class=\"panel-grid-cell\" ><div id=\"panel-w621cbe312a7a2-0-0-0\" class=\"so-panel widget widget_sow-image panel-first-child panel-last-child\" data-index=\"0\" ><div class=\"picrounded panel-widget-style panel-widget-style-for-w621cbe312a7a2-0-0-0\" ><div\n\t\t\t\n\t\t\tclass=\"so-widget-sow-image so-widget-sow-image-default-c67d20f9f743\"\n\t\t\t\n\t\t>\n<div class=\"sow-image-container\">\n\t\t<img \n\tsrc=\"https:\/\/niedersachsen-aidshilfe-migration.de\/wp-content\/uploads\/2022\/02\/Couple01_260x260.jpg\" width=\"260\" height=\"260\" srcset=\"https:\/\/niedersachsen-aidshilfe-migration.de\/wp-content\/uploads\/2022\/02\/Couple01_260x260.jpg 260w, https:\/\/niedersachsen-aidshilfe-migration.de\/wp-content\/uploads\/2022\/02\/Couple01_260x260-150x150.jpg 150w\" sizes=\"(max-width: 260px) 100vw, 260px\" title=\"Couple\" alt=\"Couple\" \t\tclass=\"so-widget-image\"\/>\n\t<\/div>\n\n<\/div><\/div><\/div><\/div><div id=\"pgc-w621cbe312a7a2-0-1\"  class=\"panel-grid-cell\" ><div id=\"panel-w621cbe312a7a2-0-1-0\" class=\"so-panel widget widget_sow-editor panel-first-child panel-last-child\" data-index=\"1\" ><div class=\"panel-widget-style panel-widget-style-for-w621cbe312a7a2-0-1-0\" ><div\n\t\t\t\n\t\t\tclass=\"so-widget-sow-editor so-widget-sow-editor-base\"\n\t\t\t\n\t\t>\n<div class=\"siteorigin-widget-tinymce textwidget\">\n\t<p><a class=\"button-red-2\" href=\"https:\/\/niedersachsen-aidshilfe-migration.de\/fr\/aidshilfen-en-basse-saxe\/\">Vous trouverez ici toutes les Aidshilfen de Basse-Saxe.<\/a><\/p>\n<\/div>\n<\/div><\/div><\/div><\/div><div id=\"pgc-w621cbe312a7a2-0-2\"  class=\"panel-grid-cell\" ><div id=\"panel-w621cbe312a7a2-0-2-0\" class=\"so-panel widget widget_sow-image panel-first-child panel-last-child\" data-index=\"2\" ><div class=\"picrounded panel-widget-style panel-widget-style-for-w621cbe312a7a2-0-2-0\" ><div\n\t\t\t\n\t\t\tclass=\"so-widget-sow-image so-widget-sow-image-default-c67d20f9f743\"\n\t\t\t\n\t\t>\n<div class=\"sow-image-container\">\n\t\t<img \n\tsrc=\"https:\/\/niedersachsen-aidshilfe-migration.de\/wp-content\/uploads\/2022\/02\/Couple02_260x260.jpg\" width=\"260\" height=\"260\" srcset=\"https:\/\/niedersachsen-aidshilfe-migration.de\/wp-content\/uploads\/2022\/02\/Couple02_260x260.jpg 260w, https:\/\/niedersachsen-aidshilfe-migration.de\/wp-content\/uploads\/2022\/02\/Couple02_260x260-150x150.jpg 150w\" sizes=\"(max-width: 260px) 100vw, 260px\" title=\"Couple\" alt=\"Couple\" \t\tclass=\"so-widget-image\"\/>\n\t<\/div>\n\n<\/div><\/div><\/div><\/div><\/div><div id=\"pg-w621cbe312a7a2-1\"  class=\"panel-grid panel-no-style\" ><div id=\"pgc-w621cbe312a7a2-1-0\"  class=\"panel-grid-cell\" ><div id=\"panel-w621cbe312a7a2-1-0-0\" class=\"so-panel widget widget_sow-editor panel-first-child panel-last-child\" data-index=\"3\" ><div class=\"panel-widget-style panel-widget-style-for-w621cbe312a7a2-1-0-0\" ><div\n\t\t\t\n\t\t\tclass=\"so-widget-sow-editor so-widget-sow-editor-base\"\n\t\t\t\n\t\t>\n<div class=\"siteorigin-widget-tinymce textwidget\">\n\t<p><a class=\"button-blue-2\" href=\"https:\/\/niedersachsen-aidshilfe-migration.de\/fr\/conseil\/\">Conseil<\/a><\/p>\n<\/div>\n<\/div><\/div><\/div><\/div><div id=\"pgc-w621cbe312a7a2-1-1\"  class=\"panel-grid-cell\" ><div id=\"panel-w621cbe312a7a2-1-1-0\" class=\"so-panel widget widget_sow-image panel-first-child panel-last-child\" data-index=\"4\" ><div class=\"panel-widget-style panel-widget-style-for-w621cbe312a7a2-1-1-0\" ><div\n\t\t\t\n\t\t\tclass=\"so-widget-sow-image so-widget-sow-image-default-3a2476c0e107\"\n\t\t\t\n\t\t>\n<div class=\"sow-image-container\">\n\t\t<img \n\tsrc=\"https:\/\/niedersachsen-aidshilfe-migration.de\/wp-content\/uploads\/2021\/10\/heart_logo_tile_240x240.png\" width=\"1000\" height=\"1000\" srcset=\"https:\/\/niedersachsen-aidshilfe-migration.de\/wp-content\/uploads\/2021\/10\/heart_logo_tile_240x240.png 1000w, https:\/\/niedersachsen-aidshilfe-migration.de\/wp-content\/uploads\/2021\/10\/heart_logo_tile_240x240-300x300.png 300w, https:\/\/niedersachsen-aidshilfe-migration.de\/wp-content\/uploads\/2021\/10\/heart_logo_tile_240x240-150x150.png 150w, https:\/\/niedersachsen-aidshilfe-migration.de\/wp-content\/uploads\/2021\/10\/heart_logo_tile_240x240-768x768.png 768w\" sizes=\"(max-width: 1000px) 100vw, 1000px\" alt=\"\" \t\tclass=\"so-widget-image\"\/>\n\t<\/div>\n\n<\/div><\/div><\/div><\/div><div id=\"pgc-w621cbe312a7a2-1-2\"  class=\"panel-grid-cell\" ><div id=\"panel-w621cbe312a7a2-1-2-0\" class=\"so-panel widget widget_sow-editor panel-first-child panel-last-child\" data-index=\"5\" ><div class=\"panel-widget-style panel-widget-style-for-w621cbe312a7a2-1-2-0\" ><div\n\t\t\t\n\t\t\tclass=\"so-widget-sow-editor so-widget-sow-editor-base\"\n\t\t\t\n\t\t>\n<div class=\"siteorigin-widget-tinymce textwidget\">\n\t<p><a class=\"button-green-2\" href=\"https:\/\/niedersachsen-aidshilfe-migration.de\/fr\/sexualite-et-sante\/guide-dutilisation-du-preservatif\/\">Guide d\u2019utilisation du pr\u00e9servatif pour les rapports anaux ou vaginaux<\/a><\/p>\n<\/div>\n<\/div><\/div><\/div><\/div><\/div><div id=\"pg-w621cbe312a7a2-2\"  class=\"panel-grid panel-no-style\" ><div id=\"pgc-w621cbe312a7a2-2-0\"  class=\"panel-grid-cell\" ><div id=\"panel-w621cbe312a7a2-2-0-0\" class=\"so-panel widget widget_sow-image panel-first-child panel-last-child\" data-index=\"6\" ><div class=\"picrounded panel-widget-style panel-widget-style-for-w621cbe312a7a2-2-0-0\" ><div\n\t\t\t\n\t\t\tclass=\"so-widget-sow-image so-widget-sow-image-default-c67d20f9f743\"\n\t\t\t\n\t\t>\n<div class=\"sow-image-container\">\n\t\t<img \n\tsrc=\"https:\/\/niedersachsen-aidshilfe-migration.de\/wp-content\/uploads\/2022\/02\/Couple04_260x260.jpg\" width=\"260\" height=\"260\" srcset=\"https:\/\/niedersachsen-aidshilfe-migration.de\/wp-content\/uploads\/2022\/02\/Couple04_260x260.jpg 260w, https:\/\/niedersachsen-aidshilfe-migration.de\/wp-content\/uploads\/2022\/02\/Couple04_260x260-150x150.jpg 150w\" sizes=\"(max-width: 260px) 100vw, 260px\" title=\"Muslima\" alt=\"Muslima\" \t\tclass=\"so-widget-image\"\/>\n\t<\/div>\n\n<\/div><\/div><\/div><\/div><div id=\"pgc-w621cbe312a7a2-2-1\"  class=\"panel-grid-cell\" ><div id=\"panel-w621cbe312a7a2-2-1-0\" class=\"so-panel widget widget_sow-editor panel-first-child panel-last-child\" data-index=\"7\" ><div class=\"panel-widget-style panel-widget-style-for-w621cbe312a7a2-2-1-0\" ><div\n\t\t\t\n\t\t\tclass=\"so-widget-sow-editor so-widget-sow-editor-base\"\n\t\t\t\n\t\t>\n<div class=\"siteorigin-widget-tinymce textwidget\">\n\t<p><a class=\"button-orange-2\" href=\"https:\/\/niedersachsen-aidshilfe-migration.de\/fr\/sexualite-et-sante\/guide-dutilisation-du-preservatif-interne-dit-feminin\/\">Guide d\u2019utilisation du pr\u00e9servatif interne (dit \u00ab f\u00e9minin \u00bb) pour les rapports vaginaux<\/a><\/p>\n<\/div>\n<\/div><\/div><\/div><\/div><div id=\"pgc-w621cbe312a7a2-2-2\"  class=\"panel-grid-cell\" ><div id=\"panel-w621cbe312a7a2-2-2-0\" class=\"so-panel widget widget_sow-image panel-first-child panel-last-child\" data-index=\"8\" ><div class=\"panel-widget-style panel-widget-style-for-w621cbe312a7a2-2-2-0\" ><div\n\t\t\t\n\t\t\tclass=\"so-widget-sow-image so-widget-sow-image-default-c67d20f9f743\"\n\t\t\t\n\t\t>\n<div class=\"sow-image-container\">\n\t\t<img \n\tsrc=\"https:\/\/niedersachsen-aidshilfe-migration.de\/wp-content\/uploads\/2021\/10\/Couple03_LY01_260x260.png\" width=\"260\" height=\"260\" srcset=\"https:\/\/niedersachsen-aidshilfe-migration.de\/wp-content\/uploads\/2021\/10\/Couple03_LY01_260x260.png 260w, https:\/\/niedersachsen-aidshilfe-migration.de\/wp-content\/uploads\/2021\/10\/Couple03_LY01_260x260-150x150.png 150w\" sizes=\"(max-width: 260px) 100vw, 260px\" alt=\"\" \t\tclass=\"so-widget-image\"\/>\n\t<\/div>\n\n<\/div><\/div><\/div><\/div><\/div><\/div><\/div><\/div><div id=\"pgc-2075-0-2\"  class=\"panel-grid-cell panel-grid-cell-empty\" ><\/div><\/div><\/div><\/div>","protected":false},"excerpt":{"rendered":"<p>Vous trouverez ici toutes les Aidshilfen de Basse-Saxe. Conseil Guide d\u2019utilisation du pr\u00e9servatif pour les rapports anaux ou vaginaux Guide d\u2019utilisation du pr\u00e9servatif interne (dit \u00ab f\u00e9minin \u00bb) pour les rapports vaginaux<\/p>\n","protected":false},"author":1,"featured_media":0,"parent":0,"menu_order":170,"comment_status":"closed","ping_status":"closed","template":"","meta":{"inline_featured_image":false,"_genesis_hide_title":false,"_genesis_hide_breadcrumbs":false,"_genesis_hide_singular_image":false,"_genesis_hide_footer_widgets":false,"_genesis_custom_body_class":"","_genesis_custom_post_class":"","_genesis_layout":"full-width-content","footnotes":""},"class_list":{"0":"post-2075","1":"page","2":"type-page","3":"status-publish","5":"entry","6":"override"},"_links":{"self":[{"href":"https:\/\/niedersachsen-aidshilfe-migration.de\/fr\/wp-json\/wp\/v2\/pages\/2075","targetHints":{"allow":["GET"]}}],"collection":[{"href":"https:\/\/niedersachsen-aidshilfe-migration.de\/fr\/wp-json\/wp\/v2\/pages"}],"about":[{"href":"https:\/\/niedersachsen-aidshilfe-migration.de\/fr\/wp-json\/wp\/v2\/types\/page"}],"author":[{"embeddable":true,"href":"https:\/\/niedersachsen-aidshilfe-migration.de\/fr\/wp-json\/wp\/v2\/users\/1"}],"replies":[{"embeddable":true,"href":"https:\/\/niedersachsen-aidshilfe-migration.de\/fr\/wp-json\/wp\/v2\/comments?post=2075"}],"version-history":[{"count":0,"href":"https:\/\/niedersachsen-aidshilfe-migration.de\/fr\/wp-json\/wp\/v2\/pages\/2075\/revisions"}],"wp:attachment":[{"href":"https:\/\/niedersachsen-aidshilfe-migration.de\/fr\/wp-json\/wp\/v2\/media?parent=2075"}],"curies":[{"name":"wp","href":"https:\/\/api.w.org\/{rel}","templated":true}]}}