{"id":1462,"date":"2022-01-07T10:16:52","date_gmt":"2022-01-07T09:16:52","guid":{"rendered":"https:\/\/niedersachsen-aidshilfe-migration.de\/?page_id=1462"},"modified":"2023-02-23T17:09:13","modified_gmt":"2023-02-23T16:09:13","slug":"infections-sexuellement-transmissibles-ist","status":"publish","type":"page","link":"https:\/\/niedersachsen-aidshilfe-migration.de\/fr\/infections-sexuellement-transmissibles-ist\/","title":{"rendered":"Infections sexuellement transmissibles (IST)"},"content":{"rendered":"<p>Il n\u2019y a pas que le VIH qui est dangereux pour votre sant\u00e9. D\u2019autres infections sexuellement transmissibles (IST) peuvent aussi \u00eatre nuisibles. Les IST sont aussi appel\u00e9es \u00ab maladies v\u00e9n\u00e9riennes \u00bb. On peut citer par exemples les chlamydiae, la gonorrh\u00e9e et la syphilis.<\/p>\n<p><strong>De nombreuses pratiques sexuelles entra\u00eenent un risque de contracter une IST. Les pr\u00e9servatifs externes et internes n\u2019offrent malheureusement pas une protection totale contre les IST.<\/strong><\/p>\n<p>Il est donc important d\u2019identifier les IST. La plupart des IST se traitent facilement avec des m\u00e9dicaments (antibiotiques). Sans traitement, les IST peuvent en revanche avoir de graves cons\u00e9quences sur la sant\u00e9.<\/p>\n<p>Parfois, les IST sont invisibles. Il n\u2019y a aucun sympt\u00f4me. Parfois, on peut avoir des modifications corporelles ou des douleurs.<\/p>\n<p><strong>Les sympt\u00f4mes des IST comprennent par exemple :<\/strong><\/p>\n<ul>\n<li>\u00c9coulements par le p\u00e9nis, le vagin ou l\u2019anus<\/li>\n<li>D\u00e9mangeaisons du p\u00e9nis, de la vulve (vagin) ou de l\u2019anus<\/li>\n<li>Sensation de br\u00fblure ou douleur en urinant<\/li>\n<li>Coloration anormale de l\u2019urine ou des selles<\/li>\n<li>Douleur ou gonflements au niveau des organes g\u00e9nitaux<\/li>\n<li>Abc\u00e8s, boutons, nodules ou verrues sur les organes g\u00e9nitaux, sur ou dans la bouche, sur ou dans l\u2019anus ou sur d\u2019autres parties du corps<\/li>\n<li>Rougeurs ou d\u00e9p\u00f4ts blanch\u00e2tres \u00e0 jaun\u00e2tres dans la bouche, au niveau des organes g\u00e9nitaux ou de l\u2019anus<\/li>\n<\/ul>\n<p>Faites attention si la peau de vos partenaires sexuels pr\u00e9sente un aspect inhabituel par endroits. Ne touchez pas ces zones. Votre partenaire devrait consulter un m\u00e9decin. Cette personne a peut-\u00eatre besoin d\u2019un traitement. L\u2019id\u00e9al est de ne pas avoir de rapports sexuels avec cette personne tant qu\u2019elle n\u2019est pas trait\u00e9e.<\/p>\n<p>Faites \u00e9galement attention si vous observez des changements de ce type sur votre propre corps. Vous avez remarqu\u00e9 quelque chose d\u2019inhabituel ? Vous avez des douleurs ou des sympt\u00f4mes l\u00e9gers ? Consultez un m\u00e9decin. Si vous \u00eates malade, vous avez besoin de m\u00e9dicaments appropri\u00e9s. \u00c9vitez les rapports sexuels jusqu\u2019\u00e0 la fin de votre traitement.<\/p>\n<p><strong>Il ne faut pas avoir honte d\u2019avoir une IST. Beaucoup de gens en contractent au cours de leur vie. L\u2019important est de d\u00e9tecter et de traiter l\u2019IST.<\/strong><\/p>\n<p>Vous avez des rapports sexuels avec diff\u00e9rents partenaires ? Il est recommand\u00e9 de vous faire d\u00e9pister pour les IST une fois par an. Vous pouvez vous faire vacciner contre l\u2019h\u00e9patite A et l\u2019h\u00e9patite B.<\/p>\n<p><a href=\"https:\/\/niedersachsen-aidshilfe-migration.de\/fr\/aidshilfen-en-basse-saxe\/\">La Aidshilfe pr\u00e8s de chez vous<\/a> peut vous renseigner et vous conseiller \u00e0 ce sujet. Vous n\u2019aurez pas besoin de donner votre nom.<\/p>\n<p>Vous trouverez plus d\u2019informations sur les IST en plusieurs langues (dont le fran\u00e7ais) sur :<br \/>\n<a href=\"http:\/\/www.zanzu.de\" target=\"_blank\" rel=\"noopener\">http:\/\/www.zanzu.de<\/a><\/p>\n<p>Vous trouverez plus d\u2019informations sur les IST en allemand simple sur :<br \/>\n<a href=\"https:\/\/www.aidshilfe.de\/shop\/pdf\/12491\" target=\"_blank\" rel=\"noopener\">https:\/\/www.aidshilfe.de\/shop\/pdf\/12491<\/a><\/p>\n<p><a href=\"https:\/\/www.liebesleben.de\/leichte-sprache\/sexuell-uebertragbare-krankheiten\/\" target=\"_blank\" rel=\"noopener\">https:\/\/www.liebesleben.de\/leichte-sprache\/sexuell-uebertragbare-krankheiten\/<\/a><\/p>\n<p>Vous trouverez plus d\u2019informations sur les IST en allemand courant sur :<br \/>\n<a href=\"https:\/\/www.aidshilfe.de\/geschlechtskrankheiten\" target=\"_blank\" rel=\"noopener\">https:\/\/www.aidshilfe.de\/geschlechtskrankheiten<\/a><\/p>\n","protected":false},"excerpt":{"rendered":"<p>Il n\u2019y a pas que le VIH qui est dangereux pour votre sant\u00e9. D\u2019autres infections sexuellement transmissibles (IST) peuvent aussi \u00eatre nuisibles. Les IST sont aussi appel\u00e9es \u00ab maladies v\u00e9n\u00e9riennes \u00bb. On peut citer par exemples les chlamydiae, la gonorrh\u00e9e et la syphilis. De nombreuses pratiques sexuelles entra\u00eenent un risque de contracter une IST. Les [&hellip;]<\/p>\n","protected":false},"author":1,"featured_media":0,"parent":0,"menu_order":178,"comment_status":"closed","ping_status":"closed","template":"","meta":{"inline_featured_image":false,"_genesis_hide_title":false,"_genesis_hide_breadcrumbs":false,"_genesis_hide_singular_image":false,"_genesis_hide_footer_widgets":false,"_genesis_custom_body_class":"","_genesis_custom_post_class":"","_genesis_layout":"","footnotes":""},"class_list":{"0":"post-1462","1":"page","2":"type-page","3":"status-publish","5":"entry","6":"override"},"_links":{"self":[{"href":"https:\/\/niedersachsen-aidshilfe-migration.de\/fr\/wp-json\/wp\/v2\/pages\/1462","targetHints":{"allow":["GET"]}}],"collection":[{"href":"https:\/\/niedersachsen-aidshilfe-migration.de\/fr\/wp-json\/wp\/v2\/pages"}],"about":[{"href":"https:\/\/niedersachsen-aidshilfe-migration.de\/fr\/wp-json\/wp\/v2\/types\/page"}],"author":[{"embeddable":true,"href":"https:\/\/niedersachsen-aidshilfe-migration.de\/fr\/wp-json\/wp\/v2\/users\/1"}],"replies":[{"embeddable":true,"href":"https:\/\/niedersachsen-aidshilfe-migration.de\/fr\/wp-json\/wp\/v2\/comments?post=1462"}],"version-history":[{"count":0,"href":"https:\/\/niedersachsen-aidshilfe-migration.de\/fr\/wp-json\/wp\/v2\/pages\/1462\/revisions"}],"wp:attachment":[{"href":"https:\/\/niedersachsen-aidshilfe-migration.de\/fr\/wp-json\/wp\/v2\/media?parent=1462"}],"curies":[{"name":"wp","href":"https:\/\/api.w.org\/{rel}","templated":true}]}}