{"id":1455,"date":"2022-01-07T10:12:47","date_gmt":"2022-01-07T09:12:47","guid":{"rendered":"https:\/\/niedersachsen-aidshilfe-migration.de\/?page_id=1455"},"modified":"2023-03-05T02:31:40","modified_gmt":"2023-03-05T01:31:40","slug":"vih-et-asile","status":"publish","type":"page","link":"https:\/\/niedersachsen-aidshilfe-migration.de\/fr\/vivre-avec-le-vih\/vih-et-asile\/","title":{"rendered":"VIH et asile"},"content":{"rendered":"<p><span dir=\"ltr\" role=\"presentation\">Les personnes <\/span><span dir=\"ltr\" role=\"presentation\">s\u00e9ropositives (qui ont contract\u00e9 le VIH) peuvent vivre <\/span><span dir=\"ltr\" role=\"presentation\">aussi bien que les personnes non infect\u00e9es. Pour cela, <\/span><span dir=\"ltr\" role=\"presentation\">un traitement m\u00e9dicamenteux est n\u00e9cessaire. Les <\/span><span dir=\"ltr\" role=\"presentation\">m\u00e9dicaments contre le VIH permettent de vivre bien <\/span><span dir=\"ltr\" role=\"presentation\">et longtemps. <\/span><\/p>\n<p><span dir=\"ltr\" role=\"presentation\">Les personnes s\u00e9ropositives doivent <\/span><span dir=\"ltr\" role=\"presentation\">prendre des m\u00e9dicaments tous les jours durant toute <\/span><span dir=\"ltr\" role=\"presentation\">leur vie. Cela est possible en Allemagne. C&rsquo;est pourquoi <\/span><span dir=\"ltr\" role=\"presentation\">une infection par le VIH peut, dans certains cas, \u00eatre un <\/span><span dir=\"ltr\" role=\"presentation\">crit\u00e8re pour obtenir l&rsquo;asile ou un obstacle \u00e0 l&rsquo;expulsion <\/span><span dir=\"ltr\" role=\"presentation\">en Allemagne. <\/span><\/p>\n<p><span dir=\"ltr\" role=\"presentation\">Si vous avez des questions \u00e0 <\/span><span dir=\"ltr\" role=\"presentation\">ce sujet, contactez une Aidshilfe.<\/span><\/p>\n","protected":false},"excerpt":{"rendered":"<p>Les personnes s\u00e9ropositives (qui ont contract\u00e9 le VIH) peuvent vivre aussi bien que les personnes non infect\u00e9es. Pour cela, un traitement m\u00e9dicamenteux est n\u00e9cessaire. Les m\u00e9dicaments contre le VIH permettent de vivre bien et longtemps. Les personnes s\u00e9ropositives doivent prendre des m\u00e9dicaments tous les jours durant toute leur vie. Cela est possible en Allemagne. C&rsquo;est [&hellip;]<\/p>\n","protected":false},"author":1,"featured_media":0,"parent":1432,"menu_order":78,"comment_status":"closed","ping_status":"closed","template":"","meta":{"inline_featured_image":false,"_genesis_hide_title":false,"_genesis_hide_breadcrumbs":false,"_genesis_hide_singular_image":false,"_genesis_hide_footer_widgets":false,"_genesis_custom_body_class":"","_genesis_custom_post_class":"","_genesis_layout":"","footnotes":""},"class_list":{"0":"post-1455","1":"page","2":"type-page","3":"status-publish","5":"entry","6":"override"},"_links":{"self":[{"href":"https:\/\/niedersachsen-aidshilfe-migration.de\/fr\/wp-json\/wp\/v2\/pages\/1455","targetHints":{"allow":["GET"]}}],"collection":[{"href":"https:\/\/niedersachsen-aidshilfe-migration.de\/fr\/wp-json\/wp\/v2\/pages"}],"about":[{"href":"https:\/\/niedersachsen-aidshilfe-migration.de\/fr\/wp-json\/wp\/v2\/types\/page"}],"author":[{"embeddable":true,"href":"https:\/\/niedersachsen-aidshilfe-migration.de\/fr\/wp-json\/wp\/v2\/users\/1"}],"replies":[{"embeddable":true,"href":"https:\/\/niedersachsen-aidshilfe-migration.de\/fr\/wp-json\/wp\/v2\/comments?post=1455"}],"version-history":[{"count":0,"href":"https:\/\/niedersachsen-aidshilfe-migration.de\/fr\/wp-json\/wp\/v2\/pages\/1455\/revisions"}],"up":[{"embeddable":true,"href":"https:\/\/niedersachsen-aidshilfe-migration.de\/fr\/wp-json\/wp\/v2\/pages\/1432"}],"wp:attachment":[{"href":"https:\/\/niedersachsen-aidshilfe-migration.de\/fr\/wp-json\/wp\/v2\/media?parent=1455"}],"curies":[{"name":"wp","href":"https:\/\/api.w.org\/{rel}","templated":true}]}}