{"id":1452,"date":"2022-01-07T10:11:40","date_gmt":"2022-01-07T09:11:40","guid":{"rendered":"https:\/\/niedersachsen-aidshilfe-migration.de\/?page_id=1452"},"modified":"2022-01-07T10:11:40","modified_gmt":"2022-01-07T09:11:40","slug":"vih-et-discrimination","status":"publish","type":"page","link":"https:\/\/niedersachsen-aidshilfe-migration.de\/fr\/vivre-avec-le-vih\/vih-et-discrimination\/","title":{"rendered":"VIH et discrimination"},"content":{"rendered":"<p>De nombreuses personnes infect\u00e9es par le VIH font face au rejet et \u00e0 des discriminations au quotidien. Cela peut se passer au sein de la famille comme au travail. Parfois, des cabinets m\u00e9dicaux refusent m\u00eame de les prendre en charge.<\/p>\n<p>La loi interdit ces discriminations. \u00catre discrimin\u00e9 parce qu\u2019on est infect\u00e9 par le VIH n\u2019est pas normal !<\/p>\n<p><strong>Vous avec v\u00e9cu des discriminations parce que vous avez le VIH ?<\/strong><\/p>\n<p>Vous voulez faire quelque chose contre ces discriminations ? Ou peut-\u00eatre avez-vous besoin d\u2019une autre solution ? La <em><u>Aidshilfe<\/u><\/em><u> pr\u00e8s de chez vous<\/u> vous propose ses conseils et peut vous aider \u00e0 faire valoir vos droits.<\/p>\n<p>La <em>Deutsche Aidshilfe<\/em> dispose aussi d\u2019un bureau de contact contre les discriminations :<br \/>\n<a href=\"http:\/\/www.hiv-diskriminierung.de\/kontaktstelle\">www.hiv-diskriminierung.de\/kontaktstelle<\/a><\/p>\n","protected":false},"excerpt":{"rendered":"<p>De nombreuses personnes infect\u00e9es par le VIH font face au rejet et \u00e0 des discriminations au quotidien. Cela peut se passer au sein de la famille comme au travail. Parfois, des cabinets m\u00e9dicaux refusent m\u00eame de les prendre en charge. La loi interdit ces discriminations. \u00catre discrimin\u00e9 parce qu\u2019on est infect\u00e9 par le VIH n\u2019est [&hellip;]<\/p>\n","protected":false},"author":1,"featured_media":0,"parent":1432,"menu_order":75,"comment_status":"closed","ping_status":"closed","template":"","meta":{"inline_featured_image":false,"_genesis_hide_title":false,"_genesis_hide_breadcrumbs":false,"_genesis_hide_singular_image":false,"_genesis_hide_footer_widgets":false,"_genesis_custom_body_class":"","_genesis_custom_post_class":"","_genesis_layout":"","footnotes":""},"class_list":{"0":"post-1452","1":"page","2":"type-page","3":"status-publish","5":"entry","6":"override"},"_links":{"self":[{"href":"https:\/\/niedersachsen-aidshilfe-migration.de\/fr\/wp-json\/wp\/v2\/pages\/1452","targetHints":{"allow":["GET"]}}],"collection":[{"href":"https:\/\/niedersachsen-aidshilfe-migration.de\/fr\/wp-json\/wp\/v2\/pages"}],"about":[{"href":"https:\/\/niedersachsen-aidshilfe-migration.de\/fr\/wp-json\/wp\/v2\/types\/page"}],"author":[{"embeddable":true,"href":"https:\/\/niedersachsen-aidshilfe-migration.de\/fr\/wp-json\/wp\/v2\/users\/1"}],"replies":[{"embeddable":true,"href":"https:\/\/niedersachsen-aidshilfe-migration.de\/fr\/wp-json\/wp\/v2\/comments?post=1452"}],"version-history":[{"count":0,"href":"https:\/\/niedersachsen-aidshilfe-migration.de\/fr\/wp-json\/wp\/v2\/pages\/1452\/revisions"}],"up":[{"embeddable":true,"href":"https:\/\/niedersachsen-aidshilfe-migration.de\/fr\/wp-json\/wp\/v2\/pages\/1432"}],"wp:attachment":[{"href":"https:\/\/niedersachsen-aidshilfe-migration.de\/fr\/wp-json\/wp\/v2\/media?parent=1452"}],"curies":[{"name":"wp","href":"https:\/\/api.w.org\/{rel}","templated":true}]}}