{"id":1447,"date":"2022-01-07T10:01:30","date_gmt":"2022-01-07T09:01:30","guid":{"rendered":"https:\/\/niedersachsen-aidshilfe-migration.de\/?page_id=1447"},"modified":"2022-01-07T10:01:30","modified_gmt":"2022-01-07T09:01:30","slug":"vih-et-couple","status":"publish","type":"page","link":"https:\/\/niedersachsen-aidshilfe-migration.de\/fr\/vivre-avec-le-vih\/vih-et-couple\/","title":{"rendered":"VIH et couple"},"content":{"rendered":"<p>Au sein d\u2019une relation, une infection par le VIH peut \u00eatre pesante et source de peurs. Dans cette situation, il est important que les partenaires s\u2019informent correctement et discutent de mani\u00e8re ouverte et honn\u00eate. Une consultation commune aupr\u00e8s d\u2019une <em>Aidshilfe<\/em> peut \u00eatre d\u2019une grande aide.<\/p>\n<p>Les <em>Aidshilfen<\/em> pr\u00e8s de chez vous vous proposent leur soutien pour que vous puissiez mieux g\u00e9rer la situation.<\/p>\n<p>Vous trouverez plus d\u2019informations sur le VIH et le couple (\u00e9galement en fran\u00e7ais) sur :<br \/>\n<a href=\"https:\/\/www.aidshilfe.de\/hiv-partnerschaft\">https:\/\/www.aidshilfe.de\/hiv-partnerschaft<\/a><\/p>\n<p>Vous trouverez plus d\u2019informations sur le VIH et le couple en allemand simple sur :<br \/>\nxxx<\/p>\n<p>Vous trouverez plus d\u2019informations sur le VIH et le couple en allemand courant sur :<br \/>\nxxx<\/p>\n","protected":false},"excerpt":{"rendered":"<p>Au sein d\u2019une relation, une infection par le VIH peut \u00eatre pesante et source de peurs. Dans cette situation, il est important que les partenaires s\u2019informent correctement et discutent de mani\u00e8re ouverte et honn\u00eate. Une consultation commune aupr\u00e8s d\u2019une Aidshilfe peut \u00eatre d\u2019une grande aide. Les Aidshilfen pr\u00e8s de chez vous vous proposent leur soutien [&hellip;]<\/p>\n","protected":false},"author":1,"featured_media":0,"parent":1432,"menu_order":59,"comment_status":"closed","ping_status":"closed","template":"","meta":{"inline_featured_image":false,"_genesis_hide_title":false,"_genesis_hide_breadcrumbs":false,"_genesis_hide_singular_image":false,"_genesis_hide_footer_widgets":false,"_genesis_custom_body_class":"","_genesis_custom_post_class":"","_genesis_layout":"","footnotes":""},"class_list":{"0":"post-1447","1":"page","2":"type-page","3":"status-publish","5":"entry","6":"override"},"_links":{"self":[{"href":"https:\/\/niedersachsen-aidshilfe-migration.de\/fr\/wp-json\/wp\/v2\/pages\/1447","targetHints":{"allow":["GET"]}}],"collection":[{"href":"https:\/\/niedersachsen-aidshilfe-migration.de\/fr\/wp-json\/wp\/v2\/pages"}],"about":[{"href":"https:\/\/niedersachsen-aidshilfe-migration.de\/fr\/wp-json\/wp\/v2\/types\/page"}],"author":[{"embeddable":true,"href":"https:\/\/niedersachsen-aidshilfe-migration.de\/fr\/wp-json\/wp\/v2\/users\/1"}],"replies":[{"embeddable":true,"href":"https:\/\/niedersachsen-aidshilfe-migration.de\/fr\/wp-json\/wp\/v2\/comments?post=1447"}],"version-history":[{"count":0,"href":"https:\/\/niedersachsen-aidshilfe-migration.de\/fr\/wp-json\/wp\/v2\/pages\/1447\/revisions"}],"up":[{"embeddable":true,"href":"https:\/\/niedersachsen-aidshilfe-migration.de\/fr\/wp-json\/wp\/v2\/pages\/1432"}],"wp:attachment":[{"href":"https:\/\/niedersachsen-aidshilfe-migration.de\/fr\/wp-json\/wp\/v2\/media?parent=1447"}],"curies":[{"name":"wp","href":"https:\/\/api.w.org\/{rel}","templated":true}]}}