{"id":1434,"date":"2022-01-07T09:50:45","date_gmt":"2022-01-07T08:50:45","guid":{"rendered":"https:\/\/niedersachsen-aidshilfe-migration.de\/?page_id=1434"},"modified":"2022-01-14T11:33:09","modified_gmt":"2022-01-14T10:33:09","slug":"medicaments-contre-le-vih","status":"publish","type":"page","link":"https:\/\/niedersachsen-aidshilfe-migration.de\/fr\/vivre-avec-le-vih\/medicaments-contre-le-vih\/","title":{"rendered":"M\u00e9dicaments contre le VIH"},"content":{"rendered":"<p>Les traitements contre le VIH emp\u00eachent le virus de se multiplier dans le corps. Cela permet aux d\u00e9fenses de l\u2019organisme de se reconstruire. Ainsi, les personnes infect\u00e9es par le VIH peuvent vivre aussi bien que les personnes non infect\u00e9es.<\/p>\n<p>Les traitements contre le VIH permettent de vivre longtemps et dans de bonnes conditions. L\u2019id\u00e9al est de d\u00e9tecter l\u2019infection rapidement. Cela permet une prise en charge pr\u00e9coce. C\u2019est important pour la sant\u00e9 et l\u2019esp\u00e9rance de vie des personnes qui ont le VIH.<\/p>\n<p>Les personnes infect\u00e9es par le VIH doivent prendre des m\u00e9dicaments tous les jours durant toute leur vie. En g\u00e9n\u00e9ral, un ou deux m\u00e9dicaments par jour suffisent. La plupart des gens n\u2019ont pas ou peu d\u2019effets secondaires.<\/p>\n<p>Pour leur prise en charge, les personnes qui ont le VIH doivent se rendre dans un cabinet m\u00e9dical sp\u00e9cialis\u00e9. Ce type de cabinet s\u2019appelle \u00ab\u00a0HIV-Schwerpunktpraxis\u00a0\u00bb. L\u2019\u00e9quipe de la \u00ab\u00a0HIV-Schwerpunktpraxis\u00a0\u00bb v\u00e9rifie r\u00e9guli\u00e8rement si le traitement contre le VIH fonctionne bien. \u00c0 l\u2019heure actuelle, il n\u2019est toutefois pas possible de gu\u00e9rir du VIH.<\/p>\n<p>Vous trouverez plus d\u2019informations sur la prise en charge du VIH en plusieurs langues (dont le fran\u00e7ais) sur\u00a0:<\/p>\n<p><a href=\"https:\/\/www.aidshilfe.de\/hiv-behandlung\">xxx<\/a><\/p>\n<p>Vous trouverez plus d\u2019informations sur la prise en charge du VIH en allemand courant sur\u00a0:<\/p>\n<p><a href=\"https:\/\/www.aidshilfe.de\/hiv-behandlung\">https:\/\/www.aidshilfe.de\/hiv-behandlung<\/a><\/p>\n<p>Vous trouverez plus d\u2019informations sur la prise en charge du VIH en allemand simple sur\u00a0:<\/p>\n<p><a href=\"https:\/\/www.aidshilfe.de\/hiv-behandlung\">xxx<\/a><\/p>\n","protected":false},"excerpt":{"rendered":"<p>Les traitements contre le VIH emp\u00eachent le virus de se multiplier dans le corps. Cela permet aux d\u00e9fenses de l\u2019organisme de se reconstruire. Ainsi, les personnes infect\u00e9es par le VIH peuvent vivre aussi bien que les personnes non infect\u00e9es. Les traitements contre le VIH permettent de vivre longtemps et dans de bonnes conditions. L\u2019id\u00e9al est [&hellip;]<\/p>\n","protected":false},"author":1,"featured_media":0,"parent":1432,"menu_order":13,"comment_status":"closed","ping_status":"closed","template":"","meta":{"inline_featured_image":false,"_genesis_hide_title":false,"_genesis_hide_breadcrumbs":false,"_genesis_hide_singular_image":false,"_genesis_hide_footer_widgets":false,"_genesis_custom_body_class":"","_genesis_custom_post_class":"","_genesis_layout":"","footnotes":""},"class_list":{"0":"post-1434","1":"page","2":"type-page","3":"status-publish","5":"entry","6":"override"},"_links":{"self":[{"href":"https:\/\/niedersachsen-aidshilfe-migration.de\/fr\/wp-json\/wp\/v2\/pages\/1434","targetHints":{"allow":["GET"]}}],"collection":[{"href":"https:\/\/niedersachsen-aidshilfe-migration.de\/fr\/wp-json\/wp\/v2\/pages"}],"about":[{"href":"https:\/\/niedersachsen-aidshilfe-migration.de\/fr\/wp-json\/wp\/v2\/types\/page"}],"author":[{"embeddable":true,"href":"https:\/\/niedersachsen-aidshilfe-migration.de\/fr\/wp-json\/wp\/v2\/users\/1"}],"replies":[{"embeddable":true,"href":"https:\/\/niedersachsen-aidshilfe-migration.de\/fr\/wp-json\/wp\/v2\/comments?post=1434"}],"version-history":[{"count":0,"href":"https:\/\/niedersachsen-aidshilfe-migration.de\/fr\/wp-json\/wp\/v2\/pages\/1434\/revisions"}],"up":[{"embeddable":true,"href":"https:\/\/niedersachsen-aidshilfe-migration.de\/fr\/wp-json\/wp\/v2\/pages\/1432"}],"wp:attachment":[{"href":"https:\/\/niedersachsen-aidshilfe-migration.de\/fr\/wp-json\/wp\/v2\/media?parent=1434"}],"curies":[{"name":"wp","href":"https:\/\/api.w.org\/{rel}","templated":true}]}}