{"id":1432,"date":"2022-01-07T09:50:11","date_gmt":"2022-01-07T08:50:11","guid":{"rendered":"https:\/\/niedersachsen-aidshilfe-migration.de\/?page_id=1432"},"modified":"2023-03-05T02:56:19","modified_gmt":"2023-03-05T01:56:19","slug":"vivre-avec-le-vih","status":"publish","type":"page","link":"https:\/\/niedersachsen-aidshilfe-migration.de\/fr\/vivre-avec-le-vih\/","title":{"rendered":"Vivre avec le VIH"},"content":{"rendered":"<p>Vous avez le VIH\u00a0? Ou quelqu\u2019un de votre entourage a le VIH\u00a0? Les <u>Aidshilfen<\/u> proposent des conseils ainsi qu\u2019un soutien.<\/p>\n<p>Le VIH a des r\u00e9percussions sur diff\u00e9rents aspects de la vie. Les personnes infect\u00e9es par le VIH peuvent cependant vivre longtemps et dans de bonnes conditions. Elles peuvent \u00eatre heureuses et avoir du succ\u00e8s.<\/p>\n<p>Gr\u00e2ce aux <u>traitements contre le VIH<\/u>, les personnes infect\u00e9es peuvent vivre aussi bien que les personnes non infect\u00e9es. Elles peuvent profiter de leur sexualit\u00e9. Elles peuvent avoir des enfants en bonne sant\u00e9. Elles peuvent exercer n\u2019importe quel m\u00e9tier et vivre longtemps.<\/p>\n<p>Vous trouverez plus d\u2019informations sur la vie avec le VIH en plusieurs langues (dont le fran\u00e7ais) sur\u00a0:<br \/>\n<a href=\"http:\/\/www.zanzu.de\" target=\"_blank\" rel=\"noopener\">www.zanzu.de<\/a><\/p>\n<p>Vous trouverez plus d\u2019informations sur la vie avec le VIH en allemand courant sur\u00a0:<br \/>\n<a href=\"https:\/\/www.aidshilfe.de\/leben-mit-hiv\" target=\"_blank\" rel=\"noopener\">https:\/\/www.aidshilfe.de\/leben-mit-hiv<\/a><\/p>\n<p>Vous trouverez plus d\u2019informations sur la vie avec le VIH en allemand simple sur\u00a0:<br \/>\n<a href=\"https:\/\/leichte-sprache.aidshilfe.de\/leben-mit-hiv\" target=\"_blank\" rel=\"noopener\">https:\/\/leichte-sprache.aidshilfe.de\/leben-mit-hiv<\/a><\/p>\n","protected":false},"excerpt":{"rendered":"<p>Vous avez le VIH\u00a0? Ou quelqu\u2019un de votre entourage a le VIH\u00a0? Les Aidshilfen proposent des conseils ainsi qu\u2019un soutien. Le VIH a des r\u00e9percussions sur diff\u00e9rents aspects de la vie. Les personnes infect\u00e9es par le VIH peuvent cependant vivre longtemps et dans de bonnes conditions. Elles peuvent \u00eatre heureuses et avoir du succ\u00e8s. Gr\u00e2ce [&hellip;]<\/p>\n","protected":false},"author":1,"featured_media":0,"parent":0,"menu_order":192,"comment_status":"closed","ping_status":"closed","template":"","meta":{"inline_featured_image":false,"_genesis_hide_title":false,"_genesis_hide_breadcrumbs":false,"_genesis_hide_singular_image":false,"_genesis_hide_footer_widgets":false,"_genesis_custom_body_class":"","_genesis_custom_post_class":"","_genesis_layout":"","footnotes":""},"class_list":{"0":"post-1432","1":"page","2":"type-page","3":"status-publish","5":"entry","6":"override"},"_links":{"self":[{"href":"https:\/\/niedersachsen-aidshilfe-migration.de\/fr\/wp-json\/wp\/v2\/pages\/1432","targetHints":{"allow":["GET"]}}],"collection":[{"href":"https:\/\/niedersachsen-aidshilfe-migration.de\/fr\/wp-json\/wp\/v2\/pages"}],"about":[{"href":"https:\/\/niedersachsen-aidshilfe-migration.de\/fr\/wp-json\/wp\/v2\/types\/page"}],"author":[{"embeddable":true,"href":"https:\/\/niedersachsen-aidshilfe-migration.de\/fr\/wp-json\/wp\/v2\/users\/1"}],"replies":[{"embeddable":true,"href":"https:\/\/niedersachsen-aidshilfe-migration.de\/fr\/wp-json\/wp\/v2\/comments?post=1432"}],"version-history":[{"count":0,"href":"https:\/\/niedersachsen-aidshilfe-migration.de\/fr\/wp-json\/wp\/v2\/pages\/1432\/revisions"}],"wp:attachment":[{"href":"https:\/\/niedersachsen-aidshilfe-migration.de\/fr\/wp-json\/wp\/v2\/media?parent=1432"}],"curies":[{"name":"wp","href":"https:\/\/api.w.org\/{rel}","templated":true}]}}