{"id":1427,"date":"2022-01-07T09:45:30","date_gmt":"2022-01-07T08:45:30","guid":{"rendered":"https:\/\/niedersachsen-aidshilfe-migration.de\/?page_id=1427"},"modified":"2023-02-23T18:57:23","modified_gmt":"2023-02-23T17:57:23","slug":"test-du-vih","status":"publish","type":"page","link":"https:\/\/niedersachsen-aidshilfe-migration.de\/fr\/vih-sida\/test-du-vih\/","title":{"rendered":"Test du VIH"},"content":{"rendered":"<p>Vous avez eu un probl\u00e8me avec un pr\u00e9servatif externe ou interne ? Il peut \u00eatre judicieux de faire un test du VIH.<\/p>\n<p>Vous avez des rapports sexuels avec diff\u00e9rents partenaires ? Il est recommand\u00e9 de faire le test du VIH une fois par an.<\/p>\n<p><strong>Les bonnes raisons de faire un test du VIH sont nombreuses :<\/strong><\/p>\n<ul>\n<li>D\u00e9sir d\u2019avoir des rapports sexuels non prot\u00e9g\u00e9s dans une relation ou en couple<\/li>\n<li>D\u00e9sir d\u2019enfant<\/li>\n<li>Grossesse<\/li>\n<li>Suspicion d\u2019infection par le VIH apr\u00e8s une prise de risque<\/li>\n<li>Traitement pr\u00e9coce apr\u00e8s une potentielle infection par le VIH<\/li>\n<li>Probl\u00e8mes de sant\u00e9 \u00e0 \u00e9lucider<\/li>\n<\/ul>\n<p><strong>Le test du VIH n\u00e9cessite toujours le consentement de la personne. <\/strong>Cela signifie que chacun a le droit de choisir s\u2019il veut le faire ou non. Aucun test ne peut \u00eatre fait sans l\u2019accord du patient. Cela est aussi vrai dans les h\u00f4pitaux et les cabinets m\u00e9dicaux.<\/p>\n<p>Il existe diff\u00e9rents types de tests du VIH :<\/p>\n<ul>\n<li>Tests en laboratoire<\/li>\n<li>Tests rapides<\/li>\n<li>Autotests<\/li>\n<\/ul>\n<p>La plupart des <a href=\"https:\/\/niedersachsen-aidshilfe-migration.de\/fr\/aidshilfen-en-basse-saxe\/\">Aidshilfen<\/a> et de nombreux services d\u2019hygi\u00e8ne et de sant\u00e9 publique proposent des tests du VIH. Les tests sont anonymes. Vous n\u2019avez donc pas besoin de donner votre nom. Personne d\u2019autre que vous ne conna\u00eet le r\u00e9sultat de votre test.<\/p>\n<p>Vous trouverez plus d\u2019informations sur le test du VIH en plusieurs langues (dont le fran\u00e7ais) sur :<br \/>\n<a href=\"http:\/\/www.zanzu.de\" target=\"_blank\" rel=\"noopener\">http:\/\/www.zanzu.de<\/a><\/p>\n<p>Vous trouverez plus d\u2019informations sur le test du VIH en allemand simple sur :<br \/>\n<a href=\"https:\/\/leichte-sprache.aidshilfe.de\/der-hiv-test-wissen-ob-man-hiv-hat\" target=\"_blank\" rel=\"noopener\">https:\/\/leichte-sprache.aidshilfe.de\/der-hiv-test-wissen-ob-man-hiv-hat<\/a><\/p>\n<p>Vous trouverez plus d\u2019informations sur le test du VIH en allemand courant sur :<br \/>\n<a href=\"https:\/\/www.aidshilfe.de\/hiv-test\" target=\"_blank\" rel=\"noopener\">https:\/\/www.aidshilfe.de\/hiv-test<\/a><\/p>\n","protected":false},"excerpt":{"rendered":"<p>Vous avez eu un probl\u00e8me avec un pr\u00e9servatif externe ou interne ? Il peut \u00eatre judicieux de faire un test du VIH. Vous avez des rapports sexuels avec diff\u00e9rents partenaires ? Il est recommand\u00e9 de faire le test du VIH une fois par an. Les bonnes raisons de faire un test du VIH sont nombreuses [&hellip;]<\/p>\n","protected":false},"author":1,"featured_media":0,"parent":1415,"menu_order":112,"comment_status":"closed","ping_status":"closed","template":"","meta":{"inline_featured_image":false,"_genesis_hide_title":false,"_genesis_hide_breadcrumbs":false,"_genesis_hide_singular_image":false,"_genesis_hide_footer_widgets":false,"_genesis_custom_body_class":"","_genesis_custom_post_class":"","_genesis_layout":"","footnotes":""},"class_list":{"0":"post-1427","1":"page","2":"type-page","3":"status-publish","5":"entry","6":"override"},"_links":{"self":[{"href":"https:\/\/niedersachsen-aidshilfe-migration.de\/fr\/wp-json\/wp\/v2\/pages\/1427","targetHints":{"allow":["GET"]}}],"collection":[{"href":"https:\/\/niedersachsen-aidshilfe-migration.de\/fr\/wp-json\/wp\/v2\/pages"}],"about":[{"href":"https:\/\/niedersachsen-aidshilfe-migration.de\/fr\/wp-json\/wp\/v2\/types\/page"}],"author":[{"embeddable":true,"href":"https:\/\/niedersachsen-aidshilfe-migration.de\/fr\/wp-json\/wp\/v2\/users\/1"}],"replies":[{"embeddable":true,"href":"https:\/\/niedersachsen-aidshilfe-migration.de\/fr\/wp-json\/wp\/v2\/comments?post=1427"}],"version-history":[{"count":0,"href":"https:\/\/niedersachsen-aidshilfe-migration.de\/fr\/wp-json\/wp\/v2\/pages\/1427\/revisions"}],"up":[{"embeddable":true,"href":"https:\/\/niedersachsen-aidshilfe-migration.de\/fr\/wp-json\/wp\/v2\/pages\/1415"}],"wp:attachment":[{"href":"https:\/\/niedersachsen-aidshilfe-migration.de\/fr\/wp-json\/wp\/v2\/media?parent=1427"}],"curies":[{"name":"wp","href":"https:\/\/api.w.org\/{rel}","templated":true}]}}