{"id":1422,"date":"2022-01-07T09:42:41","date_gmt":"2022-01-07T08:42:41","guid":{"rendered":"https:\/\/niedersachsen-aidshilfe-migration.de\/?page_id=1422"},"modified":"2022-02-13T15:04:34","modified_gmt":"2022-02-13T14:04:34","slug":"se-proteger-avec-le-preservatif-externe-et-le-preservatif-interne-feminin","status":"publish","type":"page","link":"https:\/\/niedersachsen-aidshilfe-migration.de\/fr\/vih-sida\/se-proteger-avec-le-preservatif-externe-et-le-preservatif-interne-feminin\/","title":{"rendered":"Se prot\u00e9ger avec le pr\u00e9servatif externe et le pr\u00e9servatif interne (\u00ab f\u00e9minin \u00bb)"},"content":{"rendered":"<p>Les pr\u00e9servatifs vous prot\u00e8gent d\u2019une infection par le VIH lors des rapports sexuels avec p\u00e9n\u00e9tration vaginale ou anale. Le pr\u00e9servatif interne (dit \u00ab\u00a0f\u00e9minin\u00a0\u00bb) vous prot\u00e8ge d\u2019une infection par le VIH lors des rapports sexuels avec p\u00e9n\u00e9tration vaginale. Les pr\u00e9servatifs vous prot\u00e8gent aussi lorsque vous partagez des sextoys avec quelqu\u2019un.<\/p>\n<p><strong>Vous trouverez plus d\u2019informations pour bien utiliser le pr\u00e9servatif externe et le pr\u00e9servatif interne <u>ici<\/u>.<\/strong><\/p>\n","protected":false},"excerpt":{"rendered":"<p>Les pr\u00e9servatifs vous prot\u00e8gent d\u2019une infection par le VIH lors des rapports sexuels avec p\u00e9n\u00e9tration vaginale ou anale. Le pr\u00e9servatif interne (dit \u00ab\u00a0f\u00e9minin\u00a0\u00bb) vous prot\u00e8ge d\u2019une infection par le VIH lors des rapports sexuels avec p\u00e9n\u00e9tration vaginale. Les pr\u00e9servatifs vous prot\u00e8gent aussi lorsque vous partagez des sextoys avec quelqu\u2019un. Vous trouverez plus d\u2019informations pour bien [&hellip;]<\/p>\n","protected":false},"author":1,"featured_media":0,"parent":1415,"menu_order":100,"comment_status":"closed","ping_status":"closed","template":"","meta":{"inline_featured_image":false,"_genesis_hide_title":false,"_genesis_hide_breadcrumbs":false,"_genesis_hide_singular_image":false,"_genesis_hide_footer_widgets":false,"_genesis_custom_body_class":"","_genesis_custom_post_class":"","_genesis_layout":"","footnotes":""},"class_list":{"0":"post-1422","1":"page","2":"type-page","3":"status-publish","5":"entry","6":"override"},"_links":{"self":[{"href":"https:\/\/niedersachsen-aidshilfe-migration.de\/fr\/wp-json\/wp\/v2\/pages\/1422","targetHints":{"allow":["GET"]}}],"collection":[{"href":"https:\/\/niedersachsen-aidshilfe-migration.de\/fr\/wp-json\/wp\/v2\/pages"}],"about":[{"href":"https:\/\/niedersachsen-aidshilfe-migration.de\/fr\/wp-json\/wp\/v2\/types\/page"}],"author":[{"embeddable":true,"href":"https:\/\/niedersachsen-aidshilfe-migration.de\/fr\/wp-json\/wp\/v2\/users\/1"}],"replies":[{"embeddable":true,"href":"https:\/\/niedersachsen-aidshilfe-migration.de\/fr\/wp-json\/wp\/v2\/comments?post=1422"}],"version-history":[{"count":0,"href":"https:\/\/niedersachsen-aidshilfe-migration.de\/fr\/wp-json\/wp\/v2\/pages\/1422\/revisions"}],"up":[{"embeddable":true,"href":"https:\/\/niedersachsen-aidshilfe-migration.de\/fr\/wp-json\/wp\/v2\/pages\/1415"}],"wp:attachment":[{"href":"https:\/\/niedersachsen-aidshilfe-migration.de\/fr\/wp-json\/wp\/v2\/media?parent=1422"}],"curies":[{"name":"wp","href":"https:\/\/api.w.org\/{rel}","templated":true}]}}