{"id":1420,"date":"2022-01-07T09:41:41","date_gmt":"2022-01-07T08:41:41","guid":{"rendered":"https:\/\/niedersachsen-aidshilfe-migration.de\/?page_id=1420"},"modified":"2022-02-28T14:21:05","modified_gmt":"2022-02-28T13:21:05","slug":"transmission-du-vih-sida","status":"publish","type":"page","link":"https:\/\/niedersachsen-aidshilfe-migration.de\/fr\/vih-sida\/transmission-du-vih-sida\/","title":{"rendered":"Transmission du VIH\/Sida"},"content":{"rendered":"<p>Le VIH est le virus responsable du Sida. Il se transmet principalement lors de rapports sexuels non prot\u00e9g\u00e9s avec p\u00e9n\u00e9tration vaginale ou anale. Une infection par le VIH est aussi possible quand on prend de la drogue. Les b\u00e9b\u00e9s peuvent contracter le VIH au cours de l\u2019accouchement ou de l\u2019allaitement. Le risque de transmission lors de relations sexuelles orales est tr\u00e8s faible.<\/p>\n<p>On ne contracte pas le VIH dans la vie quotidienne. Il n\u2019y a pas de risque de s\u2019infecter ni \u00e0 la maison, ni au travail, ni au cours d\u2019une activit\u00e9 de loisir ou sportive. Vous ne devez donc pas avoir peur du VIH dans votre vie de tous les jours.<\/p>\n<p>Vous trouverez plus d\u2019informations sur la transmission du VIH\/Sida en diff\u00e9rentes langues (dont le fran\u00e7ais) sur\u00a0: <a href=\"https:\/\/www.zanzu.de\/\" target=\"_blank\" rel=\"noopener\">www.zanzu.de<\/a><\/p>\n<p>Vous trouverez plus d\u2019informations sur la transmission du VIH\/Sida en allemand simple sur\u00a0:<\/p>\n<p><a href=\"https:\/\/leichte-sprache.aidshilfe.de\/\" target=\"_blank\" rel=\"noopener\">https:\/\/leichte-sprache.aidshilfe.de<\/a><\/p>\n<p>Vous trouverez plus d\u2019informations sur la transmission du VIH\/Sida en allemand courant sur\u00a0:<\/p>\n<p><a href=\"https:\/\/www.aidshilfe.de\/hiv-uebertragung\">https:\/\/www.aidshilfe.de\/hiv-uebertragung<\/a><\/p>\n","protected":false},"excerpt":{"rendered":"<p>Le VIH est le virus responsable du Sida. Il se transmet principalement lors de rapports sexuels non prot\u00e9g\u00e9s avec p\u00e9n\u00e9tration vaginale ou anale. Une infection par le VIH est aussi possible quand on prend de la drogue. Les b\u00e9b\u00e9s peuvent contracter le VIH au cours de l\u2019accouchement ou de l\u2019allaitement. Le risque de transmission lors [&hellip;]<\/p>\n","protected":false},"author":1,"featured_media":0,"parent":1415,"menu_order":95,"comment_status":"closed","ping_status":"closed","template":"","meta":{"inline_featured_image":false,"_genesis_hide_title":false,"_genesis_hide_breadcrumbs":false,"_genesis_hide_singular_image":false,"_genesis_hide_footer_widgets":false,"_genesis_custom_body_class":"","_genesis_custom_post_class":"","_genesis_layout":"","footnotes":""},"class_list":{"0":"post-1420","1":"page","2":"type-page","3":"status-publish","5":"entry","6":"override"},"_links":{"self":[{"href":"https:\/\/niedersachsen-aidshilfe-migration.de\/fr\/wp-json\/wp\/v2\/pages\/1420","targetHints":{"allow":["GET"]}}],"collection":[{"href":"https:\/\/niedersachsen-aidshilfe-migration.de\/fr\/wp-json\/wp\/v2\/pages"}],"about":[{"href":"https:\/\/niedersachsen-aidshilfe-migration.de\/fr\/wp-json\/wp\/v2\/types\/page"}],"author":[{"embeddable":true,"href":"https:\/\/niedersachsen-aidshilfe-migration.de\/fr\/wp-json\/wp\/v2\/users\/1"}],"replies":[{"embeddable":true,"href":"https:\/\/niedersachsen-aidshilfe-migration.de\/fr\/wp-json\/wp\/v2\/comments?post=1420"}],"version-history":[{"count":0,"href":"https:\/\/niedersachsen-aidshilfe-migration.de\/fr\/wp-json\/wp\/v2\/pages\/1420\/revisions"}],"up":[{"embeddable":true,"href":"https:\/\/niedersachsen-aidshilfe-migration.de\/fr\/wp-json\/wp\/v2\/pages\/1415"}],"wp:attachment":[{"href":"https:\/\/niedersachsen-aidshilfe-migration.de\/fr\/wp-json\/wp\/v2\/media?parent=1420"}],"curies":[{"name":"wp","href":"https:\/\/api.w.org\/{rel}","templated":true}]}}